{"id":50157,"date":"2024-03-25T13:29:24","date_gmt":"2024-03-25T05:29:24","guid":{"rendered":"https:\/\/gretasexylingerie.com\/?post_type=product&#038;p=50157"},"modified":"2024-03-25T23:34:51","modified_gmt":"2024-03-25T15:34:51","slug":"vente-en-gros-ouvre-bouche-bdsm-avec-bouchon-de-bouche-de-chat","status":"publish","type":"product","link":"https:\/\/gretasexylingerie.com\/fr\/products\/wholesale-bdsm-mouth-opener-with-cat-mouth-plug\/","title":{"rendered":"Ouvre-bouche BDSM en gros avec bouchon de bouche de chat"},"content":{"rendered":"<p><strong>Conception unique de bouchon de bouche de chat<\/strong>: Ce plug buccal distinctif s&#039;inspire de la gueule d&#039;un chat, offrant un ajout ludique mais intense \u00e0 tout jeu BDSM. Son design ajoute non seulement une intrigue visuelle, mais garantit \u00e9galement une exp\u00e9rience m\u00e9morable aux utilisateurs \u00e0 la recherche d&#039;un <strong>grand b\u00e2illon \u00e0 joint torique<\/strong>.<\/p>\n\n\n\n<p><strong>Anneau m\u00e9tallique pour crochet de nez<\/strong>: L&#039;inclusion d&#039;un crochet nasal avec un anneau m\u00e9tallique intensifie l&#039;exp\u00e9rience, ajoutant un autre niveau de contr\u00f4le et de domination. Cette fonctionnalit\u00e9 est parfaite pour ceux qui appr\u00e9cient la profondeur de leur jeu BDSM et cherchent \u00e0 explorer de plus grandes limites.<\/p>\n\n\n\n<p><strong>Taille r\u00e9glable pour plus de confort<\/strong>: Le confort ne doit pas \u00eatre compromis pour l&#039;intensit\u00e9. Cet ouvre-bouche est con\u00e7u avec des fonctionnalit\u00e9s r\u00e9glables pour garantir un ajustement parfait, r\u00e9pondant \u00e0 un large \u00e9ventail de tailles et de pr\u00e9f\u00e9rences. Cette possibilit\u00e9 de r\u00e9glage en fait un <strong>b\u00e2illon-boule de haute qualit\u00e9<\/strong> alternative pour ceux qui privil\u00e9gient le confort et la s\u00e9curit\u00e9.<\/p>\n\n\n\n<p><strong>Mat\u00e9riaux durables et s\u00fbrs<\/strong>: Fabriqu\u00e9 \u00e0 partir de mat\u00e9riaux s\u00fbrs et durables, cet ouvre-bouche est con\u00e7u pour durer de nombreuses s\u00e9ances. Sa construction de haute qualit\u00e9 en fait une pi\u00e8ce incontournable pour les d\u00e9butants comme pour les passionn\u00e9s chevronn\u00e9s.<\/p>\n\n\n\n<p><strong>Exp\u00e9rience BDSM am\u00e9lior\u00e9e<\/strong>: Id\u00e9al pour ceux qui cherchent \u00e0 ajouter une couche suppl\u00e9mentaire d&#039;excitation \u00e0 leur jeu, cet ouvre-bouche offre une exp\u00e9rience am\u00e9lior\u00e9e. C&#039;est un choix parfait pour tous ceux qui cherchent \u00e0 \u00e9lever leurs activit\u00e9s BDSM avec un <strong>ouvre-bouche bdsm<\/strong> qui allie fonctionnalit\u00e9 et \u00e9l\u00e9ments de design uniques.<\/p>","protected":false},"excerpt":{"rendered":"<p>\u00c9levez votre collection avec notre ouvre-bouche BDSM, dot\u00e9 d&#039;un bouchon buccal de chat unique et d&#039;un anneau m\u00e9tallique pour crochet nasal, con\u00e7u pour une taille et un confort r\u00e9glables.<\/p>","protected":false},"featured_media":50147,"template":"","meta":[],"product_brand":[],"product_cat":[1059,1064],"product_tag":[],"class_list":{"0":"post-50157","1":"product","2":"type-product","3":"status-publish","4":"has-post-thumbnail","6":"product_cat-wholesale-bondage-equipment","7":"product_cat-wholesale-gag-gifts","8":"pa_color-black","9":"pa_size-free","11":"first","12":"instock","13":"taxable","14":"shipping-taxable","15":"purchasable","16":"product-type-variable"},"tiered_pricing_type":"fixed","tiered_pricing_fixed_rules":[],"tiered_pricing_product_settings":{"layout":"table","base_unit_name":{"singular":null,"plural":null},"default_variation":null},"tiered_pricing_minimum_quantity":null,"tiered_pricing_roles_data":[],"tiered_pricing_percentage_rules":[],"tiered_pricing_maximum_quantity":null,"tiered_pricing_quantity_step":null,"_links":{"self":[{"href":"https:\/\/gretasexylingerie.com\/fr\/wp-json\/wp\/v2\/product\/50157","targetHints":{"allow":["GET"]}}],"collection":[{"href":"https:\/\/gretasexylingerie.com\/fr\/wp-json\/wp\/v2\/product"}],"about":[{"href":"https:\/\/gretasexylingerie.com\/fr\/wp-json\/wp\/v2\/types\/product"}],"wp:featuredmedia":[{"embeddable":true,"href":"https:\/\/gretasexylingerie.com\/fr\/wp-json\/wp\/v2\/media\/50147"}],"wp:attachment":[{"href":"https:\/\/gretasexylingerie.com\/fr\/wp-json\/wp\/v2\/media?parent=50157"}],"wp:term":[{"taxonomy":"product_brand","embeddable":true,"href":"https:\/\/gretasexylingerie.com\/fr\/wp-json\/wp\/v2\/product_brand?post=50157"},{"taxonomy":"product_cat","embeddable":true,"href":"https:\/\/gretasexylingerie.com\/fr\/wp-json\/wp\/v2\/product_cat?post=50157"},{"taxonomy":"product_tag","embeddable":true,"href":"https:\/\/gretasexylingerie.com\/fr\/wp-json\/wp\/v2\/product_tag?post=50157"}],"curies":[{"name":"wp","href":"https:\/\/api.w.org\/{rel}","templated":true}]}}