{"id":50143,"date":"2024-03-25T13:28:35","date_gmt":"2024-03-25T05:28:35","guid":{"rendered":"https:\/\/gretasexylingerie.com\/?post_type=product&#038;p=50143"},"modified":"2024-03-25T23:31:30","modified_gmt":"2024-03-25T15:31:30","slug":"vente-en-gros-fouets-en-metal-avec-poignee-en-strass","status":"publish","type":"product","link":"https:\/\/gretasexylingerie.com\/fr\/products\/wholesale-metal-floggers-with-rhinestone-handle\/","title":{"rendered":"Fouets en m\u00e9tal en gros avec poign\u00e9e en strass"},"content":{"rendered":"<p><strong>Poign\u00e9e luxueuse incrust\u00e9e de strass<\/strong>: Le manche de ce fouet est orn\u00e9 de strass scintillants, offrant une touche \u00e9l\u00e9gante \u00e0 votre jeu BDSM. Le design luxueux am\u00e9liore non seulement l&#039;attrait visuel, mais offre \u00e9galement une prise en main confortable pour un contr\u00f4le pr\u00e9cis pendant l&#039;utilisation.<\/p>\n\n\n\n<p><strong>Fouet en m\u00e9tal durable avec cha\u00eene en fer<\/strong>: Fabriqu\u00e9 avec un fouet en m\u00e9tal et une cha\u00eene en fer, cet outil est con\u00e7u pour ceux qui recherchent l&#039;intensit\u00e9 et la durabilit\u00e9 dans leur jeu. La cha\u00eene en fer procure une sensation unique \u00e0 la fois intense et satisfaisante, ce qui en fait un choix recherch\u00e9 par les amateurs de <strong>outils de fess\u00e9e pour adultes<\/strong>.<\/p>\n\n\n\n<p><strong>Utilisation polyvalente<\/strong>: Que vous vous livriez \u00e0 des jeux l\u00e9gers ou \u00e0 des sessions plus intenses, ce flogger en m\u00e9tal offre une polyvalence. Sa conception s&#039;adapte \u00e0 un large \u00e9ventail de pr\u00e9f\u00e9rences et d&#039;intensit\u00e9s, ce qui le rend adapt\u00e9 aussi bien aux utilisateurs d\u00e9butants qu&#039;exp\u00e9riment\u00e9s.<\/p>\n\n\n\n<p><strong>Parfait pour les collections BDSM<\/strong>: Un ajout essentiel \u00e0 toute collection BDSM, ce fouet est id\u00e9al pour ceux qui cherchent \u00e0 explorer les dynamiques de pouvoir avec style et substance. C&#039;est une pi\u00e8ce tendance qui allie fonctionnalit\u00e9 et attrait esth\u00e9tique.<\/p>\n\n\n\n<p><strong>Facile \u00e0 nettoyer et \u00e0 entretenir<\/strong>: Les mat\u00e9riaux en m\u00e9tal et en strass ajoutent non seulement \u00e0 la durabilit\u00e9 du fouet, mais le rendent \u00e9galement facile \u00e0 nettoyer et \u00e0 entretenir, garantissant ainsi qu&#039;il reste un choix hygi\u00e9nique pour toutes vos s\u00e9ances.<\/p>\n\n\n\n<p><strong>Am\u00e9liorez votre jeu<\/strong>: Avec son design saisissant et ses performances efficaces, ce flogger en m\u00e9tal est parfait pour ceux qui cherchent \u00e0 am\u00e9liorer leur jeu avec un outil aussi beau qu&#039;efficace. C&#039;est un incontournable pour tous ceux qui s&#039;int\u00e9ressent \u00e0 <strong>canne en m\u00e9tal BDSM<\/strong> et jeu de fess\u00e9e.<\/p>","protected":false},"excerpt":{"rendered":"<p>\u00c9levez votre collection BDSM avec notre <strong>fouets en m\u00e9tal<\/strong>, dot\u00e9 d&#039;une luxueuse poign\u00e9e incrust\u00e9e de strass et d&#039;un fouet \u00e0 cha\u00eene en fer durable.<\/p>","protected":false},"featured_media":50138,"template":"","meta":[],"product_brand":[],"product_cat":[1059,1067],"product_tag":[],"class_list":{"0":"post-50143","1":"product","2":"type-product","3":"status-publish","4":"has-post-thumbnail","6":"product_cat-wholesale-bondage-equipment","7":"product_cat-wholesale-spanking-whips-paddles","8":"pa_color-grey","9":"pa_size-free","11":"first","12":"instock","13":"taxable","14":"shipping-taxable","15":"purchasable","16":"product-type-variable"},"tiered_pricing_type":"fixed","tiered_pricing_fixed_rules":[],"tiered_pricing_product_settings":{"layout":"table","base_unit_name":{"singular":null,"plural":null},"default_variation":null},"tiered_pricing_minimum_quantity":null,"tiered_pricing_roles_data":[],"tiered_pricing_percentage_rules":[],"tiered_pricing_maximum_quantity":null,"tiered_pricing_quantity_step":null,"_links":{"self":[{"href":"https:\/\/gretasexylingerie.com\/fr\/wp-json\/wp\/v2\/product\/50143","targetHints":{"allow":["GET"]}}],"collection":[{"href":"https:\/\/gretasexylingerie.com\/fr\/wp-json\/wp\/v2\/product"}],"about":[{"href":"https:\/\/gretasexylingerie.com\/fr\/wp-json\/wp\/v2\/types\/product"}],"wp:featuredmedia":[{"embeddable":true,"href":"https:\/\/gretasexylingerie.com\/fr\/wp-json\/wp\/v2\/media\/50138"}],"wp:attachment":[{"href":"https:\/\/gretasexylingerie.com\/fr\/wp-json\/wp\/v2\/media?parent=50143"}],"wp:term":[{"taxonomy":"product_brand","embeddable":true,"href":"https:\/\/gretasexylingerie.com\/fr\/wp-json\/wp\/v2\/product_brand?post=50143"},{"taxonomy":"product_cat","embeddable":true,"href":"https:\/\/gretasexylingerie.com\/fr\/wp-json\/wp\/v2\/product_cat?post=50143"},{"taxonomy":"product_tag","embeddable":true,"href":"https:\/\/gretasexylingerie.com\/fr\/wp-json\/wp\/v2\/product_tag?post=50143"}],"curies":[{"name":"wp","href":"https:\/\/api.w.org\/{rel}","templated":true}]}}