{"id":50135,"date":"2024-03-25T13:28:13","date_gmt":"2024-03-25T05:28:13","guid":{"rendered":"https:\/\/gretasexylingerie.com\/?post_type=product&#038;p=50135"},"modified":"2024-03-25T23:29:35","modified_gmt":"2024-03-25T15:29:35","slug":"vente-en-gros-collier-de-chaine-de-bondage-en-cuir-noir","status":"publish","type":"product","link":"https:\/\/gretasexylingerie.com\/fr\/products\/wholesale-black-leather-bondage-chain-collar\/","title":{"rendered":"Collier de cha\u00eene de bondage en cuir noir en gros pour soumis"},"content":{"rendered":"<p><strong>Conception du cou d&#039;amour<\/strong>: Con\u00e7u en mettant l&#039;accent \u00e0 la fois sur l&#039;esth\u00e9tique et la fonctionnalit\u00e9, notre collier incarne l&#039;essence de la soumission avec une touche d&#039;\u00e9l\u00e9gance. Le design du cou d&#039;amour signifie engagement et soin, ce qui en fait un choix significatif pour les membres de la communaut\u00e9 BDSM.<\/p>\n\n\n\n<p><strong>Construction en cuir PU<\/strong>: Fabriqu\u00e9 \u00e0 partir de cuir PU de haute qualit\u00e9, ce <strong>collier soumis<\/strong> offre durabilit\u00e9 et confort. Son aspect noir \u00e9l\u00e9gant offre un look classique, tandis que le mat\u00e9riau assure long\u00e9vit\u00e9 et facilit\u00e9 d&#039;entretien.<\/p>\n\n\n\n<p><strong>Fonction de traction par cha\u00eene<\/strong>: L&#039;inclusion d&#039;un collier de traction en cha\u00eene ajoute un \u00e9l\u00e9ment de contr\u00f4le pratique, permettant des mouvements guid\u00e9s et une dynamique am\u00e9lior\u00e9e pendant le jeu. Cette fonctionnalit\u00e9 est essentielle pour ceux qui cherchent \u00e0 explorer l\u2019\u00e9change de pouvoir en toute confiance et s\u00e9curit\u00e9.<\/p>\n\n\n\n<p><strong>Utilisation polyvalente<\/strong>: Qu&#039;il soit utilis\u00e9 comme pi\u00e8ce ma\u00eetresse ou dans le cadre d&#039;une configuration de bondage plus \u00e9tendue, ce collier est suffisamment polyvalent pour r\u00e9pondre \u00e0 divers besoins. Il convient aussi bien aux d\u00e9butants qu&#039;aux praticiens exp\u00e9riment\u00e9s, offrant un ajustement s\u00fbr et des performances fiables.<\/p>\n\n\n\n<p><strong>R\u00e9glable pour le confort<\/strong>: Con\u00e7u pour s&#039;adapter \u00e0 une gamme de tailles de cou, le col est r\u00e9glable, assurant un ajustement serr\u00e9 et confortable. Cet ajustement est crucial pour les longues s\u00e9ances, offrant au porteur un sentiment de s\u00e9curit\u00e9 sans compromettre le confort.<\/p>\n\n\n\n<p><strong>Parfait pour les collections th\u00e9matiques<\/strong>: Un excellent ajout \u00e0 toute collection d&#039;\u00e9quipements BDSM, ce <strong>collier de cha\u00eene de bondage<\/strong> pla\u00eet \u00e0 ceux qui cherchent \u00e0 exprimer leur c\u00f4t\u00e9 soumis ou dominant avec style. C&#039;est un incontournable pour les d\u00e9taillants qui s&#039;adressent aux aventuriers et aux avant-gardistes.<\/p>","protected":false},"excerpt":{"rendered":"<p>\u00c9levez votre collection BDSM avec notre <strong>collier de bondage en cuir noir<\/strong>, avec un design \u00e0 col d&#039;amour et une traction en cha\u00eene pour un contr\u00f4le et une soumission ultimes.<\/p>","protected":false},"featured_media":50130,"template":"","meta":[],"product_brand":[],"product_cat":[1059,1066],"product_tag":[],"class_list":{"0":"post-50135","1":"product","2":"type-product","3":"status-publish","4":"has-post-thumbnail","6":"product_cat-wholesale-bondage-equipment","7":"product_cat-handcuffs-bondage-collars-ankle-strap","8":"pa_color-black","9":"pa_size-free","11":"first","12":"instock","13":"taxable","14":"shipping-taxable","15":"purchasable","16":"product-type-variable"},"tiered_pricing_type":"fixed","tiered_pricing_fixed_rules":[],"tiered_pricing_product_settings":{"layout":"table","base_unit_name":{"singular":null,"plural":null},"default_variation":null},"tiered_pricing_minimum_quantity":null,"tiered_pricing_roles_data":[],"tiered_pricing_percentage_rules":[],"tiered_pricing_maximum_quantity":null,"tiered_pricing_quantity_step":null,"_links":{"self":[{"href":"https:\/\/gretasexylingerie.com\/fr\/wp-json\/wp\/v2\/product\/50135","targetHints":{"allow":["GET"]}}],"collection":[{"href":"https:\/\/gretasexylingerie.com\/fr\/wp-json\/wp\/v2\/product"}],"about":[{"href":"https:\/\/gretasexylingerie.com\/fr\/wp-json\/wp\/v2\/types\/product"}],"wp:featuredmedia":[{"embeddable":true,"href":"https:\/\/gretasexylingerie.com\/fr\/wp-json\/wp\/v2\/media\/50130"}],"wp:attachment":[{"href":"https:\/\/gretasexylingerie.com\/fr\/wp-json\/wp\/v2\/media?parent=50135"}],"wp:term":[{"taxonomy":"product_brand","embeddable":true,"href":"https:\/\/gretasexylingerie.com\/fr\/wp-json\/wp\/v2\/product_brand?post=50135"},{"taxonomy":"product_cat","embeddable":true,"href":"https:\/\/gretasexylingerie.com\/fr\/wp-json\/wp\/v2\/product_cat?post=50135"},{"taxonomy":"product_tag","embeddable":true,"href":"https:\/\/gretasexylingerie.com\/fr\/wp-json\/wp\/v2\/product_tag?post=50135"}],"curies":[{"name":"wp","href":"https:\/\/api.w.org\/{rel}","templated":true}]}}