{"id":50075,"date":"2024-03-25T13:25:04","date_gmt":"2024-03-25T05:25:04","guid":{"rendered":"https:\/\/gretasexylingerie.com\/?post_type=product&#038;p=50075"},"modified":"2024-03-25T23:12:14","modified_gmt":"2024-03-25T15:12:14","slug":"vente-en-gros-jouet-fouet-en-cuir-sm","status":"publish","type":"product","link":"https:\/\/gretasexylingerie.com\/fr\/products\/wholesale-sm-leather-whip-flogger-toy\/","title":{"rendered":"Vente en gros Jouet Flogger Fouet En Cuir SM"},"content":{"rendered":"<p><strong>Poign\u00e9e tress\u00e9e pour une meilleure adh\u00e9rence<\/strong>: La poign\u00e9e m\u00e9ticuleusement tress\u00e9e ajoute non seulement \u00e0 l&#039;attrait esth\u00e9tique de notre fouet, mais offre \u00e9galement une prise am\u00e9lior\u00e9e pour un contr\u00f4le pr\u00e9cis. Cet \u00e9l\u00e9ment de conception est crucial pour ceux qui recherchent le <strong>meilleurs jouets de fess\u00e9e<\/strong> qui offrent \u00e0 la fois style et fonctionnalit\u00e9.<\/p>\n\n\n\n<p><strong>Conception de fouet \u00e0 pampilles pour une utilisation dynamique<\/strong>: L&#039;extr\u00e9mit\u00e9 du fouet \u00e0 pompon introduit une utilisation dynamique et polyvalente, permettant une gamme de sensations allant des caresses douces aux impacts plus intenses. Cette fonctionnalit\u00e9 en fait un choix populaire parmi les passionn\u00e9s \u00e0 la recherche de <strong>jouets fouet<\/strong> qui peut r\u00e9pondre \u00e0 diverses pr\u00e9f\u00e9rences.<\/p>\n\n\n\n<p><strong>Cuir PU de qualit\u00e9 sup\u00e9rieure pour plus de durabilit\u00e9<\/strong>: Fabriqu\u00e9 \u00e0 partir de cuir PU de haute qualit\u00e9, ce fouet est con\u00e7u pour la durabilit\u00e9 et la long\u00e9vit\u00e9. Le choix des mat\u00e9riaux garantit que le fouet peut r\u00e9sister \u00e0 une utilisation rigoureuse tout en conservant son int\u00e9grit\u00e9 et son apparence, s\u00e9duisant ceux qui recherchent un produit fiable. <strong>fess\u00e9e en cuir<\/strong> des produits.<\/p>\n\n\n\n<p><strong>Disponible dans des couleurs vives<\/strong>: Propos\u00e9 dans un noir \u00e9clatant, ainsi qu&#039;une combinaison audacieuse de rouge et de noir, ce fouet s&#039;adresse \u00e0 diff\u00e9rents go\u00fbts et styles. Les options de couleurs ajoutent un \u00e9l\u00e9ment visuel \u00e0 l\u2019exp\u00e9rience sensorielle, rendant chaque session unique et m\u00e9morable.<\/p>\n\n\n\n<p><strong>Parfait pour un jeu diversifi\u00e9<\/strong>: Que ce soit pour les d\u00e9butants explorant de nouvelles exp\u00e9riences ou pour les passionn\u00e9s chevronn\u00e9s qui compl\u00e8tent leur collection, ce fouet en cuir s&#039;adapte \u00e0 un large \u00e9ventail de sc\u00e9narios de jeu. Sa polyvalence et sa qualit\u00e9 en font un incontournable de toute collection de <strong>jouets fess\u00e9e<\/strong>.<\/p>\n\n\n\n<p>Entrez dans un monde de sensations exaltantes avec notre fouet en cuir SM. Sa combinaison de style, de fonctionnalit\u00e9 et de savoir-faire de qualit\u00e9 en fait un ajout remarquable \u00e0 toute collection. Commandez d\u00e8s maintenant et offrez \u00e0 vos clients l&#039;outil ultime d&#039;exploration et de plaisir !<\/p>","protected":false},"excerpt":{"rendered":"<p>Lib\u00e9rez le frisson avec notre <strong>Fouet en cuir SM<\/strong>, dot\u00e9 d&#039;une poign\u00e9e tress\u00e9e et d&#039;un fouet \u00e0 pompon, fabriqu\u00e9 \u00e0 partir de cuir PU de premi\u00e8re qualit\u00e9 dans des options noires audacieuses et rouges et noires.<\/p>","protected":false},"featured_media":50067,"template":"","meta":[],"product_brand":[],"product_cat":[1059,1067],"product_tag":[],"class_list":{"0":"post-50075","1":"product","2":"type-product","3":"status-publish","4":"has-post-thumbnail","6":"product_cat-wholesale-bondage-equipment","7":"product_cat-wholesale-spanking-whips-paddles","8":"pa_color-black","9":"pa_color-red-women-sexy-lingerie","10":"pa_size-free","12":"first","13":"instock","14":"taxable","15":"shipping-taxable","16":"purchasable","17":"product-type-variable"},"tiered_pricing_type":"fixed","tiered_pricing_fixed_rules":[],"tiered_pricing_product_settings":{"layout":"table","base_unit_name":{"singular":null,"plural":null},"default_variation":null},"tiered_pricing_minimum_quantity":null,"tiered_pricing_roles_data":[],"tiered_pricing_percentage_rules":[],"tiered_pricing_maximum_quantity":null,"tiered_pricing_quantity_step":null,"_links":{"self":[{"href":"https:\/\/gretasexylingerie.com\/fr\/wp-json\/wp\/v2\/product\/50075","targetHints":{"allow":["GET"]}}],"collection":[{"href":"https:\/\/gretasexylingerie.com\/fr\/wp-json\/wp\/v2\/product"}],"about":[{"href":"https:\/\/gretasexylingerie.com\/fr\/wp-json\/wp\/v2\/types\/product"}],"wp:featuredmedia":[{"embeddable":true,"href":"https:\/\/gretasexylingerie.com\/fr\/wp-json\/wp\/v2\/media\/50067"}],"wp:attachment":[{"href":"https:\/\/gretasexylingerie.com\/fr\/wp-json\/wp\/v2\/media?parent=50075"}],"wp:term":[{"taxonomy":"product_brand","embeddable":true,"href":"https:\/\/gretasexylingerie.com\/fr\/wp-json\/wp\/v2\/product_brand?post=50075"},{"taxonomy":"product_cat","embeddable":true,"href":"https:\/\/gretasexylingerie.com\/fr\/wp-json\/wp\/v2\/product_cat?post=50075"},{"taxonomy":"product_tag","embeddable":true,"href":"https:\/\/gretasexylingerie.com\/fr\/wp-json\/wp\/v2\/product_tag?post=50075"}],"curies":[{"name":"wp","href":"https:\/\/api.w.org\/{rel}","templated":true}]}}