{"id":50049,"date":"2024-03-25T13:23:48","date_gmt":"2024-03-25T05:23:48","guid":{"rendered":"https:\/\/gretasexylingerie.com\/?post_type=product&#038;p=50049"},"modified":"2024-03-25T23:01:33","modified_gmt":"2024-03-25T15:01:33","slug":"vente-en-gros-pinces-a-tetons-avec-arc","status":"publish","type":"product","link":"https:\/\/gretasexylingerie.com\/fr\/products\/wholesale-nipple-clamps-with-bow\/","title":{"rendered":"Pinces \u00e0 t\u00e9tons en gros avec ruban \u00e0 n\u0153ud"},"content":{"rendered":"<p><strong>D\u00e9coration \u00e9l\u00e9gante avec ruban \u00e0 n\u0153ud<\/strong>: Chaque pince \u00e0 t\u00e9tons est orn\u00e9e d&#039;un d\u00e9licat n\u0153ud en ruban, ajoutant une touche d&#039;\u00e9l\u00e9gance et de f\u00e9minit\u00e9 au design. Cette fonctionnalit\u00e9 s\u00e9duit ceux qui recherchent <strong>jouets pince \u00e0 t\u00e9tons<\/strong> qui sont non seulement fonctionnels mais aussi esth\u00e9tiques.<\/p>\n\n\n\n<p><strong>Pendentif cloche ludique<\/strong>: L&#039;inclusion d&#039;un pendentif cloche ajoute un \u00e9l\u00e9ment unique et ludique \u00e0 ces pinces. Le doux son des cloches am\u00e9liore l&#039;exp\u00e9rience sensorielle, faisant de ces pinces un favori parmi les utilisateurs \u00e0 la recherche d&#039;un stimulus auditif dans leur jeu.<\/p>\n\n\n\n<p><strong>Options noir et rose<\/strong>: Disponibles en noir et en rose, ces pinces \u00e0 t\u00e9tons offrent une polyvalence qui s&#039;adapte aux pr\u00e9f\u00e9rences ou aux humeurs personnelles. Les options de couleurs permettent la personnalisation et la vari\u00e9t\u00e9 de votre <strong>pince \u00e0 t\u00e9ton dur<\/strong> collection.<\/p>\n\n\n\n<p><strong>Con\u00e7u pour le plaisir et le confort<\/strong>: Bien que con\u00e7ues pour offrir une prise ferme, ces pinces sont \u00e9galement cr\u00e9\u00e9es dans un souci de confort. Ils s&#039;adressent aussi bien aux d\u00e9butants qu&#039;aux utilisateurs exp\u00e9riment\u00e9s, offrant une exp\u00e9rience r\u00e9glable pouvant aller d&#039;une pression douce \u00e0 une pression plus intense.<\/p>\n\n\n\n<p><strong>Parfait pour un jeu diversifi\u00e9<\/strong>: Ces pinces \u00e0 t\u00e9tons conviennent \u00e0 un large \u00e9ventail de sc\u00e9narios de jeu, des taquineries l\u00e9g\u00e8res aux s\u00e9ances plus intenses. Ils constituent un ajout polyvalent \u00e0 toute collection, am\u00e9liorant l\u2019exp\u00e9rience des utilisateurs cherchant \u00e0 explorer diff\u00e9rents niveaux de sensations.<\/p>\n\n\n\n<p>Faites d\u00e9couvrir \u00e0 vos clientes un m\u00e9lange d&#039;\u00e9l\u00e9gance et de stimulation ludique avec nos pinces \u00e0 t\u00e9tons. Leur design unique, combin\u00e9 \u00e0 leurs caract\u00e9ristiques fonctionnelles, en fait un incontournable pour tous ceux qui cherchent \u00e0 ajouter une touche de style \u00e0 leur jeu sensoriel. Commandez maintenant et offrez \u00e0 vos clients une exp\u00e9rience sophistiqu\u00e9e et agr\u00e9able\u00a0!<\/p>","protected":false},"excerpt":{"rendered":"<p>\u00c9levez votre collection avec notre <strong>pinces \u00e0 t\u00e9tons<\/strong>, avec d&#039;\u00e9l\u00e9gantes d\u00e9corations en ruban \u00e0 n\u0153uds et des pendentifs cloches ludiques en noir et rose, m\u00ealant style et sensation.<\/p>","protected":false},"featured_media":50044,"template":"","meta":[],"product_brand":[],"product_cat":[1059,1062],"product_tag":[],"class_list":{"0":"post-50049","1":"product","2":"type-product","3":"status-publish","4":"has-post-thumbnail","6":"product_cat-wholesale-bondage-equipment","7":"product_cat-wholesale-labia-nipple-clamps","8":"pa_color-black","9":"pa_color-pink-women-sexy-lingerie","10":"pa_size-free","12":"first","13":"instock","14":"taxable","15":"shipping-taxable","16":"purchasable","17":"product-type-variable"},"tiered_pricing_type":"fixed","tiered_pricing_fixed_rules":[],"tiered_pricing_product_settings":{"layout":"table","base_unit_name":{"singular":null,"plural":null},"default_variation":null},"tiered_pricing_minimum_quantity":null,"tiered_pricing_roles_data":[],"tiered_pricing_percentage_rules":[],"tiered_pricing_maximum_quantity":null,"tiered_pricing_quantity_step":null,"_links":{"self":[{"href":"https:\/\/gretasexylingerie.com\/fr\/wp-json\/wp\/v2\/product\/50049","targetHints":{"allow":["GET"]}}],"collection":[{"href":"https:\/\/gretasexylingerie.com\/fr\/wp-json\/wp\/v2\/product"}],"about":[{"href":"https:\/\/gretasexylingerie.com\/fr\/wp-json\/wp\/v2\/types\/product"}],"wp:featuredmedia":[{"embeddable":true,"href":"https:\/\/gretasexylingerie.com\/fr\/wp-json\/wp\/v2\/media\/50044"}],"wp:attachment":[{"href":"https:\/\/gretasexylingerie.com\/fr\/wp-json\/wp\/v2\/media?parent=50049"}],"wp:term":[{"taxonomy":"product_brand","embeddable":true,"href":"https:\/\/gretasexylingerie.com\/fr\/wp-json\/wp\/v2\/product_brand?post=50049"},{"taxonomy":"product_cat","embeddable":true,"href":"https:\/\/gretasexylingerie.com\/fr\/wp-json\/wp\/v2\/product_cat?post=50049"},{"taxonomy":"product_tag","embeddable":true,"href":"https:\/\/gretasexylingerie.com\/fr\/wp-json\/wp\/v2\/product_tag?post=50049"}],"curies":[{"name":"wp","href":"https:\/\/api.w.org\/{rel}","templated":true}]}}