{"id":50008,"date":"2024-03-25T13:21:18","date_gmt":"2024-03-25T05:21:18","guid":{"rendered":"https:\/\/gretasexylingerie.com\/?post_type=product&#038;p=50008"},"modified":"2024-03-25T22:42:51","modified_gmt":"2024-03-25T14:42:51","slug":"vente-en-gros-os-de-gag-a-bouche-ouverte-en-silicone","status":"publish","type":"product","link":"https:\/\/gretasexylingerie.com\/fr\/products\/wholesale-silicone-open-mouth-gag-bone\/","title":{"rendered":"Gros os de b\u00e2illon en silicone \u00e0 bouche ouverte en plusieurs couleurs"},"content":{"rendered":"<p><strong>Conception en forme d&#039;os<\/strong>: Ce b\u00e2illon buccal distinctif en forme d&#039;os ajoute une touche fantaisiste mais audacieuse au jeu SM. Son design unique se d\u00e9marque non seulement mais offre \u00e9galement un ajustement confortable, ce qui en fait un article recherch\u00e9 pour ceux qui explorent. <strong>b\u00e2illon de servitude<\/strong> options.<\/p>\n\n\n\n<p><strong>Mat\u00e9riau en silicone<\/strong>: Fabriqu\u00e9 \u00e0 partir de silicone de haute qualit\u00e9, ce b\u00e2illon assure s\u00e9curit\u00e9 et confort lors de l&#039;utilisation. Le mat\u00e9riau est doux, non toxique et facile \u00e0 nettoyer, attrayant pour les utilisateurs qui privil\u00e9gient l&#039;hygi\u00e8ne et la qualit\u00e9 des mat\u00e9riaux dans leur <strong>os du b\u00e2illon-boule<\/strong> s\u00e9lections.<\/p>\n\n\n\n<p><strong>Options de couleurs vives<\/strong>: Avec un choix de noir, rouge, rose et blanc, ce b\u00e2illon peut correspondre \u00e0 diff\u00e9rentes pr\u00e9f\u00e9rences et styles. Chaque couleur ajoute son propre caract\u00e8re au gag, du classique et \u00e9l\u00e9gant au ludique et audacieux.<\/p>\n\n\n\n<p><strong>Taille optimale<\/strong>: La longueur de l&#039;os d&#039;environ 12 cm et une longueur totale d&#039;environ 63 cm rendent ce b\u00e2illon adapt\u00e9 \u00e0 un large \u00e9ventail d&#039;utilisateurs. Sa taille assure un ajustement confortable mais s\u00fbr, am\u00e9liorant ainsi l&#039;exp\u00e9rience globale.<\/p>\n\n\n\n<p><strong>Parfait pour un jeu diversifi\u00e9<\/strong>: Id\u00e9al pour les utilisateurs d\u00e9butants et exp\u00e9riment\u00e9s, ce b\u00e2illon en silicone est une pi\u00e8ce polyvalente qui s&#039;adapte \u00e0 une vari\u00e9t\u00e9 de sc\u00e9narios, du plaisir l\u00e9ger au jeu de bondage plus intense.<\/p>\n\n\n\n<p>Ajoutez une touche unique et ludique \u00e0 vos accessoires SM avec notre gag bone en silicone \u00e0 bouche ouverte. Sa combinaison de confort, de qualit\u00e9 et de design distinctif en fait un incontournable pour ceux qui cherchent \u00e0 am\u00e9liorer leurs exp\u00e9riences de bondage. Commandez maintenant et offrez \u00e0 vos clients un m\u00e9lange de style, de s\u00e9curit\u00e9 et d&#039;excitation\u00a0!<\/p>","protected":false},"excerpt":{"rendered":"<p>Introduisez un \u00e9l\u00e9ment ludique mais audacieux \u00e0 votre collection avec notre <strong>b\u00e2illon \u00e0 bouche ouverte en silicone<\/strong>, con\u00e7u dans une forme d&#039;os unique. Disponible en noir, rouge, rose et blanc, c&#039;est un ajout polyvalent \u00e0 toute gamme d&#039;\u00e9quipements de bondage.<\/p>","protected":false},"featured_media":49998,"template":"","meta":[],"product_brand":[],"product_cat":[1059,1064],"product_tag":[],"class_list":{"0":"post-50008","1":"product","2":"type-product","3":"status-publish","4":"has-post-thumbnail","6":"product_cat-wholesale-bondage-equipment","7":"product_cat-wholesale-gag-gifts","8":"pa_color-black","9":"pa_color-pink-women-sexy-lingerie","10":"pa_color-red-women-sexy-lingerie","11":"pa_color-white","12":"pa_size-free","14":"first","15":"instock","16":"taxable","17":"shipping-taxable","18":"purchasable","19":"product-type-variable"},"tiered_pricing_type":"fixed","tiered_pricing_fixed_rules":[],"tiered_pricing_product_settings":{"layout":"table","base_unit_name":{"singular":null,"plural":null},"default_variation":null},"tiered_pricing_minimum_quantity":null,"tiered_pricing_roles_data":[],"tiered_pricing_percentage_rules":[],"tiered_pricing_maximum_quantity":null,"tiered_pricing_quantity_step":null,"_links":{"self":[{"href":"https:\/\/gretasexylingerie.com\/fr\/wp-json\/wp\/v2\/product\/50008","targetHints":{"allow":["GET"]}}],"collection":[{"href":"https:\/\/gretasexylingerie.com\/fr\/wp-json\/wp\/v2\/product"}],"about":[{"href":"https:\/\/gretasexylingerie.com\/fr\/wp-json\/wp\/v2\/types\/product"}],"wp:featuredmedia":[{"embeddable":true,"href":"https:\/\/gretasexylingerie.com\/fr\/wp-json\/wp\/v2\/media\/49998"}],"wp:attachment":[{"href":"https:\/\/gretasexylingerie.com\/fr\/wp-json\/wp\/v2\/media?parent=50008"}],"wp:term":[{"taxonomy":"product_brand","embeddable":true,"href":"https:\/\/gretasexylingerie.com\/fr\/wp-json\/wp\/v2\/product_brand?post=50008"},{"taxonomy":"product_cat","embeddable":true,"href":"https:\/\/gretasexylingerie.com\/fr\/wp-json\/wp\/v2\/product_cat?post=50008"},{"taxonomy":"product_tag","embeddable":true,"href":"https:\/\/gretasexylingerie.com\/fr\/wp-json\/wp\/v2\/product_tag?post=50008"}],"curies":[{"name":"wp","href":"https:\/\/api.w.org\/{rel}","templated":true}]}}