{"id":49734,"date":"2024-02-28T18:13:13","date_gmt":"2024-02-28T10:13:13","guid":{"rendered":"https:\/\/gretasexylingerie.com\/?post_type=product&#038;p=49734"},"modified":"2024-03-01T23:50:39","modified_gmt":"2024-03-01T15:50:39","slug":"vente-en-gros-ensemble-de-harnais-de-soutien-gorge-de-bondage","status":"publish","type":"product","link":"https:\/\/gretasexylingerie.com\/fr\/products\/wholesale-bondage-bra-harness-set\/","title":{"rendered":"Ensemble de harnais de soutien-gorge de bondage en gros avec d\u00e9coupes en toile d&#039;araign\u00e9e"},"content":{"rendered":"<p><strong>D\u00e9coupes de toile d&#039;araign\u00e9e audacieuses<\/strong>: Cet ensemble de lingerie bondage en cuir fait passer l&#039;allure au niveau sup\u00e9rieur avec ses d\u00e9coupes en toile d&#039;araign\u00e9e, offrant un design visuellement \u00e9poustouflant, \u00e0 la fois provocateur et artistique. Parfait pour ceux qui recherchent <strong>v\u00eatements inspir\u00e9s du bondage<\/strong> cela fait une d\u00e9claration.<\/p>\n\n\n\n<p><strong>Conception d&#039;entrejambe provocante<\/strong>: Con\u00e7u pour ceux qui osent explorer, le design audacieux de l&#039;entrejambe ajoute un \u00e9l\u00e9ment de surprise et d&#039;excitation, ce qui en fait une pi\u00e8ce remarquable dans n&#039;importe quel <strong>v\u00eatements de bondage bon march\u00e9<\/strong> collection. Elle est con\u00e7ue pour s\u00e9duire et intriguer, repoussant les limites de la lingerie traditionnelle.<\/p>\n\n\n\n<p><strong>Artisanat du cuir luxueux<\/strong>: Fabriqu\u00e9 \u00e0 partir de cuir de haute qualit\u00e9, cet ensemble combine le frisson de l&#039;esth\u00e9tique bondage avec le luxe des mat\u00e9riaux nobles. La texture et la durabilit\u00e9 du cuir garantissent que cet ensemble est non seulement attrayant visuellement, mais aussi agr\u00e9able \u00e0 porter.<\/p>\n\n\n\n<p><strong>Choix de couleurs vives<\/strong>: Disponible en noir classique et en rouge vif, cet ensemble permet une expression personnelle et une polyvalence. Que vous soyez attir\u00e9 par l&#039;\u00e9l\u00e9gance intemporelle du noir ou l&#039;allure passionn\u00e9e du rouge, cet ensemble s&#039;adapte \u00e0 toutes les humeurs et \u00e0 toutes les fantaisies.<\/p>\n\n\n\n<p><strong>Mode bondage accessible<\/strong>: Cet ensemble de lingerie est une c\u00e9l\u00e9bration de la mode bondage, la rendant accessible et abordable. Il est parfait pour celles qui cherchent \u00e0 exp\u00e9rimenter leur style ou \u00e0 ajouter une touche audacieuse \u00e0 leur collection de lingerie sans se ruiner.<\/p>\n\n\n\n<p>Plongez dans le monde de la mode bondage avec notre ensemble de lingerie bondage en cuir. Son design unique et son luxe abordable en font un incontournable pour tous ceux qui cherchent \u00e0 explorer leurs limites avec confiance et style. Commandez maintenant et apportez une touche d&#039;excitation et de charme \u00e0 votre collection\u00a0!<\/p>","protected":false},"excerpt":{"rendered":"<p>Lib\u00e9rez des envies audacieuses avec nos <strong>harnais de soutien-gorge de bondage<\/strong> ensemble, avec des d\u00e9coupes audacieuses en toile d&#039;araign\u00e9e et un design d&#039;entrejambe provocateur en noir et rouge saisissant.<\/p>","protected":false},"featured_media":49730,"template":"","meta":[],"product_brand":[],"product_cat":[1059,1060],"product_tag":[],"class_list":{"0":"post-49734","1":"product","2":"type-product","3":"status-publish","4":"has-post-thumbnail","6":"product_cat-wholesale-bondage-equipment","7":"product_cat-wholesale-bondage-lingerie","8":"pa_color-black","9":"pa_color-red-women-sexy-lingerie","11":"first","12":"instock","13":"taxable","14":"shipping-taxable","15":"purchasable","16":"product-type-variable"},"tiered_pricing_type":"fixed","tiered_pricing_fixed_rules":[],"tiered_pricing_product_settings":{"layout":"table","base_unit_name":{"singular":null,"plural":null},"default_variation":null},"tiered_pricing_minimum_quantity":null,"tiered_pricing_roles_data":[],"tiered_pricing_percentage_rules":[],"tiered_pricing_maximum_quantity":null,"tiered_pricing_quantity_step":null,"_links":{"self":[{"href":"https:\/\/gretasexylingerie.com\/fr\/wp-json\/wp\/v2\/product\/49734","targetHints":{"allow":["GET"]}}],"collection":[{"href":"https:\/\/gretasexylingerie.com\/fr\/wp-json\/wp\/v2\/product"}],"about":[{"href":"https:\/\/gretasexylingerie.com\/fr\/wp-json\/wp\/v2\/types\/product"}],"wp:featuredmedia":[{"embeddable":true,"href":"https:\/\/gretasexylingerie.com\/fr\/wp-json\/wp\/v2\/media\/49730"}],"wp:attachment":[{"href":"https:\/\/gretasexylingerie.com\/fr\/wp-json\/wp\/v2\/media?parent=49734"}],"wp:term":[{"taxonomy":"product_brand","embeddable":true,"href":"https:\/\/gretasexylingerie.com\/fr\/wp-json\/wp\/v2\/product_brand?post=49734"},{"taxonomy":"product_cat","embeddable":true,"href":"https:\/\/gretasexylingerie.com\/fr\/wp-json\/wp\/v2\/product_cat?post=49734"},{"taxonomy":"product_tag","embeddable":true,"href":"https:\/\/gretasexylingerie.com\/fr\/wp-json\/wp\/v2\/product_tag?post=49734"}],"curies":[{"name":"wp","href":"https:\/\/api.w.org\/{rel}","templated":true}]}}