{"id":49715,"date":"2024-02-28T18:11:58","date_gmt":"2024-02-28T10:11:58","guid":{"rendered":"https:\/\/gretasexylingerie.com\/?post_type=product&#038;p=49715"},"modified":"2024-03-01T23:35:16","modified_gmt":"2024-03-01T15:35:16","slug":"vente-en-gros-tenue-sexy-de-bondage-en-cuir","status":"publish","type":"product","link":"https:\/\/gretasexylingerie.com\/fr\/products\/wholesale-leather-bondage-sexy-outfit\/","title":{"rendered":"Vente en gros de tenue sexy de bondage en cuir dans le style de la cha\u00eene"},"content":{"rendered":"<p><strong>Style de cha\u00eene audacieux<\/strong>: Cette lingerie bondage en cuir unique \u00e9l\u00e8ve la sensualit\u00e9 \u00e0 de nouveaux sommets avec ses d\u00e9tails de cha\u00eene complexes. Parfait pour ceux qui cherchent \u00e0 exprimer leur style en toute confiance, il incarne l&#039;essence de <strong>v\u00eatements de dominatrice sexy<\/strong>, offrant un impact visuel inoubliable.<\/p>\n\n\n\n<p><strong>Conception d&#039;entrejambe provocante<\/strong>: Con\u00e7u pour l&#039;aventure, le design audacieux de l&#039;entrejambe invite \u00e0 l&#039;intrigue et \u00e0 l&#039;exploration, faisant de cette tenue un choix remarquable pour tous ceux qui cherchent \u00e0 ajouter une touche \u00e0 leur garde-robe intime. C&#039;est une d\u00e9claration audacieuse dans le domaine de <strong>v\u00eatements sexy et coquins<\/strong>, con\u00e7u pour s\u00e9duire et taquiner.<\/p>\n\n\n\n<p><strong>Artisanat du cuir luxueux<\/strong>: Fabriqu\u00e9e \u00e0 partir de cuir de haute qualit\u00e9, cette tenue est non seulement superbe, mais elle est incroyablement agr\u00e9able sur la peau. La durabilit\u00e9 et le confort du mat\u00e9riau garantissent qu&#039;il s&#039;agit non seulement d&#039;une pi\u00e8ce visuellement attrayante, mais \u00e9galement pratique pour diverses occasions.<\/p>\n\n\n\n<p><strong>Choix de couleurs vives<\/strong>: Disponible en noir classique et en rouge ardent, cette tenue vous permet de choisir la teinte qui correspond le mieux \u00e0 votre humeur et \u00e0 votre environnement. Que vous soyez attir\u00e9e par l&#039;\u00e9l\u00e9gance intemporelle du noir ou l&#039;allure passionn\u00e9e du rouge, cette tenue sexy r\u00e9pond \u00e0 vos envies.<\/p>\n\n\n\n<p><strong>Appel polyvalent<\/strong>: Id\u00e9ale pour celles qui cherchent \u00e0 explorer les limites de leur style, cette tenue est parfaite pour les soir\u00e9es \u00e0 th\u00e8me, les rencontres priv\u00e9es ou comme d\u00e9claration de mode audacieuse. Sa polyvalence en fait un ajout incontournable \u00e0 toute collection qui c\u00e9l\u00e8bre la beaut\u00e9 de la mode inspir\u00e9e du bondage.<\/p>\n\n\n\n<p>Entrez dans un monde o\u00f9 la mode rencontre la fantaisie avec notre lingerie bondage en cuir. C&#039;est bien plus que de simples v\u00eatements ; c&#039;est une d\u00e9claration de force, de confiance et de sensualit\u00e9 sans vergogne. Commandez maintenant et profitez de la puissance de votre allure avec une tenue aussi audacieuse que vous !<\/p>","protected":false},"excerpt":{"rendered":"<p>Lib\u00e9rez le charme avec notre <strong>tenue sexy de bondage<\/strong>, une pi\u00e8ce de lingerie en cuir audacieuse avec un style cha\u00eene audacieux et un design d&#039;entrejambe provocateur, disponible en noir et rouge.<\/p>","protected":false},"featured_media":49711,"template":"","meta":[],"product_brand":[],"product_cat":[1059,1060],"product_tag":[],"class_list":{"0":"post-49715","1":"product","2":"type-product","3":"status-publish","4":"has-post-thumbnail","6":"product_cat-wholesale-bondage-equipment","7":"product_cat-wholesale-bondage-lingerie","8":"pa_color-black","9":"pa_color-red-women-sexy-lingerie","11":"first","12":"instock","13":"taxable","14":"shipping-taxable","15":"purchasable","16":"product-type-variable"},"tiered_pricing_type":"fixed","tiered_pricing_fixed_rules":[],"tiered_pricing_product_settings":{"layout":"table","base_unit_name":{"singular":null,"plural":null},"default_variation":null},"tiered_pricing_minimum_quantity":null,"tiered_pricing_roles_data":[],"tiered_pricing_percentage_rules":[],"tiered_pricing_maximum_quantity":null,"tiered_pricing_quantity_step":null,"_links":{"self":[{"href":"https:\/\/gretasexylingerie.com\/fr\/wp-json\/wp\/v2\/product\/49715","targetHints":{"allow":["GET"]}}],"collection":[{"href":"https:\/\/gretasexylingerie.com\/fr\/wp-json\/wp\/v2\/product"}],"about":[{"href":"https:\/\/gretasexylingerie.com\/fr\/wp-json\/wp\/v2\/types\/product"}],"wp:featuredmedia":[{"embeddable":true,"href":"https:\/\/gretasexylingerie.com\/fr\/wp-json\/wp\/v2\/media\/49711"}],"wp:attachment":[{"href":"https:\/\/gretasexylingerie.com\/fr\/wp-json\/wp\/v2\/media?parent=49715"}],"wp:term":[{"taxonomy":"product_brand","embeddable":true,"href":"https:\/\/gretasexylingerie.com\/fr\/wp-json\/wp\/v2\/product_brand?post=49715"},{"taxonomy":"product_cat","embeddable":true,"href":"https:\/\/gretasexylingerie.com\/fr\/wp-json\/wp\/v2\/product_cat?post=49715"},{"taxonomy":"product_tag","embeddable":true,"href":"https:\/\/gretasexylingerie.com\/fr\/wp-json\/wp\/v2\/product_tag?post=49715"}],"curies":[{"name":"wp","href":"https:\/\/api.w.org\/{rel}","templated":true}]}}