{"id":49707,"date":"2024-02-28T18:11:28","date_gmt":"2024-02-28T10:11:28","guid":{"rendered":"https:\/\/gretasexylingerie.com\/?post_type=product&#038;p=49707"},"modified":"2024-03-01T23:26:34","modified_gmt":"2024-03-01T15:26:34","slug":"vente-en-gros-ensemble-de-sous-vetements-de-bondage-sexy","status":"publish","type":"product","link":"https:\/\/gretasexylingerie.com\/fr\/products\/wholesale-sexy-bondage-underwear-set\/","title":{"rendered":"Ensemble de sous-v\u00eatements de bondage sexy en gros avec fermeture \u00e0 glissi\u00e8re en m\u00e9tal"},"content":{"rendered":"<p><strong>Ouvertures \u00e0 glissi\u00e8re en m\u00e9tal<\/strong>: Augmentez le frisson avec des fermetures \u00e9clair m\u00e9talliques strat\u00e9giquement plac\u00e9es sur la poitrine et \u00e0 l&#039;entrejambe, offrant un m\u00e9lange d&#039;allure et d&#039;accessibilit\u00e9. Cet \u00e9l\u00e9ment de design ajoute non seulement une touche visuelle, mais invite \u00e9galement \u00e0 une exploration ludique, ce qui en fait un \u00e9l\u00e9ment remarquable dans <strong>cuir de mat\u00e9riel de bondage<\/strong> collections.<\/p>\n\n\n\n<p><strong>R\u00e9glable pour un ajustement parfait<\/strong>: Adoptez le confort sans sacrifier le style. La conception r\u00e9glable assure un ajustement parfait et flatteur pour une vari\u00e9t\u00e9 de types de corps, permettant aux porteurs de se sentir en confiance et en contr\u00f4le, un aspect cl\u00e9 de <strong>v\u00eatements de dominatrice f\u00e9minine<\/strong>.<\/p>\n\n\n\n<p><strong>Choix de couleurs vives<\/strong>: Disponible dans les couleurs de s\u00e9duction classiques du noir et du rouge, cet ensemble en dit long sans dire un mot. Que vous soyez attir\u00e9e par l&#039;allure myst\u00e9rieuse du noir ou par le dynamisme passionn\u00e9 du rouge, cet ensemble de lingerie est con\u00e7u pour correspondre \u00e0 votre humeur et \u00e0 vos envies.<\/p>\n\n\n\n<p><strong>Construction en cuir de qualit\u00e9<\/strong>: Fabriqu\u00e9 \u00e0 partir de cuir de premi\u00e8re qualit\u00e9, cet ensemble est aussi durable que luxueux. La texture et la qualit\u00e9 du mat\u00e9riau am\u00e9liorent l&#039;exp\u00e9rience sensorielle, promettant non seulement un r\u00e9gal visuel mais aussi un plaisir tactile.<\/p>\n\n\n\n<p><strong>Utilisation polyvalente<\/strong>: Parfait pour les soir\u00e9es sp\u00e9ciales ou comme pi\u00e8ce audacieuse sous une tenue de soir\u00e9e, cet ensemble de lingerie transcende l&#039;ordinaire. Il convient \u00e0 une large gamme de sc\u00e9narios, des rencontres priv\u00e9es aux soir\u00e9es \u00e0 th\u00e8me, ce qui en fait un ajout polyvalent \u00e0 toute garde-robe d&#039;aventuri\u00e8re.<\/p>\n\n\n\n<p><strong>L&#039;autonomisation dans chaque fil de discussion<\/strong>: Cet ensemble de lingerie est plus qu&#039;un simple v\u00eatement ; c&#039;est un outil d&#039;autonomisation. Con\u00e7u pour la dominatrice moderne ou toute personne cherchant \u00e0 explorer sa dynamique de pouvoir, c&#039;est une c\u00e9l\u00e9bration de la force, de la confiance et de la sensualit\u00e9.<\/p>\n\n\n\n<p>Entrez dans un monde o\u00f9 fantaisie et r\u00e9alit\u00e9 se confondent avec notre ensemble de sous-v\u00eatements sexy bondage. Offrant \u00e0 la fois un attrait esth\u00e9tique et un design fonctionnel, c&#039;est une invitation audacieuse \u00e0 explorer vos d\u00e9sirs. Commandez maintenant et profitez du pouvoir de s\u00e9duction avec un style et un confort in\u00e9gal\u00e9s !<\/p>","protected":false},"excerpt":{"rendered":"<p>Lib\u00e9rez des envies audacieuses avec notre <strong>sous-v\u00eatements de bondage sexy<\/strong> ensemble, dot\u00e9 d&#039;ouvertures \u00e0 glissi\u00e8re en m\u00e9tal audacieuses sur la poitrine et \u00e0 l&#039;entrejambe. Ce design r\u00e9glable est disponible en noir et rouge, incarnant l&#039;essence du pouvoir et de la s\u00e9duction.<\/p>","protected":false},"featured_media":49704,"template":"","meta":[],"product_brand":[],"product_cat":[1059,1060],"product_tag":[],"class_list":{"0":"post-49707","1":"product","2":"type-product","3":"status-publish","4":"has-post-thumbnail","6":"product_cat-wholesale-bondage-equipment","7":"product_cat-wholesale-bondage-lingerie","8":"pa_color-black","9":"pa_color-red-women-sexy-lingerie","11":"first","12":"instock","13":"taxable","14":"shipping-taxable","15":"purchasable","16":"product-type-variable"},"tiered_pricing_type":"fixed","tiered_pricing_fixed_rules":[],"tiered_pricing_product_settings":{"layout":"table","base_unit_name":{"singular":null,"plural":null},"default_variation":null},"tiered_pricing_minimum_quantity":null,"tiered_pricing_roles_data":[],"tiered_pricing_percentage_rules":[],"tiered_pricing_maximum_quantity":null,"tiered_pricing_quantity_step":null,"_links":{"self":[{"href":"https:\/\/gretasexylingerie.com\/fr\/wp-json\/wp\/v2\/product\/49707","targetHints":{"allow":["GET"]}}],"collection":[{"href":"https:\/\/gretasexylingerie.com\/fr\/wp-json\/wp\/v2\/product"}],"about":[{"href":"https:\/\/gretasexylingerie.com\/fr\/wp-json\/wp\/v2\/types\/product"}],"wp:featuredmedia":[{"embeddable":true,"href":"https:\/\/gretasexylingerie.com\/fr\/wp-json\/wp\/v2\/media\/49704"}],"wp:attachment":[{"href":"https:\/\/gretasexylingerie.com\/fr\/wp-json\/wp\/v2\/media?parent=49707"}],"wp:term":[{"taxonomy":"product_brand","embeddable":true,"href":"https:\/\/gretasexylingerie.com\/fr\/wp-json\/wp\/v2\/product_brand?post=49707"},{"taxonomy":"product_cat","embeddable":true,"href":"https:\/\/gretasexylingerie.com\/fr\/wp-json\/wp\/v2\/product_cat?post=49707"},{"taxonomy":"product_tag","embeddable":true,"href":"https:\/\/gretasexylingerie.com\/fr\/wp-json\/wp\/v2\/product_tag?post=49707"}],"curies":[{"name":"wp","href":"https:\/\/api.w.org\/{rel}","templated":true}]}}