{"id":49508,"date":"2024-02-28T00:46:01","date_gmt":"2024-02-27T16:46:01","guid":{"rendered":"https:\/\/gretasexylingerie.com\/?post_type=product&#038;p=49508"},"modified":"2024-02-29T22:52:12","modified_gmt":"2024-02-29T14:52:12","slug":"vente-en-gros-kit-de-retenue-de-bondage","status":"publish","type":"product","link":"https:\/\/gretasexylingerie.com\/fr\/products\/wholesale-bondage-restraint-kit\/","title":{"rendered":"Kit de retenue de bondage en gros en noir et rouge avec \u00e9quipement de p\u00e9riph\u00e9rique"},"content":{"rendered":"<p><strong>Conception de couleurs contrast\u00e9es<\/strong>: Le contraste audacieux du noir et du blanc, aux c\u00f4t\u00e9s du rouge et du noir, rend non seulement ce kit visuellement frappant, mais ajoute \u00e9galement une couche d&#039;intrigue psychologique \u00e0 l&#039;exp\u00e9rience de bondage. Les couleurs sont choisies pour \u00e9voquer des \u00e9motions et cr\u00e9er l\u2019ambiance, rendant chaque s\u00e9ance d\u2019une intensit\u00e9 unique.<\/p>\n\n\n\n<p><strong>Collection compl\u00e8te de bondage<\/strong>: Ce kit est un arsenal complet pour les amateurs de BDSM, comprenant une pagaie en cuir, un bandeau, une laisse, des menottes, des menottes aux chevilles, des colliers et une boucle crois\u00e9e. Il est con\u00e7u pour r\u00e9pondre \u00e0 une vari\u00e9t\u00e9 de pr\u00e9f\u00e9rences et de sc\u00e9narios, offrant des possibilit\u00e9s infinies de jeu consensuel.<\/p>\n\n\n\n<p><strong>PU et mat\u00e9riel de haute qualit\u00e9<\/strong>: Con\u00e7u dans un souci de durabilit\u00e9 et de confort, le mat\u00e9riau PU de haute qualit\u00e9 et le mat\u00e9riel robuste garantissent que chaque pi\u00e8ce peut r\u00e9sister aux rigueurs de l&#039;utilisation tout en pr\u00e9servant la s\u00e9curit\u00e9 du porteur. Cette combinaison de mat\u00e9riaux fait de ce kit un choix fiable aussi bien pour les d\u00e9butants que pour les praticiens chevronn\u00e9s.<\/p>\n\n\n\n<p><strong>Luxe abordable<\/strong>: Offrant un m\u00e9lange imbattable de qualit\u00e9 et de valeur, ce <strong>\u00e9quipement de bondage bon march\u00e9<\/strong> Cet ensemble rend le monde passionnant du BDSM accessible sans compromettre la qualit\u00e9 ou l&#039;exp\u00e9rience. C&#039;est un choix id\u00e9al pour ceux qui cherchent \u00e0 \u00e9largir leur collection sans se ruiner.<\/p>\n\n\n\n<p><strong>\u00c9quipement de bondage polyvalent<\/strong>: L&#039;inclusion de divers dispositifs et dispositifs de retenue ouvre un monde de cr\u00e9ativit\u00e9 et d&#039;exploration. De la privation sensorielle au mouvement contr\u00f4l\u00e9, ce kit permet aux couples d&#039;exp\u00e9rimenter des dynamiques de pouvoir et de d\u00e9couvrir de nouveaux plaisirs dans un cadre s\u00e9curitaire et consensuel.<\/p>\n\n\n\n<p><strong>Rangement discret et facile<\/strong>: Malgr\u00e9 sa nature compl\u00e8te, le kit est con\u00e7u pour un rangement discret, vous permettant de pr\u00e9server intimit\u00e9 et commodit\u00e9. Chaque pi\u00e8ce s&#039;embo\u00eete parfaitement, pr\u00eate \u00e0 \u00eatre utilis\u00e9e lorsque le moment se pr\u00e9sentera \u00e0 nouveau.<\/p>\n\n\n\n<p>Embarquez pour un voyage de d\u00e9couverte et d&#039;\u00e9panouissement avec notre kit de contention bondage. Que vous cherchiez \u00e0 approfondir votre connexion, \u00e0 explorer de nouvelles sensations ou simplement \u00e0 ajouter de l&#039;excitation \u00e0 votre jeu, ce kit offre le m\u00e9lange parfait de qualit\u00e9, de vari\u00e9t\u00e9 et de prix abordable. Commandez maintenant et d\u00e9bloquez un nouveau royaume de possibilit\u00e9s<\/p>","protected":false},"excerpt":{"rendered":"<p>Plongez dans les profondeurs du d\u00e9sir avec notre <strong>kit de retenue de bondage<\/strong>, pr\u00e9sentant un contraste saisissant de noir et blanc, et de rouge et noir. Cet ensemble complet comprend tout le n\u00e9cessaire pour une exploration audacieuse, fabriqu\u00e9 \u00e0 partir de PU de haute qualit\u00e9 et de mat\u00e9riel robuste.<\/p>","protected":false},"featured_media":49497,"template":"","meta":[],"product_brand":[],"product_cat":[1059,1061],"product_tag":[],"class_list":{"0":"post-49508","1":"product","2":"type-product","3":"status-publish","4":"has-post-thumbnail","6":"product_cat-wholesale-bondage-equipment","7":"product_cat-wholesale-bondage-gear","8":"pa_color-red-women-sexy-lingerie","9":"pa_color-white","11":"first","12":"instock","13":"taxable","14":"shipping-taxable","15":"purchasable","16":"product-type-variable"},"tiered_pricing_type":"fixed","tiered_pricing_fixed_rules":[],"tiered_pricing_product_settings":{"layout":"table","base_unit_name":{"singular":null,"plural":null},"default_variation":null},"tiered_pricing_minimum_quantity":null,"tiered_pricing_roles_data":[],"tiered_pricing_percentage_rules":[],"tiered_pricing_maximum_quantity":null,"tiered_pricing_quantity_step":null,"_links":{"self":[{"href":"https:\/\/gretasexylingerie.com\/fr\/wp-json\/wp\/v2\/product\/49508","targetHints":{"allow":["GET"]}}],"collection":[{"href":"https:\/\/gretasexylingerie.com\/fr\/wp-json\/wp\/v2\/product"}],"about":[{"href":"https:\/\/gretasexylingerie.com\/fr\/wp-json\/wp\/v2\/types\/product"}],"wp:featuredmedia":[{"embeddable":true,"href":"https:\/\/gretasexylingerie.com\/fr\/wp-json\/wp\/v2\/media\/49497"}],"wp:attachment":[{"href":"https:\/\/gretasexylingerie.com\/fr\/wp-json\/wp\/v2\/media?parent=49508"}],"wp:term":[{"taxonomy":"product_brand","embeddable":true,"href":"https:\/\/gretasexylingerie.com\/fr\/wp-json\/wp\/v2\/product_brand?post=49508"},{"taxonomy":"product_cat","embeddable":true,"href":"https:\/\/gretasexylingerie.com\/fr\/wp-json\/wp\/v2\/product_cat?post=49508"},{"taxonomy":"product_tag","embeddable":true,"href":"https:\/\/gretasexylingerie.com\/fr\/wp-json\/wp\/v2\/product_tag?post=49508"}],"curies":[{"name":"wp","href":"https:\/\/api.w.org\/{rel}","templated":true}]}}