{"id":49169,"date":"2024-02-27T20:04:09","date_gmt":"2024-02-27T12:04:09","guid":{"rendered":"https:\/\/gretasexylingerie.com\/?post_type=product&#038;p=49169"},"modified":"2024-02-29T12:35:04","modified_gmt":"2024-02-29T04:35:04","slug":"vente-en-gros-kit-de-demarrage-soumis","status":"publish","type":"product","link":"https:\/\/gretasexylingerie.com\/fr\/products\/wholesale-submissive-starter-kit\/","title":{"rendered":"Kit de d\u00e9marrage soumis en gros avec conception de rivets"},"content":{"rendered":"<p><strong>Conception de rivets pour un attrait audacieux<\/strong>: Cet ensemble se distingue par son design de rivets distinctif, ajoutant une touche audacieuse et audacieuse \u00e0 votre <strong>jouets soumis dominants<\/strong> collection. Les rivets am\u00e9liorent non seulement l&#039;attrait esth\u00e9tique, mais \u00e9voquent \u00e9galement un sentiment d&#039;excitation et d&#039;anticipation.<\/p>\n\n\n\n<p><strong>Les essentiels complets du bondage<\/strong>: \u00c9quip\u00e9 d&#039;une pagaie en cuir, d&#039;un masque pour les yeux, d&#039;une corde de traction, de menottes, de manchettes pour les jambes et d&#039;une boucle crois\u00e9e, ce kit fournit tous les \u00e9l\u00e9ments essentiels pour explorer la dynamique passionnante du contr\u00f4le et de l&#039;abandon, ce qui en fait un parfait <strong>kit de bondage hogtie<\/strong> pour les d\u00e9butants comme pour les passionn\u00e9s.<\/p>\n\n\n\n<p><strong>Cuir PU et mat\u00e9riel de qualit\u00e9 sup\u00e9rieure.<\/strong>: Fabriqu\u00e9 \u00e0 partir de cuir PU de haute qualit\u00e9 compl\u00e9t\u00e9 par du mat\u00e9riel robuste, chaque article de l&#039;ensemble promet durabilit\u00e9 et confort. Les mat\u00e9riaux sont soigneusement s\u00e9lectionn\u00e9s pour garantir une exp\u00e9rience s\u00fbre et satisfaisante, alliant r\u00e9sistance et douceur au toucher.<\/p>\n\n\n\n<p><strong>Th\u00e8me audacieux noir et rouge<\/strong>: La combinaison saisissante du noir et du rouge signifie non seulement puissance et passion, mais ajoute \u00e9galement un contraste visuellement stimulant \u00e0 votre collection. Cette palette de couleurs est con\u00e7ue pour cr\u00e9er l\u2019ambiance et rehausser l\u2019intensit\u00e9 de vos rencontres.<\/p>\n\n\n\n<p><strong>Utilisation et jeu polyvalents<\/strong>: Que vous cherchiez \u00e0 exp\u00e9rimenter des positions hogtie, une privation sensorielle ou une contention douce, ce kit offre la polyvalence n\u00e9cessaire pour explorer un large \u00e9ventail de sc\u00e9narios. C&#039;est une invitation \u00e0 laisser libre cours \u00e0 votre imagination et \u00e0 d\u00e9couvrir de nouveaux plaisirs.<\/p>\n\n\n\n<p><strong>Stockage discret et portabilit\u00e9<\/strong>: La conception r\u00e9fl\u00e9chie de l&#039;ensemble comprend des options de rangement discr\u00e8tes, vous permettant de garder vos jouets en s\u00e9curit\u00e9 et hors de vue. La portabilit\u00e9 garantit que vos aventures ne se limitent pas \u00e0 un seul endroit ; emportez vos fantasmes partout o\u00f9 vous allez.<\/p>\n\n\n\n<p>Entrez dans un monde o\u00f9 le jeu de pouvoir devient une forme d&#039;art avec notre kit de d\u00e9marrage soumis. Que vous soyez nouveau sur la sc\u00e8ne ou que vous cherchiez \u00e0 \u00e9largir votre r\u00e9pertoire, cet ensemble offre le m\u00e9lange parfait de style, de qualit\u00e9 et de polyvalence. Commandez maintenant et embarquez pour un voyage de d\u00e9couverte et d&#039;\u00e9panouissement qui transcende l&#039;ordinaire\u00a0!<\/p>","protected":false},"excerpt":{"rendered":"<p>Allumez les flammes de la passion avec notre <strong>kit de d\u00e9marrage soumis<\/strong>, une collection fascinante compos\u00e9e de cuir PU de haute qualit\u00e9 et de d\u00e9tails en noir et rouge audacieux, con\u00e7ue pour ceux qui s&#039;aventurent dans le monde dynamique de la domination et de la soumission.<\/p>","protected":false},"featured_media":49162,"template":"","meta":[],"product_brand":[],"product_cat":[1059,1061],"product_tag":[],"class_list":{"0":"post-49169","1":"product","2":"type-product","3":"status-publish","4":"has-post-thumbnail","6":"product_cat-wholesale-bondage-equipment","7":"product_cat-wholesale-bondage-gear","8":"pa_color-black","9":"pa_color-red-women-sexy-lingerie","11":"first","12":"instock","13":"taxable","14":"shipping-taxable","15":"purchasable","16":"product-type-variable"},"tiered_pricing_type":"fixed","tiered_pricing_fixed_rules":[],"tiered_pricing_product_settings":{"layout":"table","base_unit_name":{"singular":null,"plural":null},"default_variation":null},"tiered_pricing_minimum_quantity":null,"tiered_pricing_roles_data":[],"tiered_pricing_percentage_rules":[],"tiered_pricing_maximum_quantity":null,"tiered_pricing_quantity_step":null,"_links":{"self":[{"href":"https:\/\/gretasexylingerie.com\/fr\/wp-json\/wp\/v2\/product\/49169","targetHints":{"allow":["GET"]}}],"collection":[{"href":"https:\/\/gretasexylingerie.com\/fr\/wp-json\/wp\/v2\/product"}],"about":[{"href":"https:\/\/gretasexylingerie.com\/fr\/wp-json\/wp\/v2\/types\/product"}],"wp:featuredmedia":[{"embeddable":true,"href":"https:\/\/gretasexylingerie.com\/fr\/wp-json\/wp\/v2\/media\/49162"}],"wp:attachment":[{"href":"https:\/\/gretasexylingerie.com\/fr\/wp-json\/wp\/v2\/media?parent=49169"}],"wp:term":[{"taxonomy":"product_brand","embeddable":true,"href":"https:\/\/gretasexylingerie.com\/fr\/wp-json\/wp\/v2\/product_brand?post=49169"},{"taxonomy":"product_cat","embeddable":true,"href":"https:\/\/gretasexylingerie.com\/fr\/wp-json\/wp\/v2\/product_cat?post=49169"},{"taxonomy":"product_tag","embeddable":true,"href":"https:\/\/gretasexylingerie.com\/fr\/wp-json\/wp\/v2\/product_tag?post=49169"}],"curies":[{"name":"wp","href":"https:\/\/api.w.org\/{rel}","templated":true}]}}