{"id":49126,"date":"2024-02-26T21:34:17","date_gmt":"2024-02-26T13:34:17","guid":{"rendered":"https:\/\/gretasexylingerie.com\/?post_type=product&#038;p=49126"},"modified":"2024-03-26T11:27:53","modified_gmt":"2024-03-26T03:27:53","slug":"vente-en-gros-kit-de-demarrage-de-contraintes-de-bondage-en-cuir","status":"publish","type":"product","link":"https:\/\/gretasexylingerie.com\/fr\/products\/wholesale-leather-bondage-restraints-starter-kit\/","title":{"rendered":"Kit de d\u00e9marrage de contraintes de bondage en cuir en gros en noir et marron"},"content":{"rendered":"<p><strong>Ensemble complet de bondage<\/strong>: Cet ensemble complet comprend tout le n\u00e9cessaire pour plonger dans le monde du bondage flirt SM, d&#039;un sac de rangement \u00e0 une vari\u00e9t\u00e9 de contraintes et d&#039;accessoires de jeux sensoriels. Chaque pi\u00e8ce est con\u00e7ue pour am\u00e9liorer l\u2019exp\u00e9rience, offrant des possibilit\u00e9s d\u2019exploration infinies.<\/p>\n\n\n\n<p><strong>Artisanat du cuir luxueux<\/strong>: Fabriqu\u00e9 \u00e0 partir de cuir cro\u00fbte de vache de haute qualit\u00e9, chaque article de cet ensemble d\u00e9gage un sentiment de luxe et de durabilit\u00e9. La texture du cuir ajoute une couche de profondeur \u00e0 l&#039;exp\u00e9rience, promettant non seulement une utilit\u00e9 mais aussi un attrait esth\u00e9tique.<\/p>\n\n\n\n<p><strong>Accents en alliage haut de gamme<\/strong>: Les composants en alliage de haute qualit\u00e9 ajoutent une touche d&#039;\u00e9l\u00e9gance et de fiabilit\u00e9 aux dispositifs de retenue, garantissant s\u00e9curit\u00e9 et durabilit\u00e9. La touche froide du m\u00e9tal contraste magnifiquement avec la chaleur du cuir, offrant une exp\u00e9rience sensorielle avant m\u00eame le d\u00e9but de la pi\u00e8ce.<\/p>\n\n\n\n<p><strong>Palette de couleurs polyvalente<\/strong>: Disponible en noir classique et marron riche, ce <strong>kit de d\u00e9marrage pour le bondage<\/strong> est con\u00e7u pour plaire \u00e0 un large \u00e9ventail de go\u00fbts et de pr\u00e9f\u00e9rences. Les couleurs ajoutent non seulement \u00e0 la valeur esth\u00e9tique, mais offrent \u00e9galement la possibilit\u00e9 de personnaliser l&#039;exp\u00e9rience.<\/p>\n\n\n\n<p><strong>Potentiel de jeu imaginatif<\/strong>: Avec des objets comme une batte en cuir, un masque pour les yeux, une boule buccale et plus encore, ce kit invite au jeu imaginatif. C&#039;est parfait pour ceux qui cherchent \u00e0 explorer leurs limites et \u00e0 ajouter une nouvelle dimension \u00e0 leur dynamique.<\/p>\n\n\n\n<p><strong>Solution de stockage discr\u00e8te<\/strong>: L&#039;inclusion d&#039;un sac de rangement garantit que cela <strong>fournitures de servitude<\/strong> Le kit peut \u00eatre conserv\u00e9 discr\u00e8tement, pr\u00eat \u00e0 \u00eatre utilis\u00e9 lorsque le moment arrive. C&#039;est un ajout r\u00e9fl\u00e9chi qui respecte l&#039;intimit\u00e9 et la spontan\u00e9it\u00e9 des rencontres intimes.<\/p>\n\n\n\n<p>Plongez dans les profondeurs du d\u00e9sir avec notre kit de d\u00e9marrage de contraintes de bondage en cuir. Qu&#039;il s&#039;agisse du d\u00e9but d&#039;un nouveau voyage ou d&#039;un ajout \u00e0 une collection chevronn\u00e9e, ce kit promet d&#039;ouvrir de nouveaux royaumes de plaisir et d&#039;exploration. Commandez maintenant et rehaussez l&#039;exp\u00e9rience avec une touche de luxe et d&#039;imagination\u00a0!<\/p>","protected":false},"excerpt":{"rendered":"<p>Lib\u00e9rez la fantaisie ultime avec notre <strong>contraintes de bondage en cuir<\/strong> kit de d\u00e9marrage, une collection compl\u00e8te fabriqu\u00e9e \u00e0 partir de cuir cro\u00fbte de vache et d&#039;alliage de haute qualit\u00e9, con\u00e7ue pour inspirer l&#039;exploration et l&#039;excitation.<\/p>","protected":false},"featured_media":49114,"template":"","meta":[],"product_brand":[],"product_cat":[1059],"product_tag":[448],"class_list":{"0":"post-49126","1":"product","2":"type-product","3":"status-publish","4":"has-post-thumbnail","6":"product_cat-wholesale-bondage-equipment","7":"product_tag-wholesale-elegant-sexy-lingerie","8":"pa_color-black","9":"pa_color-brown","11":"first","12":"instock","13":"taxable","14":"shipping-taxable","15":"purchasable","16":"product-type-variable"},"tiered_pricing_type":"fixed","tiered_pricing_fixed_rules":[],"tiered_pricing_product_settings":{"layout":"table","base_unit_name":{"singular":null,"plural":null},"default_variation":null},"tiered_pricing_minimum_quantity":null,"tiered_pricing_roles_data":[],"tiered_pricing_percentage_rules":[],"tiered_pricing_maximum_quantity":null,"tiered_pricing_quantity_step":null,"_links":{"self":[{"href":"https:\/\/gretasexylingerie.com\/fr\/wp-json\/wp\/v2\/product\/49126","targetHints":{"allow":["GET"]}}],"collection":[{"href":"https:\/\/gretasexylingerie.com\/fr\/wp-json\/wp\/v2\/product"}],"about":[{"href":"https:\/\/gretasexylingerie.com\/fr\/wp-json\/wp\/v2\/types\/product"}],"wp:featuredmedia":[{"embeddable":true,"href":"https:\/\/gretasexylingerie.com\/fr\/wp-json\/wp\/v2\/media\/49114"}],"wp:attachment":[{"href":"https:\/\/gretasexylingerie.com\/fr\/wp-json\/wp\/v2\/media?parent=49126"}],"wp:term":[{"taxonomy":"product_brand","embeddable":true,"href":"https:\/\/gretasexylingerie.com\/fr\/wp-json\/wp\/v2\/product_brand?post=49126"},{"taxonomy":"product_cat","embeddable":true,"href":"https:\/\/gretasexylingerie.com\/fr\/wp-json\/wp\/v2\/product_cat?post=49126"},{"taxonomy":"product_tag","embeddable":true,"href":"https:\/\/gretasexylingerie.com\/fr\/wp-json\/wp\/v2\/product_tag?post=49126"}],"curies":[{"name":"wp","href":"https:\/\/api.w.org\/{rel}","templated":true}]}}