{"id":49071,"date":"2024-02-26T14:58:02","date_gmt":"2024-02-26T06:58:02","guid":{"rendered":"https:\/\/gretasexylingerie.com\/?post_type=product&#038;p=49071"},"modified":"2024-02-26T16:43:51","modified_gmt":"2024-02-26T08:43:51","slug":"vente-en-gros-bas-resille-ouvert-a-lentrejambe-pour-tout-le-corps","status":"publish","type":"product","link":"https:\/\/gretasexylingerie.com\/fr\/products\/wholesale-open-crotch-full-body-fishnet-stocking\/","title":{"rendered":"Vente en gros de bas r\u00e9sille \u00e0 entrejambe ouvert pour tout le corps"},"content":{"rendered":"<p><strong>Conception de cou licou<\/strong>: Le design dos nu de ce body ajoute une touche classique mais sexy, encadrant magnifiquement les \u00e9paules et le cou. Il est parfait pour ceux qui recherchent une combinaison d&#039;\u00e9l\u00e9gance et d&#039;allure dans leur <strong>bas de corps ouvert \u00e0 l&#039;entrejambe<\/strong>.<\/p>\n\n\n\n<p><strong>D\u00e9tails de lignes complexes<\/strong>: Ce bodystocking est orn\u00e9 de motifs de lignes complexes qui \u00e9pousent et mettent en valeur les courbes naturelles du corps. Les d\u00e9tails ajoutent de la profondeur et de la texture, ce qui en fait une pi\u00e8ce remarquable dans n&#039;importe quel <strong>bodystocking ouvert<\/strong> collection.<\/p>\n\n\n\n<p><strong>Fonction d&#039;entrejambe ouverte<\/strong>: Le design \u00e0 entrejambe ouvert apporte un \u00e9l\u00e9ment d&#039;audace et de sensualit\u00e9, s&#039;adressant \u00e0 celles qui cherchent \u00e0 ajouter une pi\u00e8ce audacieuse \u00e0 leur garde-robe de lingerie. C&#039;est id\u00e9al pour les occasions intimes, ajoutant une couche d&#039;intrigue et d&#039;excitation.<\/p>\n\n\n\n<p><strong>Appel super sexy<\/strong>: Ce bas r\u00e9sille int\u00e9gral est la quintessence de la lingerie sexy. Son tissu transparent et sa coupe pr\u00e8s du corps offrent un aper\u00e7u all\u00e9chant, ce qui en fait un incontournable pour toutes celles qui cherchent \u00e0 rehausser leur jeu de lingerie.<\/p>\n\n\n\n<p><strong>Polyvalent et responsabilisant<\/strong>: Parfait pour diverses occasions, des soir\u00e9es priv\u00e9es aux soir\u00e9es \u00e0 th\u00e8me, ce bodystocking permet \u00e0 ceux qui le portent d&#039;exprimer leur style unique et leur confiance.<\/p>\n\n\n\n<p><strong>Parfait pour diverses collections<\/strong>: Que ce soit pour une boutique ou un grand magasin de d\u00e9tail, ce bodystocking est un excellent choix. Elle s\u00e9duit une client\u00e8le \u00e0 la recherche d&#039;une lingerie innovante, audacieuse et de qualit\u00e9.<\/p>\n\n\n\n<p>Invitez vos clients \u00e0 adopter leur c\u00f4t\u00e9 audacieux avec nos bas r\u00e9sille \u00e0 entrejambe ouvert. Son design unique et son souci du d\u00e9tail en font un incontournable pour toute collection cherchant \u00e0 offrir un m\u00e9lange de nervosit\u00e9 et de style. Commandez maintenant et ajoutez une touche d&#039;\u00e9l\u00e9gance audacieuse \u00e0 vos offres !<\/p>","protected":false},"excerpt":{"rendered":"<p>Plongez dans l&#039;attrait avec notre <strong>bas sexy pour tout le corps<\/strong>, un design captivant \u00e0 col licou avec des d\u00e9tails de lignes complexes, avec un entrejambe ouvert pour une touche suppl\u00e9mentaire de s\u00e9duction.<\/p>","protected":false},"featured_media":49070,"template":"","meta":[],"product_brand":[],"product_cat":[405,407,404],"product_tag":[528,451,449,866],"class_list":{"0":"post-49071","1":"product","2":"type-product","3":"status-publish","4":"has-post-thumbnail","6":"product_cat-wholesale-bodystocking","7":"product_cat-wholesale-full-body-stocking","8":"product_cat-sexy-stocking","9":"product_tag-halter-lingerie","10":"product_tag-wholesale-revealing-lingerie","11":"product_tag-wholesale-sexy-crotchless-lingerie","12":"product_tag-sexy-romper-lingerie","13":"pa_color-black","14":"pa_size-free","16":"first","17":"instock","18":"taxable","19":"shipping-taxable","20":"purchasable","21":"product-type-variable"},"tiered_pricing_type":"fixed","tiered_pricing_fixed_rules":[],"tiered_pricing_product_settings":{"layout":"table","base_unit_name":{"singular":null,"plural":null},"default_variation":null},"tiered_pricing_minimum_quantity":null,"tiered_pricing_roles_data":[],"tiered_pricing_percentage_rules":[],"tiered_pricing_maximum_quantity":null,"tiered_pricing_quantity_step":null,"_links":{"self":[{"href":"https:\/\/gretasexylingerie.com\/fr\/wp-json\/wp\/v2\/product\/49071","targetHints":{"allow":["GET"]}}],"collection":[{"href":"https:\/\/gretasexylingerie.com\/fr\/wp-json\/wp\/v2\/product"}],"about":[{"href":"https:\/\/gretasexylingerie.com\/fr\/wp-json\/wp\/v2\/types\/product"}],"wp:featuredmedia":[{"embeddable":true,"href":"https:\/\/gretasexylingerie.com\/fr\/wp-json\/wp\/v2\/media\/49070"}],"wp:attachment":[{"href":"https:\/\/gretasexylingerie.com\/fr\/wp-json\/wp\/v2\/media?parent=49071"}],"wp:term":[{"taxonomy":"product_brand","embeddable":true,"href":"https:\/\/gretasexylingerie.com\/fr\/wp-json\/wp\/v2\/product_brand?post=49071"},{"taxonomy":"product_cat","embeddable":true,"href":"https:\/\/gretasexylingerie.com\/fr\/wp-json\/wp\/v2\/product_cat?post=49071"},{"taxonomy":"product_tag","embeddable":true,"href":"https:\/\/gretasexylingerie.com\/fr\/wp-json\/wp\/v2\/product_tag?post=49071"}],"curies":[{"name":"wp","href":"https:\/\/api.w.org\/{rel}","templated":true}]}}