{"id":48791,"date":"2024-01-26T11:15:32","date_gmt":"2024-01-26T03:15:32","guid":{"rendered":"https:\/\/gretasexylingerie.com\/?post_type=product&#038;p=48791"},"modified":"2024-02-20T11:40:26","modified_gmt":"2024-02-20T03:40:26","slug":"vente-en-gros-ensemble-soutien-gorge-et-culotte-brodes","status":"publish","type":"product","link":"https:\/\/gretasexylingerie.com\/fr\/products\/wholesale-embroidered-bra-and-panty-set\/","title":{"rendered":"Ensemble soutien-gorge et culotte brod\u00e9s en gros avec jupe en maille rose"},"content":{"rendered":"<p><strong>D\u00e9tails brod\u00e9s exquis<\/strong>: Cet ensemble met en valeur des fleurs magnifiquement brod\u00e9es, offrant un look luxueux et sophistiqu\u00e9. La broderie complexe est id\u00e9ale pour ceux qui appr\u00e9cient les d\u00e9tails les plus fins de leur <strong>ensemble soutien-gorge et culotte cher<\/strong>, ce qui en fait un choix parfait pour les boutiques haut de gamme.<\/p>\n<p><strong>Jupe en maille rose<\/strong>: L&#039;ajout d&#039;une jupe en maille rose ajoute une touche unique et ludique \u00e0 l&#039;ensemble. Cette caract\u00e9ristique am\u00e9liore non seulement l&#039;attrait esth\u00e9tique, mais ajoute \u00e9galement une touche de fantaisie et de charme, le distinguant dans n&#039;importe quel <strong>ensemble robe lingerie<\/strong> collection.<\/p>\n<p><strong>Tissu en maille transparente<\/strong>: L&#039;utilisation de maille transparente dans l&#039;ensemble soutien-gorge et culotte offre un aper\u00e7u all\u00e9chant de ce qui se cache en dessous, \u00e9tablissant un \u00e9quilibre parfait entre allure et \u00e9l\u00e9gance. C&#039;est un choix id\u00e9al pour les clientes qui recherchent une lingerie \u00e0 la fois s\u00e9duisante et con\u00e7ue avec go\u00fbt.<\/p>\n<p><strong>Luxueux et f\u00e9minin<\/strong>: La combinaison de maille rose et de broderies d\u00e9licates cr\u00e9e un look luxueux et f\u00e9minin. Cet ensemble est parfait pour les clientes qui d\u00e9sirent une lingerie aussi opulente qu\u2019elle en a l\u2019air.<\/p>\n<p><strong>Polyvalent et intemporel<\/strong>: Cet ensemble soutien-gorge et culotte est un ajout polyvalent \u00e0 toute collection de lingerie. Son design intemporel en fait un choix favori pour de nombreuses occasions, des soir\u00e9es sp\u00e9ciales au luxe quotidien.<\/p>\n<p><strong>Parfait pour diverses collections<\/strong>: Que ce soit pour une boutique ou un grand magasin de d\u00e9tail, cet ensemble est un excellent choix. Elle s\u00e9duit un large \u00e9ventail de clientes recherchant qualit\u00e9, \u00e9l\u00e9gance et style dans leur lingerie.<\/p>\n<p>Invitez vos clientes \u00e0 d\u00e9couvrir le charme luxueux de notre ensemble soutien-gorge et culotte brod\u00e9s. Son design unique et son souci du d\u00e9tail en font un incontournable pour toute collection cherchant \u00e0 offrir un m\u00e9lange de sophistication et de style moderne. Commandez maintenant pour ajouter une touche de beaut\u00e9 raffin\u00e9e \u00e0 vos offres\u00a0!<\/p>\n\n\n<figure class=\"wp-block-table\"><table><tbody><tr><td class=\"has-text-align-center\" data-align=\"center\" colspan=\"7\"><strong>Tableau des tailles (CM)<\/strong><\/td><\/tr><tr><td class=\"has-text-align-center\" data-align=\"center\"><strong>Taille<\/strong><\/td><td class=\"has-text-align-center\" data-align=\"center\"><strong>Hauteur de la tasse (cm)<\/strong><\/td><td class=\"has-text-align-center\" data-align=\"center\"><strong>Tour de poitrine (cm)<\/strong><\/td><td class=\"has-text-align-center\" data-align=\"center\"><strong>Taille de la culotte (cm)<\/strong><\/td><td class=\"has-text-align-center\" data-align=\"center\"><strong>Longueur de la culotte (cm)<\/strong><\/td><td><strong>Taille (cm)<\/strong><\/td><\/tr><tr><td class=\"has-text-align-center\" data-align=\"center\">S<\/td><td class=\"has-text-align-center\" data-align=\"center\">16<\/td><td class=\"has-text-align-center\" data-align=\"center\">68<\/td><td class=\"has-text-align-center\" data-align=\"center\">64<\/td><td class=\"has-text-align-center\" data-align=\"center\">24<\/td><td>64<\/td><\/tr><tr><td class=\"has-text-align-center\" data-align=\"center\">M<\/td><td class=\"has-text-align-center\" data-align=\"center\">17<\/td><td class=\"has-text-align-center\" data-align=\"center\">72<\/td><td class=\"has-text-align-center\" data-align=\"center\">68<\/td><td class=\"has-text-align-center\" data-align=\"center\">25<\/td><td>68<\/td><\/tr><tr><td class=\"has-text-align-center\" data-align=\"center\">L<\/td><td class=\"has-text-align-center\" data-align=\"center\">18<\/td><td class=\"has-text-align-center\" data-align=\"center\">76<\/td><td class=\"has-text-align-center\" data-align=\"center\">72<\/td><td class=\"has-text-align-center\" data-align=\"center\">26<\/td><td>72<\/td><\/tr><tr><td class=\"has-text-align-center\" data-align=\"center\">XL<\/td><td class=\"has-text-align-center\" data-align=\"center\">19<\/td><td class=\"has-text-align-center\" data-align=\"center\">80<\/td><td class=\"has-text-align-center\" data-align=\"center\">76<\/td><td class=\"has-text-align-center\" data-align=\"center\">27<\/td><td>76<\/td><\/tr><tr><td class=\"has-text-align-center\" data-align=\"center\" colspan=\"7\"><strong>Tableau des tailles (POUCES)<\/strong><\/td><\/tr><tr><td class=\"has-text-align-center\" data-align=\"center\"><strong>Taille<\/strong><\/td><td class=\"has-text-align-center\" data-align=\"center\"><strong>Hauteur de la tasse (po)<\/strong><\/td><td class=\"has-text-align-center\" data-align=\"center\"><strong>Sous la poitrine (po)<\/strong><\/td><td class=\"has-text-align-center\" data-align=\"center\"><strong>Taille de culotte (po)<\/strong><\/td><td class=\"has-text-align-center\" data-align=\"center\"><strong>Longueur de la culotte (po)<\/strong><\/td><td><strong>Taille (po)<\/strong><\/td><\/tr><tr><td class=\"has-text-align-center\" data-align=\"center\">S<\/td><td class=\"has-text-align-center\" data-align=\"center\">6.30<\/td><td class=\"has-text-align-center\" data-align=\"center\">26.77<\/td><td class=\"has-text-align-center\" data-align=\"center\">25.20<\/td><td class=\"has-text-align-center\" data-align=\"center\">9.45<\/td><td>25.20<\/td><\/tr><tr><td class=\"has-text-align-center\" data-align=\"center\">M<\/td><td class=\"has-text-align-center\" data-align=\"center\">6.69<\/td><td class=\"has-text-align-center\" data-align=\"center\">28.35<\/td><td class=\"has-text-align-center\" data-align=\"center\">26.77<\/td><td class=\"has-text-align-center\" data-align=\"center\">9.84<\/td><td>26.77<\/td><\/tr><tr><td class=\"has-text-align-center\" data-align=\"center\">L<\/td><td class=\"has-text-align-center\" data-align=\"center\">7.09<\/td><td class=\"has-text-align-center\" data-align=\"center\">29.92<\/td><td class=\"has-text-align-center\" data-align=\"center\">28.35<\/td><td class=\"has-text-align-center\" data-align=\"center\">10.24<\/td><td>28.35<\/td><\/tr><tr><td class=\"has-text-align-center\" data-align=\"center\">XL<\/td><td class=\"has-text-align-center\" data-align=\"center\">7.48<\/td><td class=\"has-text-align-center\" data-align=\"center\">31.50<\/td><td class=\"has-text-align-center\" data-align=\"center\">29.92<\/td><td class=\"has-text-align-center\" data-align=\"center\">10.63<\/td><td>29.92<\/td><\/tr><\/tbody><\/table><\/figure>","protected":false},"excerpt":{"rendered":"<p>Savourez l&#039;\u00e9l\u00e9gance de notre <strong>ensemble soutien-gorge et culotte brod\u00e9s<\/strong>, dot\u00e9 d&#039;une jupe en r\u00e9sille rose avec des fleurs joliment brod\u00e9es sur une r\u00e9sille transparente, incarnant la lingerie de luxe.<\/p>","protected":false},"featured_media":48783,"template":"","meta":[],"product_brand":[],"product_cat":[378,379,367],"product_tag":[507,448,454,446],"class_list":{"0":"post-48791","1":"product","2":"type-product","3":"status-publish","4":"has-post-thumbnail","6":"product_cat-wholesale-garter-straps","7":"product_cat-wholesale-harness-bodysuit","8":"product_cat-sexy-lingerie","9":"product_tag-three-pcs-set","10":"product_tag-wholesale-elegant-sexy-lingerie","11":"product_tag-wholesale-sexy-embroidered-lingerie","12":"product_tag-wholesale-sexy-see-through-lingerie","13":"pa_color-pink-women-sexy-lingerie","14":"pa_size-wholesale-large-size-women-sexy-lingerie","15":"pa_size-wholesale-medium-size-women-sexy-lingerie","16":"pa_size-wholesale-small-size-sexy-lingerie","17":"pa_size-wholesale-extra-large-sexy-lingerie","19":"first","20":"instock","21":"taxable","22":"shipping-taxable","23":"purchasable","24":"product-type-variable"},"tiered_pricing_type":"fixed","tiered_pricing_fixed_rules":[],"tiered_pricing_product_settings":{"layout":"table","base_unit_name":{"singular":null,"plural":null},"default_variation":null},"tiered_pricing_minimum_quantity":null,"tiered_pricing_roles_data":[],"tiered_pricing_percentage_rules":[],"tiered_pricing_maximum_quantity":null,"tiered_pricing_quantity_step":null,"_links":{"self":[{"href":"https:\/\/gretasexylingerie.com\/fr\/wp-json\/wp\/v2\/product\/48791","targetHints":{"allow":["GET"]}}],"collection":[{"href":"https:\/\/gretasexylingerie.com\/fr\/wp-json\/wp\/v2\/product"}],"about":[{"href":"https:\/\/gretasexylingerie.com\/fr\/wp-json\/wp\/v2\/types\/product"}],"wp:featuredmedia":[{"embeddable":true,"href":"https:\/\/gretasexylingerie.com\/fr\/wp-json\/wp\/v2\/media\/48783"}],"wp:attachment":[{"href":"https:\/\/gretasexylingerie.com\/fr\/wp-json\/wp\/v2\/media?parent=48791"}],"wp:term":[{"taxonomy":"product_brand","embeddable":true,"href":"https:\/\/gretasexylingerie.com\/fr\/wp-json\/wp\/v2\/product_brand?post=48791"},{"taxonomy":"product_cat","embeddable":true,"href":"https:\/\/gretasexylingerie.com\/fr\/wp-json\/wp\/v2\/product_cat?post=48791"},{"taxonomy":"product_tag","embeddable":true,"href":"https:\/\/gretasexylingerie.com\/fr\/wp-json\/wp\/v2\/product_tag?post=48791"}],"curies":[{"name":"wp","href":"https:\/\/api.w.org\/{rel}","templated":true}]}}