{"id":48685,"date":"2024-01-26T11:03:04","date_gmt":"2024-01-26T03:03:04","guid":{"rendered":"https:\/\/gretasexylingerie.com\/?post_type=product&#038;p=48685"},"modified":"2024-02-23T00:27:26","modified_gmt":"2024-02-22T16:27:26","slug":"vente-en-gros-ensemble-soutien-gorge-et-culotte-moderne","status":"publish","type":"product","link":"https:\/\/gretasexylingerie.com\/fr\/products\/wholesale-modern-bra-and-panties-set\/","title":{"rendered":"Ensemble soutien-gorge et culotte moderne en gros avec jarreti\u00e8re"},"content":{"rendered":"<p><strong>Bretelles crois\u00e9es<\/strong>: Les bretelles crois\u00e9es de cet ensemble ajoutent une touche moderne et \u00e9l\u00e9gante au design classique du soutien-gorge. Cette caract\u00e9ristique am\u00e9liore non seulement l&#039;attrait esth\u00e9tique, mais offre \u00e9galement un ajustement s\u00fbr et confortable, ce qui en fait un choix populaire dans tous les environnements. <strong>soutien-gorge et culotte modernes<\/strong> collection.<\/p>\n\n\n\n<p><strong>Mat\u00e9riau de maille transparente<\/strong>: L&#039;utilisation d&#039;un mat\u00e9riau en maille transparente dans le soutien-gorge et la culotte offre un look \u00e0 la fois s\u00e9duisant et sophistiqu\u00e9. Cette pure \u00e9l\u00e9gance est parfaite pour celles qui appr\u00e9cient l&#039;attrait de la subtilit\u00e9 dans leur lingerie, ce qui en fait une pi\u00e8ce remarquable dans n&#039;importe quelle pi\u00e8ce. <strong>ensemble de lingerie transparent<\/strong> gamme.<\/p>\n\n\n\n<p><strong>Ceinture \u00e0 bretelles et passants de jambe \u00e0 quatre couches<\/strong>: La ceinture et les tours de cuisse sont compos\u00e9s de quatre couches de bretelles, ajoutant une dimension unique et captivante \u00e0 l&#039;ensemble. Ces d\u00e9tails complexes sont id\u00e9aux pour les clientes \u00e0 la recherche d\u2019une lingerie alliant un design audacieux \u00e0 une touche d\u2019\u00e9l\u00e9gance.<\/p>\n\n\n\n<p><strong>Polyvalent et avant-gardiste<\/strong>: Cet ensemble n&#039;est pas seulement de la lingerie ; c&#039;est une d\u00e9claration de mode. Son design unique et son souci du d\u00e9tail en font un incontournable de toute collection cherchant \u00e0 offrir un m\u00e9lange de style moderne et de sensualit\u00e9.<\/p>\n\n\n\n<p><strong>Parfait pour diverses occasions<\/strong>: Que ce soit pour une soir\u00e9e sp\u00e9ciale, une soir\u00e9e romantique ou comme d\u00e9claration de mode audacieuse, cet ensemble soutien-gorge et jarreti\u00e8re est suffisamment polyvalent pour s&#039;adapter \u00e0 diverses occasions, ce qui en fait un ajout pr\u00e9cieux \u00e0 toute collection de lingerie ou de mode.<\/p>\n\n\n\n<p>Invitez vos clientes \u00e0 d\u00e9couvrir le charme moderne de notre ensemble soutien-gorge et jarretelles. Son design contemporain et son souci du d\u00e9tail en font un ajout remarquable \u00e0 toute collection de lingerie haut de gamme. Commandez maintenant et offrez \u00e0 vos clients une touche de sophistication, de style et d&#039;\u00e9l\u00e9gance moderne !<\/p>\n\n\n\n<figure class=\"wp-block-table\"><table><tbody><tr><td class=\"has-text-align-center\" data-align=\"center\" colspan=\"6\"><strong>Tableau des tailles (CM)<\/strong><\/td><\/tr><tr><td class=\"has-text-align-center\" data-align=\"center\"><strong>Taille<\/strong><\/td><td class=\"has-text-align-center\" data-align=\"center\"><strong>Longueur (cm)<\/strong><\/td><td class=\"has-text-align-center\" data-align=\"center\"><strong>Sous le buste (cm)<\/strong><\/td><td class=\"has-text-align-center\" data-align=\"center\"><strong>Taille de la culotte (cm)<\/strong><\/td><td class=\"has-text-align-center\" data-align=\"center\"><strong>Taille (cm)<\/strong><\/td><td class=\"has-text-align-center\" data-align=\"center\"><strong>Longueur de la culotte (cm)<\/strong><\/td><\/tr><tr><td class=\"has-text-align-center\" data-align=\"center\">S<\/td><td class=\"has-text-align-center\" data-align=\"center\">14<\/td><td class=\"has-text-align-center\" data-align=\"center\">64-84<\/td><td class=\"has-text-align-center\" data-align=\"center\">64-88<\/td><td class=\"has-text-align-center\" data-align=\"center\">66<\/td><td class=\"has-text-align-center\" data-align=\"center\">21<\/td><\/tr><tr><td class=\"has-text-align-center\" data-align=\"center\">M<\/td><td class=\"has-text-align-center\" data-align=\"center\">14.5<\/td><td class=\"has-text-align-center\" data-align=\"center\">68-88<\/td><td class=\"has-text-align-center\" data-align=\"center\">68-92<\/td><td class=\"has-text-align-center\" data-align=\"center\">70<\/td><td class=\"has-text-align-center\" data-align=\"center\">22<\/td><\/tr><tr><td class=\"has-text-align-center\" data-align=\"center\">L<\/td><td class=\"has-text-align-center\" data-align=\"center\">15<\/td><td class=\"has-text-align-center\" data-align=\"center\">72-92<\/td><td class=\"has-text-align-center\" data-align=\"center\">72-96<\/td><td class=\"has-text-align-center\" data-align=\"center\">74<\/td><td class=\"has-text-align-center\" data-align=\"center\">23<\/td><\/tr><tr><td class=\"has-text-align-center\" data-align=\"center\" colspan=\"6\"><strong>Tableau des tailles (POUCES)<\/strong><\/td><\/tr><tr><td class=\"has-text-align-center\" data-align=\"center\"><strong>Taille<\/strong><\/td><td class=\"has-text-align-center\" data-align=\"center\"><strong>Longueur (po)<\/strong><\/td><td class=\"has-text-align-center\" data-align=\"center\"><strong>Sous le buste (po)<\/strong><\/td><td class=\"has-text-align-center\" data-align=\"center\"><strong>Taille de culotte (po)<\/strong><\/td><td class=\"has-text-align-center\" data-align=\"center\"><strong>Taille (po)<\/strong><\/td><td class=\"has-text-align-center\" data-align=\"center\"><strong>Longueur de la culotte (po)<\/strong><\/td><\/tr><tr><td class=\"has-text-align-center\" data-align=\"center\">S<\/td><td class=\"has-text-align-center\" data-align=\"center\">5.51<\/td><td class=\"has-text-align-center\" data-align=\"center\">25.20-33.07<\/td><td class=\"has-text-align-center\" data-align=\"center\">25.20-34.65<\/td><td class=\"has-text-align-center\" data-align=\"center\">25.98<\/td><td class=\"has-text-align-center\" data-align=\"center\">8.27<\/td><\/tr><tr><td class=\"has-text-align-center\" data-align=\"center\">M<\/td><td class=\"has-text-align-center\" data-align=\"center\">5.71<\/td><td class=\"has-text-align-center\" data-align=\"center\">26.77-34.65<\/td><td class=\"has-text-align-center\" data-align=\"center\">26.77-36.22<\/td><td class=\"has-text-align-center\" data-align=\"center\">27.56<\/td><td class=\"has-text-align-center\" data-align=\"center\">8.66<\/td><\/tr><tr><td class=\"has-text-align-center\" data-align=\"center\">L<\/td><td class=\"has-text-align-center\" data-align=\"center\">5.91<\/td><td class=\"has-text-align-center\" data-align=\"center\">28.35-36.22<\/td><td class=\"has-text-align-center\" data-align=\"center\">28.35-37.80<\/td><td class=\"has-text-align-center\" data-align=\"center\">29.13<\/td><td class=\"has-text-align-center\" data-align=\"center\">9.06<\/td><\/tr><\/tbody><\/table><\/figure>","protected":false},"excerpt":{"rendered":"<p>Adoptez l&#039;allure contemporaine avec notre <strong>ensemble soutien-gorge et jarreti\u00e8re<\/strong>, dot\u00e9 de bretelles crois\u00e9es et d&#039;un mat\u00e9riau en maille transparente, compl\u00e9t\u00e9 par une ceinture \u00e0 bretelles unique \u00e0 quatre couches et des tours de cuisse.<\/p>","protected":false},"featured_media":48653,"template":"","meta":[],"product_brand":[],"product_cat":[378,367,375],"product_tag":[507,452,524,447],"class_list":{"0":"post-48685","1":"product","2":"type-product","3":"status-publish","4":"has-post-thumbnail","6":"product_cat-wholesale-garter-straps","7":"product_cat-sexy-lingerie","8":"product_cat-whoelsale-sheer-bra-and-panty-sets","9":"product_tag-three-pcs-set","10":"product_tag-wholesale-boudoir-lingerie","11":"product_tag-metal-lingerie","12":"product_tag-wholesale-strappy-sexy-lingerie","13":"pa_color-bisque-women-sexy-lingerie","14":"pa_color-black","15":"pa_color-lime-women-sexy-lingerie","16":"pa_color-red-women-sexy-lingerie","17":"pa_size-wholesale-large-size-women-sexy-lingerie","18":"pa_size-wholesale-medium-size-women-sexy-lingerie","19":"pa_size-wholesale-small-size-sexy-lingerie","21":"first","22":"instock","23":"taxable","24":"shipping-taxable","25":"purchasable","26":"product-type-variable"},"tiered_pricing_type":"fixed","tiered_pricing_fixed_rules":[],"tiered_pricing_product_settings":{"layout":"table","base_unit_name":{"singular":null,"plural":null},"default_variation":null},"tiered_pricing_minimum_quantity":null,"tiered_pricing_roles_data":[],"tiered_pricing_percentage_rules":[],"tiered_pricing_maximum_quantity":null,"tiered_pricing_quantity_step":null,"_links":{"self":[{"href":"https:\/\/gretasexylingerie.com\/fr\/wp-json\/wp\/v2\/product\/48685","targetHints":{"allow":["GET"]}}],"collection":[{"href":"https:\/\/gretasexylingerie.com\/fr\/wp-json\/wp\/v2\/product"}],"about":[{"href":"https:\/\/gretasexylingerie.com\/fr\/wp-json\/wp\/v2\/types\/product"}],"wp:featuredmedia":[{"embeddable":true,"href":"https:\/\/gretasexylingerie.com\/fr\/wp-json\/wp\/v2\/media\/48653"}],"wp:attachment":[{"href":"https:\/\/gretasexylingerie.com\/fr\/wp-json\/wp\/v2\/media?parent=48685"}],"wp:term":[{"taxonomy":"product_brand","embeddable":true,"href":"https:\/\/gretasexylingerie.com\/fr\/wp-json\/wp\/v2\/product_brand?post=48685"},{"taxonomy":"product_cat","embeddable":true,"href":"https:\/\/gretasexylingerie.com\/fr\/wp-json\/wp\/v2\/product_cat?post=48685"},{"taxonomy":"product_tag","embeddable":true,"href":"https:\/\/gretasexylingerie.com\/fr\/wp-json\/wp\/v2\/product_tag?post=48685"}],"curies":[{"name":"wp","href":"https:\/\/api.w.org\/{rel}","templated":true}]}}