{"id":48417,"date":"2024-01-24T15:11:09","date_gmt":"2024-01-24T07:11:09","guid":{"rendered":"https:\/\/gretasexylingerie.com\/?post_type=product&#038;p=48417"},"modified":"2024-02-20T12:13:59","modified_gmt":"2024-02-20T04:13:59","slug":"vente-en-gros-ensemble-de-lingerie-a-bretelles","status":"publish","type":"product","link":"https:\/\/gretasexylingerie.com\/fr\/products\/wholesale-strappy-lingerie-set\/","title":{"rendered":"Ensemble de lingerie \u00e0 bretelles en gros avec bralette harnais ras du cou"},"content":{"rendered":"<p><strong>Charme de bo\u00eete de nuit, design creux sexy.<\/strong>: Cet ensemble de soutien-gorge harnais est confectionn\u00e9 avec des \u00e9l\u00e9ments creux s\u00e9duisants, parfaits pour capturer l&#039;essence du glamour des bo\u00eetes de nuit. Le design est \u00e0 la fois audacieux et attrayant, ce qui en fait un choix remarquable dans n&#039;importe quel <strong>ensemble de sous-v\u00eatements \u00e0 bretelles<\/strong> collection.<\/p>\n\n\n\n<p><strong>Sangles de cha\u00eene et de harnais sauvages<\/strong>: L&#039;inclusion d&#039;une cha\u00eene sauvage et de bretelles harnais ajoute une touche audacieuse mais irr\u00e9sistiblement sexy \u00e0 l&#039;ensemble. Ce d\u00e9tail audacieux est parfait pour celles qui aiment faire une d\u00e9claration avec leur lingerie, offrant un look unique et captivant.<\/p>\n\n\n\n<p><strong>Ensemble fendu sexy<\/strong>: Le design fendu sexy de l&#039;ensemble am\u00e9liore son allure, offrant un aper\u00e7u all\u00e9chant de la peau. Cette fonctionnalit\u00e9 est id\u00e9ale pour les clientes qui recherchent une lingerie \u00e0 la fois provocante et \u00e9l\u00e9gante.<\/p>\n\n\n\n<p><strong>Style ouvert et aventureux<\/strong>: Le style ouvert de la bralette ajoute un \u00e9l\u00e9ment d&#039;aventure et d&#039;audace. Il s&#039;agit d&#039;une approche innovante de la conception de lingerie, qui s\u00e9duit celles qui cherchent \u00e0 repousser les limites des styles de lingerie traditionnels.<\/p>\n\n\n\n<p><strong>Bralette harnais ras du cou<\/strong>: La bralette harnais tour de cou est un ajout \u00e0 la mode et moderne, offrant un look tendance et chic. Ce d\u00e9tail ajoute non seulement \u00e0 l&#039;attrait esth\u00e9tique de l&#039;ensemble, mais garantit \u00e9galement qu&#039;il se d\u00e9marque en tant que pi\u00e8ce avant-gardiste.<\/p>\n\n\n\n<p><strong>Parfait pour les d\u00e9clarations de mode audacieuses<\/strong>: Cet ensemble de lingerie est plus qu&#039;un simple sous-v\u00eatement ; c&#039;est une d\u00e9claration de mode. Il est id\u00e9al pour ceux qui cherchent \u00e0 ajouter un \u00e9l\u00e9ment audacieux et aventureux \u00e0 leur garde-robe, parfait pour les soir\u00e9es sp\u00e9ciales ou comme pi\u00e8ce de mode unique.<\/p>\n\n\n\n<p>Invitez vos clients \u00e0 entrer dans un monde de mode audacieuse et de charme s\u00e9duisant avec notre ensemble de lingerie \u00e0 bretelles. Son design unique et son souci du d\u00e9tail en font un incontournable de toute collection cherchant \u00e0 offrir un m\u00e9lange de nervosit\u00e9 et d&#039;allure. Commandez maintenant et ajoutez une touche de style audacieux \u00e0 vos offres !<\/p>","protected":false},"excerpt":{"rendered":"<p>Embrassez l\u2019audace de notre <strong>ensemble de lingerie \u00e0 bretelles<\/strong>, un ensemble captivant con\u00e7u pour une allure de discoth\u00e8que, avec des d\u00e9tails creux sexy et un harnais en cha\u00eene sauvage.<\/p>","protected":false},"featured_media":48415,"template":"","meta":[],"product_brand":[],"product_cat":[380,377,367],"product_tag":[448,524,880,449,533],"class_list":{"0":"post-48417","1":"product","2":"type-product","3":"status-publish","4":"has-post-thumbnail","6":"product_cat-wholesale-harness-bra-and-panty-set","7":"product_cat-harness-lingerie","8":"product_cat-sexy-lingerie","9":"product_tag-wholesale-elegant-sexy-lingerie","10":"product_tag-metal-lingerie","11":"product_tag-sexy-2-piece-lingerie","12":"product_tag-wholesale-sexy-crotchless-lingerie","13":"product_tag-sexy-cupless-lingerie","14":"pa_color-black","15":"pa_color-pink-women-sexy-lingerie","16":"pa_color-red-women-sexy-lingerie","17":"pa_color-white","18":"pa_size-free","20":"first","21":"instock","22":"taxable","23":"shipping-taxable","24":"purchasable","25":"product-type-variable"},"tiered_pricing_type":"fixed","tiered_pricing_fixed_rules":[],"tiered_pricing_product_settings":{"layout":"table","base_unit_name":{"singular":null,"plural":null},"default_variation":null},"tiered_pricing_minimum_quantity":null,"tiered_pricing_roles_data":[],"tiered_pricing_percentage_rules":[],"tiered_pricing_maximum_quantity":null,"tiered_pricing_quantity_step":null,"_links":{"self":[{"href":"https:\/\/gretasexylingerie.com\/fr\/wp-json\/wp\/v2\/product\/48417","targetHints":{"allow":["GET"]}}],"collection":[{"href":"https:\/\/gretasexylingerie.com\/fr\/wp-json\/wp\/v2\/product"}],"about":[{"href":"https:\/\/gretasexylingerie.com\/fr\/wp-json\/wp\/v2\/types\/product"}],"wp:featuredmedia":[{"embeddable":true,"href":"https:\/\/gretasexylingerie.com\/fr\/wp-json\/wp\/v2\/media\/48415"}],"wp:attachment":[{"href":"https:\/\/gretasexylingerie.com\/fr\/wp-json\/wp\/v2\/media?parent=48417"}],"wp:term":[{"taxonomy":"product_brand","embeddable":true,"href":"https:\/\/gretasexylingerie.com\/fr\/wp-json\/wp\/v2\/product_brand?post=48417"},{"taxonomy":"product_cat","embeddable":true,"href":"https:\/\/gretasexylingerie.com\/fr\/wp-json\/wp\/v2\/product_cat?post=48417"},{"taxonomy":"product_tag","embeddable":true,"href":"https:\/\/gretasexylingerie.com\/fr\/wp-json\/wp\/v2\/product_tag?post=48417"}],"curies":[{"name":"wp","href":"https:\/\/api.w.org\/{rel}","templated":true}]}}