{"id":48205,"date":"2024-01-23T21:41:36","date_gmt":"2024-01-23T13:41:36","guid":{"rendered":"https:\/\/gretasexylingerie.com\/?post_type=product&#038;p=48205"},"modified":"2024-04-04T15:03:33","modified_gmt":"2024-04-04T07:03:33","slug":"vente-en-gros-ensemble-de-lingerie-jarretiere-en-dentelle-florale-violette-et-rose","status":"publish","type":"product","link":"https:\/\/gretasexylingerie.com\/fr\/products\/wholesale-purple-and-pink-floral-lace-garter-lingerie-set\/","title":{"rendered":"Ensemble de lingerie jarreti\u00e8re en dentelle florale violette et rose en gros"},"content":{"rendered":"<p><strong>Artisanat floral de broderie haut de gamme<\/strong>: L&#039;ensemble pr\u00e9sente une broderie florale exquise, mettant en valeur un savoir-faire artisanal. Ces d\u00e9tails complexes ajoutent une touche luxueuse, ce qui en fait une pi\u00e8ce remarquable dans n&#039;importe quel <strong>ensemble de lingerie jarreti\u00e8re \u00e0 armatures en dentelle florale<\/strong> collection.<\/p>\n\n\n\n<p><strong>D\u00e9coration \u00e0 volants en soie<\/strong>: Des volants en soie ornent \u00e9l\u00e9gamment l&#039;ensemble, ajoutant une couche de sophistication et de f\u00e9minit\u00e9. Cette caract\u00e9ristique d\u00e9licate rehausse l\u2019esth\u00e9tique globale, s\u00e9duisant celles qui appr\u00e9cient un m\u00e9lange de luxe et d\u2019\u00e9l\u00e9gance dans leur lingerie.<\/p>\n\n\n\n<p><strong>Palette violet clair et rose<\/strong>: La palette de couleurs douces et romantiques du violet clair et du rose offre une alternative rafra\u00eechissante et tendance aux couleurs de lingerie traditionnelles. Cette palette est parfaite pour les clients qui recherchent quelque chose d&#039;unique et de mode dans leur <strong>ensemble soutien-gorge et pantalon rose<\/strong> s\u00e9lections.<\/p>\n\n\n\n<p><strong>Gamme de tailles polyvalente<\/strong>: S&#039;adressant \u00e0 une vari\u00e9t\u00e9 de morphologies, cet ensemble est disponible en tailles S, M, L, assurant un ajustement et un confort parfaits pour une client\u00e8le diversifi\u00e9e.<\/p>\n\n\n\n<p><strong>Parfait pour les occasions sp\u00e9ciales<\/strong>: Cet ensemble de lingerie, avec sa combinaison de broderies haut de gamme et de volants en soie, est un excellent choix pour les grandes occasions. Il est id\u00e9al pour celles qui cherchent \u00e0 ajouter une touche de luxe et de sophistication \u00e0 leur garde-robe de lingerie.<\/p>\n\n\n\n<p>Invitez vos clientes \u00e0 d\u00e9couvrir le charme de notre ensemble de lingerie jarreti\u00e8re en dentelle florale violette et rose. Son design exquis et son souci du d\u00e9tail en font un incontournable de toute collection de lingerie haut de gamme. Commandez d\u00e8s maintenant pour offrir \u00e0 vos clients un m\u00e9lange de luxe, de style et de confort\u00a0!<\/p>\n\n\n\n<figure class=\"wp-block-table\"><table><tbody><tr><td class=\"has-text-align-center\" data-align=\"center\" colspan=\"6\"><strong>Tableau des tailles (CM)<\/strong><\/td><\/tr><tr><td class=\"has-text-align-center\" data-align=\"center\"><strong>Taille<\/strong><\/td><td class=\"has-text-align-center\" data-align=\"center\"><strong>Tour de poitrine (cm)<\/strong><\/td><td class=\"has-text-align-center\" data-align=\"center\"><strong>Sous la poitrine (po)<\/strong><\/td><td class=\"has-text-align-center\" data-align=\"center\"><strong>Taille de la culotte (cm)<\/strong><\/td><td class=\"has-text-align-center\" data-align=\"center\"><strong>Taille (cm)<\/strong><\/td><td class=\"has-text-align-center\" data-align=\"center\"><strong>Longueur du pantalon (cm)<\/strong><\/td><\/tr><tr><td class=\"has-text-align-center\" data-align=\"center\">S<\/td><td class=\"has-text-align-center\" data-align=\"center\">20<\/td><td class=\"has-text-align-center\" data-align=\"center\">64-74<\/td><td class=\"has-text-align-center\" data-align=\"center\">62-94<\/td><td class=\"has-text-align-center\" data-align=\"center\">60-70<\/td><td class=\"has-text-align-center\" data-align=\"center\">21<\/td><\/tr><tr><td class=\"has-text-align-center\" data-align=\"center\">M<\/td><td class=\"has-text-align-center\" data-align=\"center\">21<\/td><td class=\"has-text-align-center\" data-align=\"center\">68-78<\/td><td class=\"has-text-align-center\" data-align=\"center\">66-98<\/td><td class=\"has-text-align-center\" data-align=\"center\">64-74<\/td><td class=\"has-text-align-center\" data-align=\"center\">22<\/td><\/tr><tr><td class=\"has-text-align-center\" data-align=\"center\">L<\/td><td class=\"has-text-align-center\" data-align=\"center\">22<\/td><td class=\"has-text-align-center\" data-align=\"center\">72-82<\/td><td class=\"has-text-align-center\" data-align=\"center\">70-102<\/td><td class=\"has-text-align-center\" data-align=\"center\">68-78<\/td><td class=\"has-text-align-center\" data-align=\"center\">23<\/td><\/tr><tr><td class=\"has-text-align-center\" data-align=\"center\" colspan=\"6\"><strong>Tableau des tailles (POUCES)<\/strong><\/td><\/tr><tr><td class=\"has-text-align-center\" data-align=\"center\"><strong>Taille<\/strong><\/td><td class=\"has-text-align-center\" data-align=\"center\"><strong>Longueur (po)<\/strong><\/td><td class=\"has-text-align-center\" data-align=\"center\"><strong>Sous le buste (dedans)<\/strong><\/td><td class=\"has-text-align-center\" data-align=\"center\"><strong>Taille de la culotte (po)<\/strong><\/td><td class=\"has-text-align-center\" data-align=\"center\"><strong>Taille (po)<\/strong><\/td><td class=\"has-text-align-center\" data-align=\"center\"><strong>Longueur du pantalon (po)<\/strong><\/td><\/tr><tr><td class=\"has-text-align-center\" data-align=\"center\">S<\/td><td class=\"has-text-align-center\" data-align=\"center\">7.87<\/td><td class=\"has-text-align-center\" data-align=\"center\">25.20-29.13<\/td><td class=\"has-text-align-center\" data-align=\"center\">24.41-37.01<\/td><td class=\"has-text-align-center\" data-align=\"center\">23.62-27.56<\/td><td class=\"has-text-align-center\" data-align=\"center\">8.27<\/td><\/tr><tr><td class=\"has-text-align-center\" data-align=\"center\">M<\/td><td class=\"has-text-align-center\" data-align=\"center\">8.27<\/td><td class=\"has-text-align-center\" data-align=\"center\">26.77-30.71<\/td><td class=\"has-text-align-center\" data-align=\"center\">25.98-38.58<\/td><td class=\"has-text-align-center\" data-align=\"center\">25.20-29.13<\/td><td class=\"has-text-align-center\" data-align=\"center\">8.66<\/td><\/tr><tr><td class=\"has-text-align-center\" data-align=\"center\">L<\/td><td class=\"has-text-align-center\" data-align=\"center\">8.66<\/td><td class=\"has-text-align-center\" data-align=\"center\">28.35-32.28<\/td><td class=\"has-text-align-center\" data-align=\"center\">27.56-40.16<\/td><td class=\"has-text-align-center\" data-align=\"center\">26.77-30.71<\/td><td class=\"has-text-align-center\" data-align=\"center\">9.06<\/td><\/tr><\/tbody><\/table><\/figure>","protected":false},"excerpt":{"rendered":"<p>Savourez l&#039;\u00e9l\u00e9gance de notre <strong>culotte soutien-gorge de couleur violette<\/strong> ensemble, orn\u00e9 de broderies florales haut de gamme et de d\u00e9corations de volants en soie. Cet ensemble violet clair et rose t\u00e9moigne d&#039;un style luxueux.<\/p>","protected":false},"featured_media":48187,"template":"","meta":[],"product_brand":[],"product_cat":[368,369,367],"product_tag":[452,510,880,864],"class_list":{"0":"post-48205","1":"product","2":"type-product","3":"status-publish","4":"has-post-thumbnail","6":"product_cat-bra-panty-set","7":"product_cat-wholesale-lace-bra-and-panty-sets","8":"product_cat-sexy-lingerie","9":"product_tag-wholesale-boudoir-lingerie","10":"product_tag-ruffles-lingerie","11":"product_tag-sexy-2-piece-lingerie","12":"product_tag-sexy-petite-lingerie","13":"pa_color-light-purple","14":"pa_color-pink-women-sexy-lingerie","15":"pa_size-wholesale-large-size-women-sexy-lingerie","16":"pa_size-wholesale-medium-size-women-sexy-lingerie","17":"pa_size-wholesale-small-size-sexy-lingerie","19":"first","20":"instock","21":"taxable","22":"shipping-taxable","23":"purchasable","24":"product-type-variable"},"tiered_pricing_type":"fixed","tiered_pricing_fixed_rules":[],"tiered_pricing_product_settings":{"layout":"table","base_unit_name":{"singular":null,"plural":null},"default_variation":null},"tiered_pricing_minimum_quantity":null,"tiered_pricing_roles_data":[],"tiered_pricing_percentage_rules":[],"tiered_pricing_maximum_quantity":null,"tiered_pricing_quantity_step":null,"_links":{"self":[{"href":"https:\/\/gretasexylingerie.com\/fr\/wp-json\/wp\/v2\/product\/48205","targetHints":{"allow":["GET"]}}],"collection":[{"href":"https:\/\/gretasexylingerie.com\/fr\/wp-json\/wp\/v2\/product"}],"about":[{"href":"https:\/\/gretasexylingerie.com\/fr\/wp-json\/wp\/v2\/types\/product"}],"wp:featuredmedia":[{"embeddable":true,"href":"https:\/\/gretasexylingerie.com\/fr\/wp-json\/wp\/v2\/media\/48187"}],"wp:attachment":[{"href":"https:\/\/gretasexylingerie.com\/fr\/wp-json\/wp\/v2\/media?parent=48205"}],"wp:term":[{"taxonomy":"product_brand","embeddable":true,"href":"https:\/\/gretasexylingerie.com\/fr\/wp-json\/wp\/v2\/product_brand?post=48205"},{"taxonomy":"product_cat","embeddable":true,"href":"https:\/\/gretasexylingerie.com\/fr\/wp-json\/wp\/v2\/product_cat?post=48205"},{"taxonomy":"product_tag","embeddable":true,"href":"https:\/\/gretasexylingerie.com\/fr\/wp-json\/wp\/v2\/product_tag?post=48205"}],"curies":[{"name":"wp","href":"https:\/\/api.w.org\/{rel}","templated":true}]}}