{"id":48173,"date":"2024-01-23T21:37:25","date_gmt":"2024-01-23T13:37:25","guid":{"rendered":"https:\/\/gretasexylingerie.com\/?post_type=product&#038;p=48173"},"modified":"2024-02-20T12:39:38","modified_gmt":"2024-02-20T04:39:38","slug":"vente-en-gros-soutien-gorge-ouvert-sexy-avec-culotte-chaude","status":"publish","type":"product","link":"https:\/\/gretasexylingerie.com\/fr\/products\/wholesale-sexy-open-bra-set-with-hot-panty\/","title":{"rendered":"Ensemble de soutien-gorge ouvert sexy en gros avec un design de culotte chaude dans des couleurs contrast\u00e9es"},"content":{"rendered":"<p><strong>Technologie d&#039;\u00e9pissage des sangles<\/strong>: Cet ensemble de soutien-gorge utilise une technologie innovante d&#039;\u00e9pissure de bretelles, cr\u00e9ant un design unique et accrocheur. Cette caract\u00e9ristique ajoute non seulement une touche moderne \u00e0 l&#039;ensemble, mais assure \u00e9galement un ajustement s\u00fbr et flatteur, attrayant pour celles qui recherchent une lingerie alliant design de pointe et confort.<\/p>\n\n\n\n<p><strong>Conception de poitrine creuse<\/strong>: Le design \u00e0 poitrine creuse de cet ensemble offre un look audacieux et provocateur, parfait pour ceux qui veulent faire une d\u00e9claration audacieuse. Cet \u00e9l\u00e9ment de conception est essentiel pour r\u00e9aliser cela <strong>ensemble ouvert sexy<\/strong> une pi\u00e8ce remarquable, id\u00e9ale pour les occasions sp\u00e9ciales ou pour ajouter une \u00e9tincelle \u00e0 un usage quotidien.<\/p>\n\n\n\n<p><strong>Tissu en maille noir<\/strong>: L&#039;utilisation de tissu en maille noire ajoute une couche d&#039;allure et de sophistication. C&#039;est assez simple pour s\u00e9duire tout en laissant suffisamment de place \u00e0 l&#039;imagination, trouvant l&#039;\u00e9quilibre parfait pour un <strong>conception de d\u00e9cors de culottes chaudes<\/strong>.<\/p>\n\n\n\n<p><strong>Conception de couleurs contrast\u00e9es<\/strong>: Disponibles en HotPink, Orange et Rouge, ces couleurs contrast\u00e9es vibrantes ajoutent une dimension suppl\u00e9mentaire d&#039;attrait. Chaque option de couleur offre une ambiance et un style diff\u00e9rents, r\u00e9pondant \u00e0 une vari\u00e9t\u00e9 de pr\u00e9f\u00e9rences et rendant l&#039;ensemble polyvalent pour diff\u00e9rentes personnalit\u00e9s.<\/p>\n\n\n\n<p><strong>Gamme de tailles polyvalente<\/strong>: Avec des tailles allant du S au L, cet ensemble de soutien-gorge est con\u00e7u pour s&#039;adapter \u00e0 un large \u00e9ventail de morphologies. Cette inclusivit\u00e9 garantit que chaque cliente peut trouver sa coupe parfaite, ce qui en fait un excellent ajout \u00e0 toute collection de lingerie.<\/p>\n\n\n\n<p><strong>Soutien-gorge et culotte ligot\u00e9s<\/strong>: L&#039;ensemble comprend un soutien-gorge nou\u00e9 et une culotte, ajoutant un \u00e9l\u00e9ment ludique et s\u00e9duisant. Ce d\u00e9tail am\u00e9liore non seulement l&#039;attrait visuel de l&#039;ensemble, mais permet \u00e9galement un ajustement et un ajustement personnalis\u00e9.<\/p>\n\n\n\n<p>Osez \u00e9blouir avec notre ensemble de soutien-gorge super sexy, un m\u00e9lange parfait de design audacieux et de d\u00e9tails s\u00e9duisants. Ses caract\u00e9ristiques uniques et ses couleurs contrast\u00e9es en font un incontournable de toute collection cherchant \u00e0 ajouter une touche d&#039;excitation et d&#039;allure. Commandez maintenant et apportez un nouveau niveau de s\u00e9duction \u00e0 vos offres !<\/p>\n\n\n\n<figure class=\"wp-block-table\"><table><tbody><tr><td class=\"has-text-align-center\" data-align=\"center\" colspan=\"6\"><strong>Tableau des tailles (CM)<\/strong><\/td><\/tr><tr><td class=\"has-text-align-center\" data-align=\"center\"><strong>Taille<\/strong><\/td><td class=\"has-text-align-center\" data-align=\"center\"><strong>Longueur (cm)<\/strong><\/td><td class=\"has-text-align-center\" data-align=\"center\"><strong>Tour de poitrine (cm)<\/strong><\/td><td class=\"has-text-align-center\" data-align=\"center\"><strong>Taille de la culotte (cm)<\/strong><\/td><td class=\"has-text-align-center\" data-align=\"center\"><strong>Taille (cm)<\/strong><\/td><td class=\"has-text-align-center\" data-align=\"center\"><strong>Longueur du pantalon (cm)<\/strong><\/td><\/tr><tr><td class=\"has-text-align-center\" data-align=\"center\">S<\/td><td class=\"has-text-align-center\" data-align=\"center\">20<\/td><td class=\"has-text-align-center\" data-align=\"center\">64-74<\/td><td class=\"has-text-align-center\" data-align=\"center\">62-94<\/td><td class=\"has-text-align-center\" data-align=\"center\">60-70<\/td><td class=\"has-text-align-center\" data-align=\"center\">21<\/td><\/tr><tr><td class=\"has-text-align-center\" data-align=\"center\">M<\/td><td class=\"has-text-align-center\" data-align=\"center\">21<\/td><td class=\"has-text-align-center\" data-align=\"center\">68-78<\/td><td class=\"has-text-align-center\" data-align=\"center\">66-98<\/td><td class=\"has-text-align-center\" data-align=\"center\">64-74<\/td><td class=\"has-text-align-center\" data-align=\"center\">22<\/td><\/tr><tr><td class=\"has-text-align-center\" data-align=\"center\">L<\/td><td class=\"has-text-align-center\" data-align=\"center\">22<\/td><td class=\"has-text-align-center\" data-align=\"center\">72-82<\/td><td class=\"has-text-align-center\" data-align=\"center\">70-102<\/td><td class=\"has-text-align-center\" data-align=\"center\">68-78<\/td><td class=\"has-text-align-center\" data-align=\"center\">23<\/td><\/tr><tr><td class=\"has-text-align-center\" data-align=\"center\" colspan=\"6\"><strong>Tableau des tailles (POUCES)<\/strong><\/td><\/tr><tr><td class=\"has-text-align-center\" data-align=\"center\"><strong>Taille<\/strong><\/td><td class=\"has-text-align-center\" data-align=\"center\"><strong>Longueur (po)<\/strong><\/td><td class=\"has-text-align-center\" data-align=\"center\"><strong>Sous la poitrine (po)<\/strong><\/td><td class=\"has-text-align-center\" data-align=\"center\"><strong>Taille de la culotte (po)<\/strong><\/td><td class=\"has-text-align-center\" data-align=\"center\"><strong>Taille (po)<\/strong><\/td><td class=\"has-text-align-center\" data-align=\"center\"><strong>Longueur du pantalon (po)<\/strong><\/td><\/tr><tr><td class=\"has-text-align-center\" data-align=\"center\">S<\/td><td class=\"has-text-align-center\" data-align=\"center\">7.87<\/td><td class=\"has-text-align-center\" data-align=\"center\">25.20-29.13<\/td><td class=\"has-text-align-center\" data-align=\"center\">24.41-37.01<\/td><td class=\"has-text-align-center\" data-align=\"center\">23.62-27.56<\/td><td class=\"has-text-align-center\" data-align=\"center\">8.27<\/td><\/tr><tr><td class=\"has-text-align-center\" data-align=\"center\">M<\/td><td class=\"has-text-align-center\" data-align=\"center\">8.27<\/td><td class=\"has-text-align-center\" data-align=\"center\">26.77-30.71<\/td><td class=\"has-text-align-center\" data-align=\"center\">25.98-38.58<\/td><td class=\"has-text-align-center\" data-align=\"center\">25.20-29.13<\/td><td class=\"has-text-align-center\" data-align=\"center\">8.66<\/td><\/tr><tr><td class=\"has-text-align-center\" data-align=\"center\">L<\/td><td class=\"has-text-align-center\" data-align=\"center\">8.66<\/td><td class=\"has-text-align-center\" data-align=\"center\">28.35-32.28<\/td><td class=\"has-text-align-center\" data-align=\"center\">27.56-40.16<\/td><td class=\"has-text-align-center\" data-align=\"center\">26.77-30.71<\/td><td class=\"has-text-align-center\" data-align=\"center\">9.06<\/td><\/tr><\/tbody><\/table><\/figure>","protected":false},"excerpt":{"rendered":"<p>Allumez la passion avec notre <strong>ensemble ouvert sexy<\/strong>, dot\u00e9 d&#039;une technologie d&#039;\u00e9pissage de sangles et d&#039;un design de poitrine creuse. Fabriqu\u00e9 en maille noire avec des couleurs contrast\u00e9es vibrantes de HotPink, Orange et Rouge, cet ensemble est l&#039;incarnation de la s\u00e9duction.<\/p>","protected":false},"featured_media":48154,"template":"","meta":[],"product_brand":[],"product_cat":[368,376],"product_tag":[880,453,504],"class_list":{"0":"post-48173","1":"product","2":"type-product","3":"status-publish","4":"has-post-thumbnail","6":"product_cat-bra-panty-set","7":"product_cat-wholesale-ultra-sexy-bra-panty-set","8":"product_tag-sexy-2-piece-lingerie","9":"product_tag-wholesale-sexy-naughty-lingerie","10":"product_tag-ultra-sexy","11":"pa_color-hot-pink-women-sexy-lingerie","12":"pa_color-orange","13":"pa_color-red-women-sexy-lingerie","14":"pa_size-wholesale-large-size-women-sexy-lingerie","15":"pa_size-wholesale-medium-size-women-sexy-lingerie","16":"pa_size-wholesale-small-size-sexy-lingerie","18":"first","19":"instock","20":"taxable","21":"shipping-taxable","22":"purchasable","23":"product-type-variable"},"tiered_pricing_type":"fixed","tiered_pricing_fixed_rules":[],"tiered_pricing_product_settings":{"layout":"table","base_unit_name":{"singular":null,"plural":null},"default_variation":null},"tiered_pricing_minimum_quantity":null,"tiered_pricing_roles_data":[],"tiered_pricing_percentage_rules":[],"tiered_pricing_maximum_quantity":null,"tiered_pricing_quantity_step":null,"_links":{"self":[{"href":"https:\/\/gretasexylingerie.com\/fr\/wp-json\/wp\/v2\/product\/48173","targetHints":{"allow":["GET"]}}],"collection":[{"href":"https:\/\/gretasexylingerie.com\/fr\/wp-json\/wp\/v2\/product"}],"about":[{"href":"https:\/\/gretasexylingerie.com\/fr\/wp-json\/wp\/v2\/types\/product"}],"wp:featuredmedia":[{"embeddable":true,"href":"https:\/\/gretasexylingerie.com\/fr\/wp-json\/wp\/v2\/media\/48154"}],"wp:attachment":[{"href":"https:\/\/gretasexylingerie.com\/fr\/wp-json\/wp\/v2\/media?parent=48173"}],"wp:term":[{"taxonomy":"product_brand","embeddable":true,"href":"https:\/\/gretasexylingerie.com\/fr\/wp-json\/wp\/v2\/product_brand?post=48173"},{"taxonomy":"product_cat","embeddable":true,"href":"https:\/\/gretasexylingerie.com\/fr\/wp-json\/wp\/v2\/product_cat?post=48173"},{"taxonomy":"product_tag","embeddable":true,"href":"https:\/\/gretasexylingerie.com\/fr\/wp-json\/wp\/v2\/product_tag?post=48173"}],"curies":[{"name":"wp","href":"https:\/\/api.w.org\/{rel}","templated":true}]}}