{"id":48102,"date":"2024-01-23T21:26:45","date_gmt":"2024-01-23T13:26:45","guid":{"rendered":"https:\/\/gretasexylingerie.com\/?post_type=product&#038;p=48102"},"modified":"2024-02-20T12:45:41","modified_gmt":"2024-02-20T04:45:41","slug":"vente-en-gros-ensemble-de-lingerie-sexy-en-dentelle-gris-argente","status":"publish","type":"product","link":"https:\/\/gretasexylingerie.com\/fr\/products\/wholesale-sexy-lace-lingerie-set-in-silver-gray\/","title":{"rendered":"Ensemble de lingerie sexy en dentelle en gros en contraste gris argent\u00e9 et rose"},"content":{"rendered":"<p><strong>Dentelle de couleur contrast\u00e9e saisissante<\/strong>: Le contraste accrocheur du gris argent\u00e9 et du rose dans cet ensemble de lingerie offre une esth\u00e9tique unique et moderne. Cette combinaison de couleurs audacieuse est parfaite pour celles qui recherchent une lingerie qui se d\u00e9marque, ce qui en fait un choix hautement souhaitable pour votre <strong>bel ensemble de soutien-gorge<\/strong> collection.<\/p>\n\n\n\n<p><strong>Conception de dentelle creuse sexy<\/strong>: L&#039;ensemble pr\u00e9sente une dentelle creuse sexy, qui ajoute une couche d&#039;intrigue et d&#039;allure. Cet \u00e9l\u00e9ment de design n&#039;est pas seulement visuellement attrayant, mais \u00e9voque \u00e9galement un sentiment d&#039;audace et de confiance, attirant les clientes qui aiment exprimer leur style \u00e0 travers leurs choix de lingerie.<\/p>\n\n\n\n<p><strong>Gamme de tailles polyvalente<\/strong>: S&#039;adressant \u00e0 un large \u00e9ventail de morphologies, cet ensemble est disponible en tailles S, M, L. Cette inclusivit\u00e9 garantit que chaque client peut trouver la solution id\u00e9ale, ce qui en fait un choix pratique et attrayant pour un <strong>petit soutien-gorge et culotte<\/strong> collection.<\/p>\n\n\n\n<p><strong>Appel \u00e9l\u00e9gant et sensuel<\/strong>: La combinaison de la dentelle d\u00e9licate et du contraste de couleurs saisissant cr\u00e9e un attrait \u00e0 la fois \u00e9l\u00e9gant et sensuel. Cet ensemble est parfait pour les occasions sp\u00e9ciales o\u00f9 vos clients veulent se sentir \u00e0 la fois sophistiqu\u00e9s et s\u00e9duisants.<\/p>\n\n\n\n<p><strong>Parfait pour diverses collections<\/strong>: Cet ensemble de soutien-gorge en dentelle de couleur contrast\u00e9e, avec son m\u00e9lange de style moderne et d&#039;\u00e9l\u00e9gance classique, est un excellent ajout \u00e0 toute collection de lingerie. Il est id\u00e9al pour les boutiques et les magasins qui cherchent \u00e0 offrir \u00e0 leurs clients un m\u00e9lange de design contemporain et de beaut\u00e9 intemporelle.<\/p>\n\n\n\n<p>Invitez vos clientes \u00e0 d\u00e9couvrir le charme unique de notre ensemble de lingerie sexy en dentelle. Son design exquis et son souci du d\u00e9tail en font un ajout remarquable \u00e0 toute collection de lingerie haut de gamme. Commandez maintenant pour rehausser vos offres avec une touche de sophistication et de style moderne\u00a0!<\/p>\n\n\n\n<figure class=\"wp-block-table\"><table><tbody><tr><td class=\"has-text-align-center\" data-align=\"center\" colspan=\"4\"><strong>Tableau des tailles (CM)<\/strong><\/td><\/tr><tr><td class=\"has-text-align-center\" data-align=\"center\"><strong>Taille<\/strong><\/td><td class=\"has-text-align-center\" data-align=\"center\"><strong>Tour de poitrine (cm)<\/strong><\/td><td class=\"has-text-align-center\" data-align=\"center\"><strong>Taille de la culotte (cm)<\/strong><\/td><td class=\"has-text-align-center\" data-align=\"center\"><strong>Longueur du pantalon (cm)<\/strong><\/td><\/tr><tr><td class=\"has-text-align-center\" data-align=\"center\">S<\/td><td class=\"has-text-align-center\" data-align=\"center\">68-80<\/td><td class=\"has-text-align-center\" data-align=\"center\">68-80<\/td><td class=\"has-text-align-center\" data-align=\"center\">20.5<\/td><\/tr><tr><td class=\"has-text-align-center\" data-align=\"center\">M<\/td><td class=\"has-text-align-center\" data-align=\"center\">73-85<\/td><td class=\"has-text-align-center\" data-align=\"center\">73-85<\/td><td class=\"has-text-align-center\" data-align=\"center\">21.5<\/td><\/tr><tr><td class=\"has-text-align-center\" data-align=\"center\">L<\/td><td class=\"has-text-align-center\" data-align=\"center\">78-90<\/td><td class=\"has-text-align-center\" data-align=\"center\">78-90<\/td><td class=\"has-text-align-center\" data-align=\"center\">22.5<\/td><\/tr><tr><td class=\"has-text-align-center\" data-align=\"center\" colspan=\"4\"><strong>Tableau des tailles (POUCES)<\/strong><\/td><\/tr><tr><td class=\"has-text-align-center\" data-align=\"center\"><strong>Taille<\/strong><\/td><td class=\"has-text-align-center\" data-align=\"center\"><strong>Sous la poitrine (po)<\/strong><\/td><td class=\"has-text-align-center\" data-align=\"center\"><strong>Taille de culotte (po)<\/strong><\/td><td class=\"has-text-align-center\" data-align=\"center\"><strong>Longueur du pantalon (po)<\/strong><\/td><\/tr><tr><td class=\"has-text-align-center\" data-align=\"center\">S<\/td><td class=\"has-text-align-center\" data-align=\"center\">26.77-31.50<\/td><td class=\"has-text-align-center\" data-align=\"center\">26.77-31.50<\/td><td class=\"has-text-align-center\" data-align=\"center\">8.07<\/td><\/tr><tr><td class=\"has-text-align-center\" data-align=\"center\">M<\/td><td class=\"has-text-align-center\" data-align=\"center\">28.74-33.46<\/td><td class=\"has-text-align-center\" data-align=\"center\">28.74-33.46<\/td><td class=\"has-text-align-center\" data-align=\"center\">8.46<\/td><\/tr><tr><td class=\"has-text-align-center\" data-align=\"center\">L<\/td><td class=\"has-text-align-center\" data-align=\"center\">30.71-35.43<\/td><td class=\"has-text-align-center\" data-align=\"center\">30.71-35.43<\/td><td class=\"has-text-align-center\" data-align=\"center\">8.86<\/td><\/tr><\/tbody><\/table><\/figure>","protected":false},"excerpt":{"rendered":"<p>Adoptez le charme de notre <strong>ensemble de lingerie sexy en dentelle<\/strong>, un contraste saisissant de gris argent\u00e9 et de rose. Ce magnifique ensemble soutien-gorge et culotte est un t\u00e9moignage d&#039;\u00e9l\u00e9gance et de sensualit\u00e9.<\/p>","protected":false},"featured_media":48092,"template":"","meta":[],"product_brand":[],"product_cat":[368,369,367],"product_tag":[452,880,864],"class_list":{"0":"post-48102","1":"product","2":"type-product","3":"status-publish","4":"has-post-thumbnail","6":"product_cat-bra-panty-set","7":"product_cat-wholesale-lace-bra-and-panty-sets","8":"product_cat-sexy-lingerie","9":"product_tag-wholesale-boudoir-lingerie","10":"product_tag-sexy-2-piece-lingerie","11":"product_tag-sexy-petite-lingerie","12":"pa_color-pink-women-sexy-lingerie","13":"pa_size-wholesale-large-size-women-sexy-lingerie","14":"pa_size-wholesale-medium-size-women-sexy-lingerie","15":"pa_size-wholesale-small-size-sexy-lingerie","17":"first","18":"instock","19":"taxable","20":"shipping-taxable","21":"purchasable","22":"product-type-variable"},"tiered_pricing_type":"fixed","tiered_pricing_fixed_rules":[],"tiered_pricing_product_settings":{"layout":"table","base_unit_name":{"singular":null,"plural":null},"default_variation":null},"tiered_pricing_minimum_quantity":null,"tiered_pricing_roles_data":[],"tiered_pricing_percentage_rules":[],"tiered_pricing_maximum_quantity":null,"tiered_pricing_quantity_step":null,"_links":{"self":[{"href":"https:\/\/gretasexylingerie.com\/fr\/wp-json\/wp\/v2\/product\/48102","targetHints":{"allow":["GET"]}}],"collection":[{"href":"https:\/\/gretasexylingerie.com\/fr\/wp-json\/wp\/v2\/product"}],"about":[{"href":"https:\/\/gretasexylingerie.com\/fr\/wp-json\/wp\/v2\/types\/product"}],"wp:featuredmedia":[{"embeddable":true,"href":"https:\/\/gretasexylingerie.com\/fr\/wp-json\/wp\/v2\/media\/48092"}],"wp:attachment":[{"href":"https:\/\/gretasexylingerie.com\/fr\/wp-json\/wp\/v2\/media?parent=48102"}],"wp:term":[{"taxonomy":"product_brand","embeddable":true,"href":"https:\/\/gretasexylingerie.com\/fr\/wp-json\/wp\/v2\/product_brand?post=48102"},{"taxonomy":"product_cat","embeddable":true,"href":"https:\/\/gretasexylingerie.com\/fr\/wp-json\/wp\/v2\/product_cat?post=48102"},{"taxonomy":"product_tag","embeddable":true,"href":"https:\/\/gretasexylingerie.com\/fr\/wp-json\/wp\/v2\/product_tag?post=48102"}],"curies":[{"name":"wp","href":"https:\/\/api.w.org\/{rel}","templated":true}]}}