{"id":48070,"date":"2024-01-23T11:46:19","date_gmt":"2024-01-23T03:46:19","guid":{"rendered":"https:\/\/gretasexylingerie.com\/?post_type=product&#038;p=48070"},"modified":"2024-01-23T12:16:44","modified_gmt":"2024-01-23T04:16:44","slug":"vente-en-gros-corset-bustier-transparent-serti-de-fleurs","status":"publish","type":"product","link":"https:\/\/gretasexylingerie.com\/fr\/products\/wholesale-sheer-bustier-corset-set-with-floral\/","title":{"rendered":"Vente en gros Ensemble Corset Bustier Transparent avec Floral"},"content":{"rendered":"<p><strong>Allure en maille transparente<\/strong>: L&#039;ensemble bustier pr\u00e9sente une d\u00e9licate maille transparente, offrant un look \u00e0 la fois all\u00e9chant et sophistiqu\u00e9. Cette pure \u00e9l\u00e9gance est parfaite pour celles qui recherchent un \u00e9quilibre entre allure et gr\u00e2ce dans leur lingerie, ce qui en fait un choix remarquable dans n&#039;importe quelle pi\u00e8ce. <strong>ensemble corset deux pi\u00e8ces<\/strong> collection.<\/p>\n\n\n\n<p><strong>Broderie florale exquise<\/strong>: Orn\u00e9 de broderies complexes en dentelle florale, cet ensemble d\u00e9gage une atmosph\u00e8re romantique et luxueuse. Le savoir-faire d\u00e9taill\u00e9 met en valeur un haut niveau artistique, attirant les clientes qui appr\u00e9cient la beaut\u00e9 et la complexit\u00e9 du travail de la dentelle dans leur lingerie.<\/p>\n\n\n\n<p><strong>Accent de bande \u00e9lastique dor\u00e9e<\/strong>: L&#039;inclusion d&#039;un \u00e9lastique dor\u00e9 ajoute une touche de glamour et de raffinement. Cette caract\u00e9ristique \u00e9l\u00e9gante am\u00e9liore non seulement l&#039;attrait esth\u00e9tique, mais offre \u00e9galement un ajustement confortable et r\u00e9glable, rendant l&#039;ensemble \u00e0 la fois beau et pratique.<\/p>\n\n\n\n<p><strong>Boutons de poitrine \u00e0 cinq \u00e9paisseurs<\/strong>: La conception unique des boutons de poitrine \u00e0 cinq couches offre une polyvalence et un ajustement personnalisable. Ce d\u00e9tail bien pens\u00e9 garantit que le bustier s&#039;adapte \u00e0 diff\u00e9rentes morphologies, offrant \u00e0 la fois un soutien et une silhouette flatteuse.<\/p>\n\n\n\n<p><strong>Parfait pour les collections haut de gamme<\/strong>: Cet ensemble corset bustier transparent, avec sa combinaison d&#039;\u00e9l\u00e9gance et de design contemporain, est un compl\u00e9ment id\u00e9al \u00e0 toute collection de lingerie haut de gamme. C&#039;est plus que de la simple lingerie ; c&#039;est une d\u00e9claration de mode qui offre \u00e0 vos clients un m\u00e9lange de luxe, de confort et de style.<\/p>\n\n\n\n<p>Invitez vos clients \u00e0 d\u00e9couvrir le charme luxueux de notre ensemble corset bustier transparent. Son design exquis et son souci du d\u00e9tail en font un incontournable de toute collection de lingerie haut de gamme. Commandez maintenant pour rehausser vos offres avec une touche de sophistication et de style moderne\u00a0!<\/p>\n\n\n\n<figure class=\"wp-block-table\"><table><tbody><tr><td class=\"has-text-align-center\" data-align=\"center\" colspan=\"4\"><strong>Tableau des tailles (CM)<\/strong><\/td><\/tr><tr><td class=\"has-text-align-center\" data-align=\"center\"><strong>Taille<\/strong><\/td><td class=\"has-text-align-center\" data-align=\"center\"><strong>Longueur (cm)<\/strong><\/td><td class=\"has-text-align-center\" data-align=\"center\"><strong>Tour de poitrine (cm)<\/strong><\/td><td class=\"has-text-align-center\" data-align=\"center\"><strong>Taille de la culotte (cm)<\/strong><\/td><td class=\"has-text-align-center\" data-align=\"center\"><strong>Longueur du pantalon (cm)<\/strong><\/td><\/tr><tr><td class=\"has-text-align-center\" data-align=\"center\">S<\/td><td class=\"has-text-align-center\" data-align=\"center\">22<\/td><td class=\"has-text-align-center\" data-align=\"center\">64-82<\/td><td class=\"has-text-align-center\" data-align=\"center\">64-90<\/td><td class=\"has-text-align-center\" data-align=\"center\">24<\/td><\/tr><tr><td class=\"has-text-align-center\" data-align=\"center\">M<\/td><td class=\"has-text-align-center\" data-align=\"center\">23<\/td><td class=\"has-text-align-center\" data-align=\"center\">68-86<\/td><td class=\"has-text-align-center\" data-align=\"center\">68-94<\/td><td class=\"has-text-align-center\" data-align=\"center\">25<\/td><\/tr><tr><td class=\"has-text-align-center\" data-align=\"center\">L<\/td><td class=\"has-text-align-center\" data-align=\"center\">24<\/td><td class=\"has-text-align-center\" data-align=\"center\">72-90<\/td><td class=\"has-text-align-center\" data-align=\"center\">72-98<\/td><td class=\"has-text-align-center\" data-align=\"center\">26<\/td><\/tr><tr><td class=\"has-text-align-center\" data-align=\"center\" colspan=\"4\"><strong>Tableau des tailles (POUCES)<\/strong><\/td><\/tr><tr><td class=\"has-text-align-center\" data-align=\"center\"><strong>Taille<\/strong><\/td><td class=\"has-text-align-center\" data-align=\"center\"><strong>Longueur (po)<\/strong><\/td><td class=\"has-text-align-center\" data-align=\"center\"><strong>Sous la poitrine (po)<\/strong><\/td><td class=\"has-text-align-center\" data-align=\"center\"><strong>Taille de culotte (po)<\/strong><\/td><td class=\"has-text-align-center\" data-align=\"center\"><strong>Longueur du pantalon (po)<\/strong><\/td><\/tr><tr><td class=\"has-text-align-center\" data-align=\"center\">S<\/td><td class=\"has-text-align-center\" data-align=\"center\">8.66<\/td><td class=\"has-text-align-center\" data-align=\"center\">25.20-32.28<\/td><td class=\"has-text-align-center\" data-align=\"center\">25.20-35.43<\/td><td class=\"has-text-align-center\" data-align=\"center\">9.45<\/td><\/tr><tr><td class=\"has-text-align-center\" data-align=\"center\">M<\/td><td class=\"has-text-align-center\" data-align=\"center\">9.06<\/td><td class=\"has-text-align-center\" data-align=\"center\">26.77-33.86<\/td><td class=\"has-text-align-center\" data-align=\"center\">26.77-37.01<\/td><td class=\"has-text-align-center\" data-align=\"center\">9.84<\/td><\/tr><tr><td class=\"has-text-align-center\" data-align=\"center\">L<\/td><td class=\"has-text-align-center\" data-align=\"center\">9.45<\/td><td class=\"has-text-align-center\" data-align=\"center\">28.35-35.43<\/td><td class=\"has-text-align-center\" data-align=\"center\">28.35-38.58<\/td><td class=\"has-text-align-center\" data-align=\"center\">10.24<\/td><\/tr><\/tbody><\/table><\/figure>","protected":false},"excerpt":{"rendered":"<p>Laissez-vous tenter par la sophistication de notre <strong>ensemble de lingerie \u00e0 armatures en dentelle florale<\/strong>, dot\u00e9 d&#039;un maillage pli\u00e9 \u00e0 trois couches. Disponible en noir, rouge, blanc et rose vif, cet ensemble est un m\u00e9lange d&#039;\u00e9l\u00e9gance et de charme ludique.<\/p>","protected":false},"featured_media":47977,"template":"","meta":[],"product_brand":[],"product_cat":[387,390,367],"product_tag":[452,448,518],"class_list":{"0":"post-48070","1":"product","2":"type-product","3":"status-publish","4":"has-post-thumbnail","6":"product_cat-wholesale-bustier-bra-set","7":"product_cat-wholesale-mesh-bustier","8":"product_cat-sexy-lingerie","9":"product_tag-wholesale-boudoir-lingerie","10":"product_tag-wholesale-elegant-sexy-lingerie","11":"product_tag-mesh-lingerie","12":"pa_color-light-purple","13":"pa_size-wholesale-large-size-women-sexy-lingerie","14":"pa_size-wholesale-medium-size-women-sexy-lingerie","15":"pa_size-wholesale-small-size-sexy-lingerie","17":"first","18":"instock","19":"taxable","20":"shipping-taxable","21":"purchasable","22":"product-type-variable"},"tiered_pricing_type":"fixed","tiered_pricing_fixed_rules":[],"tiered_pricing_product_settings":{"layout":"table","base_unit_name":{"singular":null,"plural":null},"default_variation":null},"tiered_pricing_minimum_quantity":null,"tiered_pricing_roles_data":[],"tiered_pricing_percentage_rules":[],"tiered_pricing_maximum_quantity":null,"tiered_pricing_quantity_step":null,"_links":{"self":[{"href":"https:\/\/gretasexylingerie.com\/fr\/wp-json\/wp\/v2\/product\/48070","targetHints":{"allow":["GET"]}}],"collection":[{"href":"https:\/\/gretasexylingerie.com\/fr\/wp-json\/wp\/v2\/product"}],"about":[{"href":"https:\/\/gretasexylingerie.com\/fr\/wp-json\/wp\/v2\/types\/product"}],"wp:featuredmedia":[{"embeddable":true,"href":"https:\/\/gretasexylingerie.com\/fr\/wp-json\/wp\/v2\/media\/47977"}],"wp:attachment":[{"href":"https:\/\/gretasexylingerie.com\/fr\/wp-json\/wp\/v2\/media?parent=48070"}],"wp:term":[{"taxonomy":"product_brand","embeddable":true,"href":"https:\/\/gretasexylingerie.com\/fr\/wp-json\/wp\/v2\/product_brand?post=48070"},{"taxonomy":"product_cat","embeddable":true,"href":"https:\/\/gretasexylingerie.com\/fr\/wp-json\/wp\/v2\/product_cat?post=48070"},{"taxonomy":"product_tag","embeddable":true,"href":"https:\/\/gretasexylingerie.com\/fr\/wp-json\/wp\/v2\/product_tag?post=48070"}],"curies":[{"name":"wp","href":"https:\/\/api.w.org\/{rel}","templated":true}]}}