{"id":48036,"date":"2024-01-23T10:50:13","date_gmt":"2024-01-23T02:50:13","guid":{"rendered":"https:\/\/gretasexylingerie.com\/?post_type=product&#038;p=48036"},"modified":"2024-02-20T12:50:47","modified_gmt":"2024-02-20T04:50:47","slug":"vente-en-gros-ensemble-de-lingerie-a-armatures-en-dentelle-florale","status":"publish","type":"product","link":"https:\/\/gretasexylingerie.com\/fr\/products\/wholesale-floral-lace-underwire-lingerie-set\/","title":{"rendered":"Vente en gros Ensemble De Lingerie \u00c0 Armatures En Dentelle Florale"},"content":{"rendered":"<p><strong>Dentelle florale exquise<\/strong>: La pi\u00e8ce ma\u00eetresse de cet ensemble de lingerie est le motif complexe de dentelle florale, qui d\u00e9gage une sensation de luxe et de raffinement. Ces d\u00e9tails d\u00e9licats plaisent \u00e0 celles qui appr\u00e9cient la beaut\u00e9 classique de la dentelle dans leur <strong>ensembles de lingerie de cr\u00e9ateurs<\/strong>, ce qui en fait un choix parfait pour les boutiques haut de gamme.<\/p>\n\n\n\n<p><strong>Tutu en maille pli\u00e9e \u00e0 trois couches<\/strong>: Ajoutant une touche unique et ludique, la maille pli\u00e9e \u00e0 trois couches apporte une touche fantaisiste mais \u00e9l\u00e9gante \u00e0 l&#039;ensemble. Cette fonctionnalit\u00e9 am\u00e9liore non seulement l&#039;attrait esth\u00e9tique, mais ajoute \u00e9galement une touche de cr\u00e9ativit\u00e9 et de plaisir, le faisant se d\u00e9marquer dans n&#039;importe quel environnement. <strong>Ensemble de lingerie 3 pi\u00e8ces<\/strong> collection.<\/p>\n\n\n\n<p><strong>Options de couleurs vives<\/strong>: Avec une gamme de couleurs dont le noir, le rouge, le blanc et le HotPink, cet ensemble s&#039;adresse \u00e0 diff\u00e9rents go\u00fbts et pr\u00e9f\u00e9rences. Chaque couleur ajoute son propre caract\u00e8re au design, de l&#039;\u00e9l\u00e9gance classique \u00e0 la passion audacieuse, garantissant une ad\u00e9quation parfaite pour chaque client.<\/p>\n\n\n\n<p><strong>Soutien \u00e0 armatures<\/strong>: Le soutien-gorge \u00e0 armatures offre \u00e0 la fois un maintien et une forme flatteuse, rendant l&#039;ensemble aussi fonctionnel que beau. Cette fonctionnalit\u00e9 est particuli\u00e8rement appr\u00e9ci\u00e9e par les clientes \u00e0 la recherche d\u2019une lingerie offrant \u00e0 la fois confort et style.<\/p>\n\n\n\n<p><strong>Gamme de tailles polyvalente<\/strong>: Disponible en tailles S, M, L, l&#039;ensemble est con\u00e7u pour s&#039;adapter \u00e0 une gamme de morphologies, assurant un ajustement parfait pour une client\u00e8le diversifi\u00e9e.<\/p>\n\n\n\n<p><strong>Parfait pour diverses collections<\/strong>: Cet ensemble de lingerie, avec sa combinaison de dentelle classique et de tutu moderne, est un excellent ajout \u00e0 toute collection. C&#039;est l&#039;id\u00e9al pour celles qui cherchent \u00e0 offrir \u00e0 leurs clients un m\u00e9lange d&#039;\u00e9l\u00e9gance traditionnelle et de mode contemporaine dans leurs s\u00e9lections de lingerie.<\/p>\n\n\n\n<p>Invitez vos clientes \u00e0 adopter le charme de notre ensemble de lingerie \u00e0 armatures en dentelle florale. Son design unique et sa gamme de couleurs en font un incontournable de toute collection cherchant \u00e0 ajouter une touche de sophistication et d&#039;\u00e9l\u00e9gance ludique. Commandez maintenant et offrez \u00e0 vos clients le m\u00e9lange parfait de style, de confort et de luxe\u00a0!<\/p>\n\n\n\n<figure class=\"wp-block-table\"><table><tbody><tr><td class=\"has-text-align-center\" data-align=\"center\" colspan=\"6\"><strong>Tableau des tailles (CM)<\/strong><\/td><\/tr><tr><td class=\"has-text-align-center\" data-align=\"center\"><strong>Taille<\/strong><\/td><td class=\"has-text-align-center\" data-align=\"center\"><strong>Longueur (cm)<\/strong><\/td><td class=\"has-text-align-center\" data-align=\"center\"><strong>Sous le buste (cm)<\/strong><\/td><td class=\"has-text-align-center\" data-align=\"center\"><strong>Pantalon Taille I (cm)<\/strong><\/td><td class=\"has-text-align-center\" data-align=\"center\"><strong>Longueur de la robe (cm)<\/strong><\/td><td class=\"has-text-align-center\" data-align=\"center\"><strong>Taille (cm)<\/strong><\/td><\/tr><tr><td class=\"has-text-align-center\" data-align=\"center\">S<\/td><td class=\"has-text-align-center\" data-align=\"center\">13<\/td><td class=\"has-text-align-center\" data-align=\"center\">66-84<\/td><td class=\"has-text-align-center\" data-align=\"center\">60<\/td><td class=\"has-text-align-center\" data-align=\"center\">18<\/td><td class=\"has-text-align-center\" data-align=\"center\">62<\/td><\/tr><tr><td class=\"has-text-align-center\" data-align=\"center\">M<\/td><td class=\"has-text-align-center\" data-align=\"center\">13.5<\/td><td class=\"has-text-align-center\" data-align=\"center\">70-88<\/td><td class=\"has-text-align-center\" data-align=\"center\">64<\/td><td class=\"has-text-align-center\" data-align=\"center\">19<\/td><td class=\"has-text-align-center\" data-align=\"center\">66<\/td><\/tr><tr><td class=\"has-text-align-center\" data-align=\"center\">L<\/td><td class=\"has-text-align-center\" data-align=\"center\">14<\/td><td class=\"has-text-align-center\" data-align=\"center\">74-92<\/td><td class=\"has-text-align-center\" data-align=\"center\">68<\/td><td class=\"has-text-align-center\" data-align=\"center\">20<\/td><td class=\"has-text-align-center\" data-align=\"center\">70<\/td><\/tr><tr><td class=\"has-text-align-center\" data-align=\"center\">XL<\/td><td class=\"has-text-align-center\" data-align=\"center\">14.5<\/td><td class=\"has-text-align-center\" data-align=\"center\">78-96<\/td><td class=\"has-text-align-center\" data-align=\"center\">72<\/td><td class=\"has-text-align-center\" data-align=\"center\">21<\/td><td class=\"has-text-align-center\" data-align=\"center\">74<\/td><\/tr><tr><td class=\"has-text-align-center\" data-align=\"center\" colspan=\"6\"><strong>Tableau des tailles (POUCES)<\/strong><\/td><\/tr><tr><td class=\"has-text-align-center\" data-align=\"center\"><strong>Taille<\/strong><\/td><td class=\"has-text-align-center\" data-align=\"center\"><strong>Longueur (po)<\/strong><\/td><td class=\"has-text-align-center\" data-align=\"center\"><strong>Sous le buste (po)<\/strong><\/td><td class=\"has-text-align-center\" data-align=\"center\"><strong>Pantalon Taille I (po)<\/strong><\/td><td class=\"has-text-align-center\" data-align=\"center\"><strong>Longueur de la robe (po)<\/strong><\/td><td class=\"has-text-align-center\" data-align=\"center\"><strong>Taille (po)<\/strong><\/td><\/tr><tr><td class=\"has-text-align-center\" data-align=\"center\">S<\/td><td class=\"has-text-align-center\" data-align=\"center\">5.12<\/td><td class=\"has-text-align-center\" data-align=\"center\">25.98-33.07<\/td><td class=\"has-text-align-center\" data-align=\"center\">23.62<\/td><td class=\"has-text-align-center\" data-align=\"center\">7.09<\/td><td class=\"has-text-align-center\" data-align=\"center\">24.41<\/td><\/tr><tr><td class=\"has-text-align-center\" data-align=\"center\">M<\/td><td class=\"has-text-align-center\" data-align=\"center\">5.31<\/td><td class=\"has-text-align-center\" data-align=\"center\">27.56-34.65<\/td><td class=\"has-text-align-center\" data-align=\"center\">25.20<\/td><td class=\"has-text-align-center\" data-align=\"center\">7.48<\/td><td class=\"has-text-align-center\" data-align=\"center\">25.98<\/td><\/tr><tr><td class=\"has-text-align-center\" data-align=\"center\">L<\/td><td class=\"has-text-align-center\" data-align=\"center\">5.51<\/td><td class=\"has-text-align-center\" data-align=\"center\">29.13-36.22<\/td><td class=\"has-text-align-center\" data-align=\"center\">26.77<\/td><td class=\"has-text-align-center\" data-align=\"center\">7.87<\/td><td class=\"has-text-align-center\" data-align=\"center\">27.56<\/td><\/tr><tr><td class=\"has-text-align-center\" data-align=\"center\">XL<\/td><td class=\"has-text-align-center\" data-align=\"center\">5.71<\/td><td class=\"has-text-align-center\" data-align=\"center\">30.71-37.80<\/td><td class=\"has-text-align-center\" data-align=\"center\">28.35<\/td><td class=\"has-text-align-center\" data-align=\"center\">8.27<\/td><td class=\"has-text-align-center\" data-align=\"center\">29.13<\/td><\/tr><\/tbody><\/table><\/figure>","protected":false},"excerpt":{"rendered":"<p>Laissez-vous tenter par la sophistication de notre <strong>ensemble de lingerie \u00e0 armatures en dentelle florale<\/strong>, dot\u00e9 d&#039;un maillage pli\u00e9 \u00e0 trois couches. Disponible en noir, rouge, blanc et rose vif, cet ensemble est un m\u00e9lange d&#039;\u00e9l\u00e9gance et de charme ludique.<\/p>","protected":false},"featured_media":47987,"template":"","meta":[],"product_brand":[],"product_cat":[368,369,367],"product_tag":[507,448,870,864],"class_list":{"0":"post-48036","1":"product","2":"type-product","3":"status-publish","4":"has-post-thumbnail","6":"product_cat-bra-panty-set","7":"product_cat-wholesale-lace-bra-and-panty-sets","8":"product_cat-sexy-lingerie","9":"product_tag-three-pcs-set","10":"product_tag-wholesale-elegant-sexy-lingerie","11":"product_tag-floral-lingerie","12":"product_tag-sexy-petite-lingerie","13":"pa_color-black","14":"pa_color-hot-pink-women-sexy-lingerie","15":"pa_color-red-women-sexy-lingerie","16":"pa_color-white","17":"pa_size-wholesale-large-size-women-sexy-lingerie","18":"pa_size-wholesale-medium-size-women-sexy-lingerie","19":"pa_size-wholesale-small-size-sexy-lingerie","21":"first","22":"instock","23":"taxable","24":"shipping-taxable","25":"purchasable","26":"product-type-variable"},"tiered_pricing_type":"fixed","tiered_pricing_fixed_rules":[],"tiered_pricing_product_settings":{"layout":"table","base_unit_name":{"singular":null,"plural":null},"default_variation":null},"tiered_pricing_minimum_quantity":null,"tiered_pricing_roles_data":[],"tiered_pricing_percentage_rules":[],"tiered_pricing_maximum_quantity":null,"tiered_pricing_quantity_step":null,"_links":{"self":[{"href":"https:\/\/gretasexylingerie.com\/fr\/wp-json\/wp\/v2\/product\/48036","targetHints":{"allow":["GET"]}}],"collection":[{"href":"https:\/\/gretasexylingerie.com\/fr\/wp-json\/wp\/v2\/product"}],"about":[{"href":"https:\/\/gretasexylingerie.com\/fr\/wp-json\/wp\/v2\/types\/product"}],"wp:featuredmedia":[{"embeddable":true,"href":"https:\/\/gretasexylingerie.com\/fr\/wp-json\/wp\/v2\/media\/47987"}],"wp:attachment":[{"href":"https:\/\/gretasexylingerie.com\/fr\/wp-json\/wp\/v2\/media?parent=48036"}],"wp:term":[{"taxonomy":"product_brand","embeddable":true,"href":"https:\/\/gretasexylingerie.com\/fr\/wp-json\/wp\/v2\/product_brand?post=48036"},{"taxonomy":"product_cat","embeddable":true,"href":"https:\/\/gretasexylingerie.com\/fr\/wp-json\/wp\/v2\/product_cat?post=48036"},{"taxonomy":"product_tag","embeddable":true,"href":"https:\/\/gretasexylingerie.com\/fr\/wp-json\/wp\/v2\/product_tag?post=48036"}],"curies":[{"name":"wp","href":"https:\/\/api.w.org\/{rel}","templated":true}]}}