{"id":47971,"date":"2024-01-23T10:39:04","date_gmt":"2024-01-23T02:39:04","guid":{"rendered":"https:\/\/gretasexylingerie.com\/?post_type=product&#038;p=47971"},"modified":"2024-02-20T12:52:14","modified_gmt":"2024-02-20T04:52:14","slug":"vente-en-gros-body-noir-raye-avec-string-dos-nu","status":"publish","type":"product","link":"https:\/\/gretasexylingerie.com\/fr\/products\/wholesale-striped-black-bodysuit-with-backless-thong\/","title":{"rendered":"Vente en gros Body noir ray\u00e9 avec string dos nu"},"content":{"rendered":"<p><strong>Design ray\u00e9 saisissant<\/strong>: Le motif ray\u00e9 de ce body offre un look audacieux et moderne, parfait pour faire une d\u00e9claration. Les rayures ajoutent de la profondeur et de la texture, ce qui en fait une pi\u00e8ce remarquable dans n&#039;importe quel <strong>body noir uni<\/strong> collection.<\/p>\n\n\n\n<p><strong>\u00c9l\u00e9gance transparente<\/strong>: Fabriqu\u00e9 avec une mati\u00e8re transparente, ce body s\u00e9duit avec un soup\u00e7on de ce qui se cache en dessous, \u00e9tablissant un \u00e9quilibre parfait entre allure et sophistication. C&#039;est un choix id\u00e9al pour celles qui appr\u00e9cient le m\u00e9lange d&#039;audace et d&#039;\u00e9l\u00e9gance dans leur lingerie.<\/p>\n\n\n\n<p><strong>Coupe demi-buste<\/strong>: Le design demi-buste offre un look unique et contemporain, offrant une nouvelle version des styles de body classiques. Cette caract\u00e9ristique s\u00e9duit particuli\u00e8rement les clientes \u00e0 la recherche d\u2019une lingerie alliant design innovant et touche de sensualit\u00e9.<\/p>\n\n\n\n<p><strong>Dos ouvert avec jarretelles<\/strong>: Le design dos ouvert ajoute un \u00e9l\u00e9ment de surprise et de s\u00e9duction, tandis que l&#039;inclusion de jarretelles apporte un aspect fonctionnel mais \u00e9l\u00e9gant \u00e0 ce <strong>body string dos nu<\/strong>. Il est parfait pour les clients qui recherchent une pi\u00e8ce \u00e0 la fois visuellement frappante et pratique.<\/p>\n\n\n\n<p><strong>Gamme de tailles polyvalente<\/strong>: Disponible en tailles S, M, L, ce body s&#039;adresse \u00e0 une large gamme de morphologies, assurant un ajustement parfait pour une large client\u00e8le.<\/p>\n\n\n\n<p><strong>Parfait pour diverses occasions<\/strong>: Que ce soit pour une soir\u00e9e sp\u00e9ciale ou comme d\u00e9claration de mode audacieuse, ce body est suffisamment polyvalent pour s&#039;adapter \u00e0 diverses occasions, ce qui en fait un ajout pr\u00e9cieux \u00e0 toute collection de lingerie ou de mode.<\/p>\n\n\n\n<p>Adoptez le charme de notre body ray\u00e9 noir, une combinaison parfaite de style moderne et d&#039;\u00e9l\u00e9gance classique. Son design unique et son souci du d\u00e9tail en font un incontournable de votre collection. Commandez d\u00e8s maintenant et offrez \u00e0 vos clients une touche de sophistication et d&#039;audace !<\/p>\n\n\n\n<figure class=\"wp-block-table\"><table><tbody><tr><td class=\"has-text-align-center\" data-align=\"center\" colspan=\"5\"><strong>Tableau des tailles (CM)<\/strong><\/td><\/tr><tr><td class=\"has-text-align-center\" data-align=\"center\"><strong>Taille<\/strong><\/td><td class=\"has-text-align-center\" data-align=\"center\"><strong>Longueur (cm)<\/strong><\/td><td class=\"has-text-align-center\" data-align=\"center\"><strong>Tour de poitrine (cm)<\/strong><\/td><td class=\"has-text-align-center\" data-align=\"center\"><strong>Taille (cm)<\/strong><\/td><td class=\"has-text-align-center\" data-align=\"center\"><strong>Longueur du pantalon (cm)<\/strong><\/td><\/tr><tr><td class=\"has-text-align-center\" data-align=\"center\">S<\/td><td class=\"has-text-align-center\" data-align=\"center\">63<\/td><td class=\"has-text-align-center\" data-align=\"center\">62-72<\/td><td class=\"has-text-align-center\" data-align=\"center\">60-70<\/td><td class=\"has-text-align-center\" data-align=\"center\">20<\/td><\/tr><tr><td class=\"has-text-align-center\" data-align=\"center\">M<\/td><td class=\"has-text-align-center\" data-align=\"center\">64<\/td><td class=\"has-text-align-center\" data-align=\"center\">66-76<\/td><td class=\"has-text-align-center\" data-align=\"center\">64-74<\/td><td class=\"has-text-align-center\" data-align=\"center\">21<\/td><\/tr><tr><td class=\"has-text-align-center\" data-align=\"center\">L<\/td><td class=\"has-text-align-center\" data-align=\"center\">65<\/td><td class=\"has-text-align-center\" data-align=\"center\">70-80<\/td><td class=\"has-text-align-center\" data-align=\"center\">68-78<\/td><td class=\"has-text-align-center\" data-align=\"center\">22<\/td><\/tr><tr><td class=\"has-text-align-center\" data-align=\"center\" colspan=\"5\"><strong>Tableau des tailles (POUCES)<\/strong><\/td><\/tr><tr><td class=\"has-text-align-center\" data-align=\"center\"><strong>Taille<\/strong><\/td><td class=\"has-text-align-center\" data-align=\"center\"><strong>Longueur (po)<\/strong><\/td><td class=\"has-text-align-center\" data-align=\"center\"><strong>Sous la poitrine (po)<\/strong><\/td><td class=\"has-text-align-center\" data-align=\"center\"><strong>Taille (po)<\/strong><\/td><td class=\"has-text-align-center\" data-align=\"center\"><strong>Longueur du pantalon (po)<\/strong><\/td><\/tr><tr><td class=\"has-text-align-center\" data-align=\"center\">S<\/td><td class=\"has-text-align-center\" data-align=\"center\">24.80<\/td><td class=\"has-text-align-center\" data-align=\"center\">24.41-28.35<\/td><td class=\"has-text-align-center\" data-align=\"center\">23.62-27.56<\/td><td class=\"has-text-align-center\" data-align=\"center\">7.87<\/td><\/tr><tr><td class=\"has-text-align-center\" data-align=\"center\">M<\/td><td class=\"has-text-align-center\" data-align=\"center\">25.20<\/td><td class=\"has-text-align-center\" data-align=\"center\">25.98-29.92<\/td><td class=\"has-text-align-center\" data-align=\"center\">25.20-29.13<\/td><td class=\"has-text-align-center\" data-align=\"center\">8.27<\/td><\/tr><tr><td class=\"has-text-align-center\" data-align=\"center\">L<\/td><td class=\"has-text-align-center\" data-align=\"center\">25.59<\/td><td class=\"has-text-align-center\" data-align=\"center\">27.56-31.50<\/td><td class=\"has-text-align-center\" data-align=\"center\">26.77-30.71<\/td><td class=\"has-text-align-center\" data-align=\"center\">8.66<\/td><\/tr><\/tbody><\/table><\/figure>","protected":false},"excerpt":{"rendered":"<p>Plongez dans l&#039;\u00e9l\u00e9gance audacieuse de notre <strong>body ray\u00e9<\/strong>, un ensemble captivant dot\u00e9 d&#039;un design transparent \u00e0 mi-buste avec un dos ouvert et des jarretelles, dans un noir \u00e9l\u00e9gant.<\/p>","protected":false},"featured_media":47959,"template":"","meta":[],"product_brand":[],"product_cat":[370,367,373],"product_tag":[861,518,446,864,866,863],"class_list":{"0":"post-47971","1":"product","2":"type-product","3":"status-publish","4":"has-post-thumbnail","6":"product_cat-bodysuit","7":"product_cat-sexy-lingerie","8":"product_cat-wholesale-sexy-mesh-bodysuit","9":"product_tag-brunette-lingerie","10":"product_tag-mesh-lingerie","11":"product_tag-wholesale-sexy-see-through-lingerie","12":"product_tag-sexy-petite-lingerie","13":"product_tag-sexy-romper-lingerie","14":"product_tag-sexy-thong-lingerie","15":"pa_color-black","16":"pa_size-wholesale-large-size-women-sexy-lingerie","17":"pa_size-wholesale-medium-size-women-sexy-lingerie","18":"pa_size-wholesale-small-size-sexy-lingerie","20":"first","21":"instock","22":"taxable","23":"shipping-taxable","24":"purchasable","25":"product-type-variable"},"tiered_pricing_type":"fixed","tiered_pricing_fixed_rules":[],"tiered_pricing_product_settings":{"layout":"table","base_unit_name":{"singular":null,"plural":null},"default_variation":null},"tiered_pricing_minimum_quantity":null,"tiered_pricing_roles_data":[],"tiered_pricing_percentage_rules":[],"tiered_pricing_maximum_quantity":null,"tiered_pricing_quantity_step":null,"_links":{"self":[{"href":"https:\/\/gretasexylingerie.com\/fr\/wp-json\/wp\/v2\/product\/47971","targetHints":{"allow":["GET"]}}],"collection":[{"href":"https:\/\/gretasexylingerie.com\/fr\/wp-json\/wp\/v2\/product"}],"about":[{"href":"https:\/\/gretasexylingerie.com\/fr\/wp-json\/wp\/v2\/types\/product"}],"wp:featuredmedia":[{"embeddable":true,"href":"https:\/\/gretasexylingerie.com\/fr\/wp-json\/wp\/v2\/media\/47959"}],"wp:attachment":[{"href":"https:\/\/gretasexylingerie.com\/fr\/wp-json\/wp\/v2\/media?parent=47971"}],"wp:term":[{"taxonomy":"product_brand","embeddable":true,"href":"https:\/\/gretasexylingerie.com\/fr\/wp-json\/wp\/v2\/product_brand?post=47971"},{"taxonomy":"product_cat","embeddable":true,"href":"https:\/\/gretasexylingerie.com\/fr\/wp-json\/wp\/v2\/product_cat?post=47971"},{"taxonomy":"product_tag","embeddable":true,"href":"https:\/\/gretasexylingerie.com\/fr\/wp-json\/wp\/v2\/product_tag?post=47971"}],"curies":[{"name":"wp","href":"https:\/\/api.w.org\/{rel}","templated":true}]}}