{"id":47955,"date":"2024-01-23T10:36:52","date_gmt":"2024-01-23T02:36:52","guid":{"rendered":"https:\/\/gretasexylingerie.com\/?post_type=product&#038;p=47955"},"modified":"2024-02-20T12:54:26","modified_gmt":"2024-02-20T04:54:26","slug":"vente-en-gros-ensemble-de-lingerie-brodee-de-fleurs-lilas","status":"publish","type":"product","link":"https:\/\/gretasexylingerie.com\/fr\/products\/wholesale-lilac-floral-embroidered-lingerie-set\/","title":{"rendered":"Vente en gros Ensemble De Lingerie Brod\u00e9e Florale Lilas"},"content":{"rendered":"<p><strong>Contraste Lilas et Vert<\/strong>: La palette de couleurs unique de cet ensemble combine du lilas doux avec du vert vif, cr\u00e9ant un contraste visuellement \u00e9poustouflant. Cette combinaison saisissante attire non seulement l&#039;attention, mais cr\u00e9e \u00e9galement une tendance dans la mode lingerie, ce qui en fait un incontournable pour les boutiques et les magasins qui cherchent \u00e0 offrir quelque chose d&#039;unique et attrayant dans leur boutique. <strong>ensemble de soutien-gorge \u00e0 fleurs<\/strong> gamme.<\/p>\n\n\n\n<p><strong>Tissu en maille transparente<\/strong>: L&#039;utilisation de tissu en maille transparente dans cet ensemble \u00e9tablit l&#039;\u00e9quilibre parfait entre allure et sophistication. Il offre un aper\u00e7u de la peau en dessous, ajoutant une touche sensuelle au design global. Cette caract\u00e9ristique est particuli\u00e8rement attrayante pour les clientes \u00e0 la recherche d&#039;une lingerie \u00e0 la fois \u00e9l\u00e9gante et s\u00e9duisante, faisant de cet ensemble un premier choix pour votre <strong>nouvel ensemble soutien-gorge et culotte<\/strong> collection.<\/p>\n\n\n\n<p><strong>Broderie florale exquise<\/strong>: Chaque pi\u00e8ce est finement brod\u00e9e de motifs floraux d\u00e9licats, ajoutant de la profondeur et de la texture au design. Ce savoir-faire d\u00e9taill\u00e9 parle de luxe et d&#039;exclusivit\u00e9, attirant les clients qui appr\u00e9cient les belles choses de la vie. La broderie florale rehausse non seulement la beaut\u00e9 de l&#039;ensemble mais ajoute \u00e9galement une touche romantique et f\u00e9minine tr\u00e8s recherch\u00e9e en lingerie haut de gamme.<\/p>\n\n\n\n<p><strong>Volants brod\u00e9s<\/strong>: L&#039;ajout de volants brod\u00e9s apporte un \u00e9l\u00e9ment ludique mais sophistiqu\u00e9. Ces volants ajoutent du volume et une dimension tactile \u00e0 la lingerie, la faisant ressortir. Ce d\u00e9tail est parfait pour les clientes qui aiment la lingerie avec une touche unique, leur offrant quelque chose de plus qu&#039;un simple ensemble de lingerie standard.<\/p>\n\n\n\n<p><strong>Parfait pour les nouvelles collections<\/strong>: Cet ensemble de lingerie lilas, avec son design contemporain et ses caract\u00e9ristiques uniques, est un compl\u00e9ment id\u00e9al \u00e0 toute nouvelle collection. Il ne s&#039;agit pas seulement de lingerie ; c&#039;est une d\u00e9claration de mode. Il offre \u00e0 vos clients quelque chose de frais et de mode, distinguant votre collection de la concurrence.<\/p>\n\n\n\n<p>Invitez vos clientes \u00e0 profiter de l&#039;attrait luxueux et unique de notre ensemble de lingerie lilas. Son design exquis et son souci du d\u00e9tail en font un ajout remarquable \u00e0 toute collection de lingerie haut de gamme. Commandez d\u00e8s maintenant et apportez une touche d&#039;\u00e9l\u00e9gance et de style moderne \u00e0 vos offres !<\/p>\n\n\n\n<figure class=\"wp-block-table\"><table><tbody><tr><td class=\"has-text-align-center\" data-align=\"center\" colspan=\"6\"><strong>Tableau des tailles (CM)<\/strong><\/td><\/tr><tr><td class=\"has-text-align-center\" data-align=\"center\"><strong>Taille<\/strong><\/td><td class=\"has-text-align-center\" data-align=\"center\"><strong>Hauteur de la tasse (cm)<\/strong><\/td><td class=\"has-text-align-center\" data-align=\"center\"><strong>Sous le buste (cm)<\/strong><\/td><td class=\"has-text-align-center\" data-align=\"center\"><strong>Taille de la culotte (cm)<\/strong><\/td><td class=\"has-text-align-center\" data-align=\"center\"><strong>Taille (cm)<\/strong><\/td><td class=\"has-text-align-center\" data-align=\"center\"><strong>Longueur du pantalon (cm)<\/strong><\/td><\/tr><tr><td class=\"has-text-align-center\" data-align=\"center\">S<\/td><td class=\"has-text-align-center\" data-align=\"center\">16<\/td><td class=\"has-text-align-center\" data-align=\"center\">68-88<\/td><td class=\"has-text-align-center\" data-align=\"center\">68-88<\/td><td class=\"has-text-align-center\" data-align=\"center\">62<\/td><td class=\"has-text-align-center\" data-align=\"center\">24<\/td><\/tr><tr><td class=\"has-text-align-center\" data-align=\"center\">M<\/td><td class=\"has-text-align-center\" data-align=\"center\">16.8<\/td><td class=\"has-text-align-center\" data-align=\"center\">73-92<\/td><td class=\"has-text-align-center\" data-align=\"center\">73-92<\/td><td class=\"has-text-align-center\" data-align=\"center\">66<\/td><td class=\"has-text-align-center\" data-align=\"center\">25<\/td><\/tr><tr><td class=\"has-text-align-center\" data-align=\"center\">L<\/td><td class=\"has-text-align-center\" data-align=\"center\">17.6<\/td><td class=\"has-text-align-center\" data-align=\"center\">79-96<\/td><td class=\"has-text-align-center\" data-align=\"center\">79-96<\/td><td class=\"has-text-align-center\" data-align=\"center\">70<\/td><td class=\"has-text-align-center\" data-align=\"center\">26<\/td><\/tr><tr><td class=\"has-text-align-center\" data-align=\"center\" colspan=\"6\"><strong>Tableau des tailles (POUCES)<\/strong><\/td><\/tr><tr><td class=\"has-text-align-center\" data-align=\"center\"><strong>Taille<\/strong><\/td><td class=\"has-text-align-center\" data-align=\"center\"><strong>Hauteur de la tasse (po)<\/strong><\/td><td class=\"has-text-align-center\" data-align=\"center\"><strong>Sous le buste (po)<\/strong><\/td><td class=\"has-text-align-center\" data-align=\"center\"><strong>Taille de culotte (po)<\/strong><\/td><td class=\"has-text-align-center\" data-align=\"center\"><strong>Taille (po)<\/strong><\/td><td class=\"has-text-align-center\" data-align=\"center\"><strong>Longueur du pantalon (po)<\/strong><\/td><\/tr><tr><td class=\"has-text-align-center\" data-align=\"center\">S<\/td><td class=\"has-text-align-center\" data-align=\"center\">6.30<\/td><td class=\"has-text-align-center\" data-align=\"center\">26.77-34.65<\/td><td class=\"has-text-align-center\" data-align=\"center\">26.77-34.65<\/td><td class=\"has-text-align-center\" data-align=\"center\">24.41<\/td><td class=\"has-text-align-center\" data-align=\"center\">9.45<\/td><\/tr><tr><td class=\"has-text-align-center\" data-align=\"center\">M<\/td><td class=\"has-text-align-center\" data-align=\"center\">6.61<\/td><td class=\"has-text-align-center\" data-align=\"center\">28.74-36.22<\/td><td class=\"has-text-align-center\" data-align=\"center\">28.74-36.22<\/td><td class=\"has-text-align-center\" data-align=\"center\">25.98<\/td><td class=\"has-text-align-center\" data-align=\"center\">9.84<\/td><\/tr><tr><td class=\"has-text-align-center\" data-align=\"center\">L<\/td><td class=\"has-text-align-center\" data-align=\"center\">6.93<\/td><td class=\"has-text-align-center\" data-align=\"center\">31.10-37.80<\/td><td class=\"has-text-align-center\" data-align=\"center\">31.10-37.80<\/td><td class=\"has-text-align-center\" data-align=\"center\">27.56<\/td><td class=\"has-text-align-center\" data-align=\"center\">10.24<\/td><\/tr><\/tbody><\/table><\/figure>","protected":false},"excerpt":{"rendered":"<p>D\u00e9couvrez la beaut\u00e9 enchanteresse de notre <strong>ensemble de lingerie lilas<\/strong>, un chef-d&#039;\u0153uvre de contraste lilas et vert, confectionn\u00e9 en maille transparente orn\u00e9e d&#039;une broderie florale exquise.<\/p>","protected":false},"featured_media":47944,"template":"","meta":[],"product_brand":[],"product_cat":[368,367,375],"product_tag":[507,454,870,510,972],"class_list":{"0":"post-47955","1":"product","2":"type-product","3":"status-publish","4":"has-post-thumbnail","6":"product_cat-bra-panty-set","7":"product_cat-sexy-lingerie","8":"product_cat-whoelsale-sheer-bra-and-panty-sets","9":"product_tag-three-pcs-set","10":"product_tag-wholesale-sexy-embroidered-lingerie","11":"product_tag-floral-lingerie","12":"product_tag-ruffles-lingerie","13":"product_tag-valentines-day-lingerie","14":"pa_color-light-purple","15":"pa_size-wholesale-large-size-women-sexy-lingerie","16":"pa_size-wholesale-medium-size-women-sexy-lingerie","17":"pa_size-wholesale-small-size-sexy-lingerie","19":"first","20":"instock","21":"taxable","22":"shipping-taxable","23":"purchasable","24":"product-type-variable"},"tiered_pricing_type":"fixed","tiered_pricing_fixed_rules":[],"tiered_pricing_product_settings":{"layout":"table","base_unit_name":{"singular":null,"plural":null},"default_variation":null},"tiered_pricing_minimum_quantity":null,"tiered_pricing_roles_data":[],"tiered_pricing_percentage_rules":[],"tiered_pricing_maximum_quantity":null,"tiered_pricing_quantity_step":null,"_links":{"self":[{"href":"https:\/\/gretasexylingerie.com\/fr\/wp-json\/wp\/v2\/product\/47955","targetHints":{"allow":["GET"]}}],"collection":[{"href":"https:\/\/gretasexylingerie.com\/fr\/wp-json\/wp\/v2\/product"}],"about":[{"href":"https:\/\/gretasexylingerie.com\/fr\/wp-json\/wp\/v2\/types\/product"}],"wp:featuredmedia":[{"embeddable":true,"href":"https:\/\/gretasexylingerie.com\/fr\/wp-json\/wp\/v2\/media\/47944"}],"wp:attachment":[{"href":"https:\/\/gretasexylingerie.com\/fr\/wp-json\/wp\/v2\/media?parent=47955"}],"wp:term":[{"taxonomy":"product_brand","embeddable":true,"href":"https:\/\/gretasexylingerie.com\/fr\/wp-json\/wp\/v2\/product_brand?post=47955"},{"taxonomy":"product_cat","embeddable":true,"href":"https:\/\/gretasexylingerie.com\/fr\/wp-json\/wp\/v2\/product_cat?post=47955"},{"taxonomy":"product_tag","embeddable":true,"href":"https:\/\/gretasexylingerie.com\/fr\/wp-json\/wp\/v2\/product_tag?post=47955"}],"curies":[{"name":"wp","href":"https:\/\/api.w.org\/{rel}","templated":true}]}}