{"id":47922,"date":"2024-01-23T10:29:02","date_gmt":"2024-01-23T02:29:02","guid":{"rendered":"https:\/\/gretasexylingerie.com\/?post_type=product&#038;p=47922"},"modified":"2024-02-20T12:57:41","modified_gmt":"2024-02-20T04:57:41","slug":"vente-en-gros-ensemble-soutien-gorge-et-culotte-en-dentelle-transparente-avec-jarretelles-assorties","status":"publish","type":"product","link":"https:\/\/gretasexylingerie.com\/fr\/products\/wholesale-sheer-lace-bra-and-panty-set-with-matching-suspender\/","title":{"rendered":"Ensemble soutien-gorge et culotte en dentelle transparente en gros avec jarretelles assorties"},"content":{"rendered":"<p><strong>\u00c9l\u00e9gance transparente<\/strong>: Fabriqu\u00e9 en tissu transparent, cet ensemble offre un aper\u00e7u all\u00e9chant de ce qui se trouve en dessous, parfait pour ajouter une touche de myst\u00e8re et d&#039;allure.<\/p>\n\n\n\n<p><strong>D\u00e9tails de broderie en grille<\/strong>: La broderie exquise en grille violet clair et noir ajoute une touche unique et sophistiqu\u00e9e \u00e0 ce <strong>ensemble soutien-gorge et culotte violet et noir<\/strong>.<\/p>\n\n\n\n<p><strong>D\u00e9corations d&#039;arc<\/strong>: De charmants n\u0153uds d\u00e9coratifs sur le bustier et la culotte ajoutent une touche douce et f\u00e9minine, renfor\u00e7ant l&#039;attrait g\u00e9n\u00e9ral de l&#039;ensemble.<\/p>\n\n\n\n<p><strong>Conception bustier dos nu<\/strong>: Le design dos nu du bustier ajoute un \u00e9l\u00e9ment de surprise et de s\u00e9duction, ce qui en fait <strong>ensemble soutien-gorge et culotte en dentelle transparente<\/strong> un choix captivant.<\/p>\n\n\n\n<p><strong>Ensemble complet de trois pi\u00e8ces<\/strong>: Cet ensemble comprend un bustier, une culotte et une jarreti\u00e8re, offrant un look coordonn\u00e9 et complet \u00e0 la fois luxueux et s\u00e9duisant.<\/p>\n\n\n\n<p><strong>Gamme de tailles polyvalente<\/strong>: Disponible en tailles S, M, L, cet ensemble s&#039;adresse \u00e0 une vari\u00e9t\u00e9 de morphologies, assurant un ajustement et un confort parfaits pour votre client\u00e8le.<\/p>\n\n\n\n<p>Entrez dans un monde de sensualit\u00e9 raffin\u00e9e avec notre exquis ensemble soutien-gorge et culotte en dentelle transparente. Son design unique et ses couleurs contrast\u00e9es en font un incontournable pour celles qui appr\u00e9cient les d\u00e9tails les plus fins de la lingerie. Commandez maintenant et ajoutez une touche de sophistication et d&#039;allure \u00e0 votre collection !<\/p>\n\n\n\n<figure class=\"wp-block-table\"><table><tbody><tr><td class=\"has-text-align-center\" data-align=\"center\" colspan=\"6\"><strong>Tableau des tailles (CM)<\/strong><\/td><\/tr><tr><td class=\"has-text-align-center\" data-align=\"center\"><strong>Taille<\/strong><\/td><td class=\"has-text-align-center\" data-align=\"center\"><strong>Longueur (cm)<\/strong><\/td><td class=\"has-text-align-center\" data-align=\"center\"><strong>Sous poitrine (cm)<\/strong><\/td><td class=\"has-text-align-center\" data-align=\"center\"><strong>Taille (cm)<\/strong><\/td><td class=\"has-text-align-center\" data-align=\"center\"><strong>Taille (cm)<\/strong><\/td><td class=\"has-text-align-center\" data-align=\"center\"><strong>Longueur du pantalon (cm)<\/strong><\/td><\/tr><tr><td class=\"has-text-align-center\" data-align=\"center\">S<\/td><td class=\"has-text-align-center\" data-align=\"center\">14<\/td><td class=\"has-text-align-center\" data-align=\"center\">64-84<\/td><td class=\"has-text-align-center\" data-align=\"center\">64-94<\/td><td class=\"has-text-align-center\" data-align=\"center\">60<\/td><td class=\"has-text-align-center\" data-align=\"center\">20<\/td><\/tr><tr><td class=\"has-text-align-center\" data-align=\"center\">M<\/td><td class=\"has-text-align-center\" data-align=\"center\">15<\/td><td class=\"has-text-align-center\" data-align=\"center\">68-88<\/td><td class=\"has-text-align-center\" data-align=\"center\">68-98<\/td><td class=\"has-text-align-center\" data-align=\"center\">64<\/td><td class=\"has-text-align-center\" data-align=\"center\">21<\/td><\/tr><tr><td class=\"has-text-align-center\" data-align=\"center\">L<\/td><td class=\"has-text-align-center\" data-align=\"center\">16<\/td><td class=\"has-text-align-center\" data-align=\"center\">72-92<\/td><td class=\"has-text-align-center\" data-align=\"center\">72-102<\/td><td class=\"has-text-align-center\" data-align=\"center\">68<\/td><td class=\"has-text-align-center\" data-align=\"center\">22<\/td><\/tr><tr><td class=\"has-text-align-center\" data-align=\"center\" colspan=\"6\"><strong>Tableau des tailles (POUCES)<\/strong><\/td><\/tr><tr><td class=\"has-text-align-center\" data-align=\"center\"><strong>Taille<\/strong><\/td><td class=\"has-text-align-center\" data-align=\"center\"><strong>Longueur (po)<\/strong><\/td><td class=\"has-text-align-center\" data-align=\"center\"><strong>Sous le buste (dedans)<\/strong><\/td><td class=\"has-text-align-center\" data-align=\"center\"><strong>Taille (po)<\/strong><\/td><td class=\"has-text-align-center\" data-align=\"center\"><strong>Taille (po)<\/strong><\/td><td class=\"has-text-align-center\" data-align=\"center\"><strong>Longueur du pantalon (po)<\/strong><\/td><\/tr><tr><td class=\"has-text-align-center\" data-align=\"center\">S<\/td><td class=\"has-text-align-center\" data-align=\"center\">5.51<\/td><td class=\"has-text-align-center\" data-align=\"center\">25.20-33.07<\/td><td class=\"has-text-align-center\" data-align=\"center\">25.20-37.01<\/td><td class=\"has-text-align-center\" data-align=\"center\">23.62<\/td><td class=\"has-text-align-center\" data-align=\"center\">7.87<\/td><\/tr><tr><td class=\"has-text-align-center\" data-align=\"center\">M<\/td><td class=\"has-text-align-center\" data-align=\"center\">5.91<\/td><td class=\"has-text-align-center\" data-align=\"center\">26.77-34.65<\/td><td class=\"has-text-align-center\" data-align=\"center\">26.77-38.58<\/td><td class=\"has-text-align-center\" data-align=\"center\">25.20<\/td><td class=\"has-text-align-center\" data-align=\"center\">8.27<\/td><\/tr><tr><td class=\"has-text-align-center\" data-align=\"center\">L<\/td><td class=\"has-text-align-center\" data-align=\"center\">6.30<\/td><td class=\"has-text-align-center\" data-align=\"center\">28.35-36.22<\/td><td class=\"has-text-align-center\" data-align=\"center\">28.35-40.16<\/td><td class=\"has-text-align-center\" data-align=\"center\">26.77<\/td><td class=\"has-text-align-center\" data-align=\"center\">8.66<\/td><\/tr><\/tbody><\/table><\/figure>","protected":false},"excerpt":{"rendered":"<p>Laissez-vous s\u00e9duire par le charme de notre <strong>soutien-gorge, culottes et bretelles assortis<\/strong> ensemble, compos\u00e9 d&#039;un tissu transparent avec une broderie en grille exquise en violet clair et noir. Cet ensemble est un t\u00e9moignage d&#039;\u00e9l\u00e9gance et de sensualit\u00e9.<\/p>","protected":false},"featured_media":47914,"template":"","meta":[],"product_brand":[],"product_cat":[368,367,375],"product_tag":[507,452,865,972],"class_list":{"0":"post-47922","1":"product","2":"type-product","3":"status-publish","4":"has-post-thumbnail","6":"product_cat-bra-panty-set","7":"product_cat-sexy-lingerie","8":"product_cat-whoelsale-sheer-bra-and-panty-sets","9":"product_tag-three-pcs-set","10":"product_tag-wholesale-boudoir-lingerie","11":"product_tag-sexy-skimpy-lingerie","12":"product_tag-valentines-day-lingerie","13":"pa_color-purple-women-sexy-lingerie","14":"pa_size-wholesale-large-size-women-sexy-lingerie","15":"pa_size-wholesale-medium-size-women-sexy-lingerie","16":"pa_size-wholesale-small-size-sexy-lingerie","18":"first","19":"instock","20":"taxable","21":"shipping-taxable","22":"purchasable","23":"product-type-variable"},"tiered_pricing_type":"fixed","tiered_pricing_fixed_rules":[],"tiered_pricing_product_settings":{"layout":"table","base_unit_name":{"singular":null,"plural":null},"default_variation":null},"tiered_pricing_minimum_quantity":null,"tiered_pricing_roles_data":[],"tiered_pricing_percentage_rules":[],"tiered_pricing_maximum_quantity":null,"tiered_pricing_quantity_step":null,"_links":{"self":[{"href":"https:\/\/gretasexylingerie.com\/fr\/wp-json\/wp\/v2\/product\/47922","targetHints":{"allow":["GET"]}}],"collection":[{"href":"https:\/\/gretasexylingerie.com\/fr\/wp-json\/wp\/v2\/product"}],"about":[{"href":"https:\/\/gretasexylingerie.com\/fr\/wp-json\/wp\/v2\/types\/product"}],"wp:featuredmedia":[{"embeddable":true,"href":"https:\/\/gretasexylingerie.com\/fr\/wp-json\/wp\/v2\/media\/47914"}],"wp:attachment":[{"href":"https:\/\/gretasexylingerie.com\/fr\/wp-json\/wp\/v2\/media?parent=47922"}],"wp:term":[{"taxonomy":"product_brand","embeddable":true,"href":"https:\/\/gretasexylingerie.com\/fr\/wp-json\/wp\/v2\/product_brand?post=47922"},{"taxonomy":"product_cat","embeddable":true,"href":"https:\/\/gretasexylingerie.com\/fr\/wp-json\/wp\/v2\/product_cat?post=47922"},{"taxonomy":"product_tag","embeddable":true,"href":"https:\/\/gretasexylingerie.com\/fr\/wp-json\/wp\/v2\/product_tag?post=47922"}],"curies":[{"name":"wp","href":"https:\/\/api.w.org\/{rel}","templated":true}]}}