{"id":47865,"date":"2024-01-23T10:17:28","date_gmt":"2024-01-23T02:17:28","guid":{"rendered":"https:\/\/gretasexylingerie.com\/?post_type=product&#038;p=47865"},"modified":"2024-04-04T15:00:32","modified_gmt":"2024-04-04T07:00:32","slug":"vente-en-gros-body-femme-spandex","status":"publish","type":"product","link":"https:\/\/gretasexylingerie.com\/fr\/products\/wholesale-spandex-female-bodysuit\/","title":{"rendered":"Body femme en spandex en gros avec un design creux"},"content":{"rendered":"<p><strong>Style de sangle large<\/strong>: Offrant \u00e0 la fois confort et soutien, la conception \u00e0 larges bretelles de ce body est un choix pratique mais \u00e9l\u00e9gant pour tout \u00e9v\u00e9nement avant-gardiste.<\/p>\n\n\n\n<p><strong>Conception creuse<\/strong>: Le design creux audacieux ajoute une touche provocatrice \u00e0 ce <strong>body en \u00e9lasthanne<\/strong>, parfait pour faire une d\u00e9claration de mode audacieuse.<\/p>\n\n\n\n<p><strong>Appel super sexy<\/strong>: Con\u00e7u pour les audacieuses et confiantes, ce body est une expression de sensualit\u00e9, id\u00e9al pour les \u00e9v\u00e9nements rave ou comme pi\u00e8ce remarquable de la garde-robe.<\/p>\n\n\n\n<p><strong>Conception de cou licou<\/strong>: Combinant une silhouette moderne avec un col licou classique, ce body offre un m\u00e9lange unique de style et d&#039;\u00e9l\u00e9gance.<\/p>\n\n\n\n<p><strong>Gamme de tailles polyvalente<\/strong>: Disponible en tailles S, M, L et dans des couleurs vives \u2013 noir, rouge et rose vif \u2013 il s&#039;adresse \u00e0 une client\u00e8le diversifi\u00e9e, assurant un ajustement parfait \u00e0 une vari\u00e9t\u00e9 de morphologies.<\/p>\n\n\n\n<p>Entrez dans le monde de la mode audacieuse avec notre superbe body f\u00e9minin. Son design unique et ses couleurs vives en font un incontournable pour ceux qui aiment se d\u00e9marquer. Parfait pour les raves, les f\u00eates ou comme ajout audacieux \u00e0 votre collection de mode. Commandez maintenant pour ajouter cette pi\u00e8ce sensationnelle \u00e0 votre gamme\u00a0!<\/p>\n\n\n\n<figure class=\"wp-block-table\"><table><tbody><tr><td class=\"has-text-align-center\" data-align=\"center\" colspan=\"4\"><strong>Tableau des tailles (CM)<\/strong><\/td><\/tr><tr><td class=\"has-text-align-center\" data-align=\"center\"><strong>Taille<\/strong><\/td><td class=\"has-text-align-center\" data-align=\"center\"><strong>Longueur (cm)<\/strong><\/td><td class=\"has-text-align-center\" data-align=\"center\"><strong>Sous poitrine (cm)<\/strong><\/td><td class=\"has-text-align-center\" data-align=\"center\"><strong>Taille (cm)<\/strong><\/td><\/tr><tr><td class=\"has-text-align-center\" data-align=\"center\">S<\/td><td class=\"has-text-align-center\" data-align=\"center\">72<\/td><td class=\"has-text-align-center\" data-align=\"center\">88<\/td><td class=\"has-text-align-center\" data-align=\"center\">64<\/td><\/tr><tr><td class=\"has-text-align-center\" data-align=\"center\">M<\/td><td class=\"has-text-align-center\" data-align=\"center\">74<\/td><td class=\"has-text-align-center\" data-align=\"center\">92<\/td><td class=\"has-text-align-center\" data-align=\"center\">68<\/td><\/tr><tr><td class=\"has-text-align-center\" data-align=\"center\">L<\/td><td class=\"has-text-align-center\" data-align=\"center\">76<\/td><td class=\"has-text-align-center\" data-align=\"center\">96<\/td><td class=\"has-text-align-center\" data-align=\"center\">72<\/td><\/tr><tr><td class=\"has-text-align-center\" data-align=\"center\" colspan=\"4\"><strong>Tableau des tailles (POUCES)<\/strong><\/td><\/tr><tr><td class=\"has-text-align-center\" data-align=\"center\"><strong>Taille<\/strong><\/td><td class=\"has-text-align-center\" data-align=\"center\"><strong>Longueur (po)<\/strong><\/td><td class=\"has-text-align-center\" data-align=\"center\"><strong>Sous le buste (dedans)<\/strong><\/td><td class=\"has-text-align-center\" data-align=\"center\"><strong>Taille (po)<\/strong><\/td><\/tr><tr><td class=\"has-text-align-center\" data-align=\"center\">S<\/td><td class=\"has-text-align-center\" data-align=\"center\">28.35<\/td><td class=\"has-text-align-center\" data-align=\"center\">34.65<\/td><td class=\"has-text-align-center\" data-align=\"center\">25.20<\/td><\/tr><tr><td class=\"has-text-align-center\" data-align=\"center\">M<\/td><td class=\"has-text-align-center\" data-align=\"center\">29.13<\/td><td class=\"has-text-align-center\" data-align=\"center\">36.22<\/td><td class=\"has-text-align-center\" data-align=\"center\">26.77<\/td><\/tr><tr><td class=\"has-text-align-center\" data-align=\"center\">L<\/td><td class=\"has-text-align-center\" data-align=\"center\">29.92<\/td><td class=\"has-text-align-center\" data-align=\"center\">37.80<\/td><td class=\"has-text-align-center\" data-align=\"center\">28.35<\/td><\/tr><\/tbody><\/table><\/figure>","protected":false},"excerpt":{"rendered":"<p>Adoptez le charme de notre <strong>body femme<\/strong>, un m\u00e9lange harmonieux de bretelles larges et de design creux. Ce <strong>body en \u00e9lasthanne<\/strong> en noir, rouge et rose vif est le choix ultime pour un look rave super sexy.<\/p>","protected":false},"featured_media":47860,"template":"","meta":[],"product_brand":[],"product_cat":[370,379,367],"product_tag":[528,866,863,447],"class_list":{"0":"post-47865","1":"product","2":"type-product","3":"status-publish","4":"has-post-thumbnail","6":"product_cat-bodysuit","7":"product_cat-wholesale-harness-bodysuit","8":"product_cat-sexy-lingerie","9":"product_tag-halter-lingerie","10":"product_tag-sexy-romper-lingerie","11":"product_tag-sexy-thong-lingerie","12":"product_tag-wholesale-strappy-sexy-lingerie","13":"pa_color-black","14":"pa_size-wholesale-large-size-women-sexy-lingerie","15":"pa_size-wholesale-medium-size-women-sexy-lingerie","16":"pa_size-wholesale-small-size-sexy-lingerie","18":"first","19":"instock","20":"taxable","21":"shipping-taxable","22":"purchasable","23":"product-type-variable"},"tiered_pricing_type":"fixed","tiered_pricing_fixed_rules":[],"tiered_pricing_product_settings":{"layout":"table","base_unit_name":{"singular":null,"plural":null},"default_variation":null},"tiered_pricing_minimum_quantity":null,"tiered_pricing_roles_data":[],"tiered_pricing_percentage_rules":[],"tiered_pricing_maximum_quantity":null,"tiered_pricing_quantity_step":null,"_links":{"self":[{"href":"https:\/\/gretasexylingerie.com\/fr\/wp-json\/wp\/v2\/product\/47865","targetHints":{"allow":["GET"]}}],"collection":[{"href":"https:\/\/gretasexylingerie.com\/fr\/wp-json\/wp\/v2\/product"}],"about":[{"href":"https:\/\/gretasexylingerie.com\/fr\/wp-json\/wp\/v2\/types\/product"}],"wp:featuredmedia":[{"embeddable":true,"href":"https:\/\/gretasexylingerie.com\/fr\/wp-json\/wp\/v2\/media\/47860"}],"wp:attachment":[{"href":"https:\/\/gretasexylingerie.com\/fr\/wp-json\/wp\/v2\/media?parent=47865"}],"wp:term":[{"taxonomy":"product_brand","embeddable":true,"href":"https:\/\/gretasexylingerie.com\/fr\/wp-json\/wp\/v2\/product_brand?post=47865"},{"taxonomy":"product_cat","embeddable":true,"href":"https:\/\/gretasexylingerie.com\/fr\/wp-json\/wp\/v2\/product_cat?post=47865"},{"taxonomy":"product_tag","embeddable":true,"href":"https:\/\/gretasexylingerie.com\/fr\/wp-json\/wp\/v2\/product_tag?post=47865"}],"curies":[{"name":"wp","href":"https:\/\/api.w.org\/{rel}","templated":true}]}}