{"id":47837,"date":"2024-01-23T10:10:40","date_gmt":"2024-01-23T02:10:40","guid":{"rendered":"https:\/\/gretasexylingerie.com\/?post_type=product&#038;p=47837"},"modified":"2024-02-20T13:06:46","modified_gmt":"2024-02-20T05:06:46","slug":"vente-en-gros-ensemble-soutien-gorge-et-culotte-blanc","status":"publish","type":"product","link":"https:\/\/gretasexylingerie.com\/fr\/products\/wholesale-white-bra-and-knickers-set\/","title":{"rendered":"Ensemble soutien-gorge et culotte blanc en gros avec broderie de fleurs"},"content":{"rendered":"<p><strong>Broderie exquise<\/strong>: Le motif brod\u00e9 bleu clair sur maille transparente blanche offre un look d\u00e9licat et sophistiqu\u00e9, parfait pour le <strong>conception de culotte de soutien-gorge en filet<\/strong> connaisseur.<\/p>\n\n\n\n<p><strong>D\u00e9tails en dentelle luxueux<\/strong>: Chaque pi\u00e8ce de cet ensemble, y compris le soutien-gorge, la culotte, la jarreti\u00e8re, le legging et l&#039;anneau de cou, est rehauss\u00e9e de dentelle exquise, ajoutant une touche de luxe \u00e0 l&#039;ensemble. <strong>sous-v\u00eatements de soutien-gorge fantaisie<\/strong> collection.<\/p>\n\n\n\n<p><strong>Ensemble complet de cinq pi\u00e8ces<\/strong>: Cet ensemble complet offre un ensemble complet, assurant un look harmonieux et complet pour toute occasion sp\u00e9ciale ou collection de lingerie de luxe.<\/p>\n\n\n\n<p><strong>Vari\u00e9t\u00e9 de tailles<\/strong>: Disponible en tailles S, M et L, cet ensemble s&#039;adresse \u00e0 un large \u00e9ventail de morphologies, ce qui en fait un choix polyvalent pour votre <strong>soutien-gorge et culotte blancs<\/strong> collection.<\/p>\n\n\n\n<p><strong>Combinaison de couleurs \u00e9l\u00e9gante<\/strong>: La palette de couleurs bleu clair et blanc d\u00e9gage une ambiance sereine et \u00e9l\u00e9gante, faisant de cet ensemble un ajout unique et attrayant \u00e0 toute ligne de lingerie haut de gamme.<\/p>\n\n\n\n<p>Am\u00e9liorez votre offre de lingerie avec cet ensemble de soutien-gorge magnifiquement brod\u00e9. Son design complexe et sa collection compl\u00e8te de cinq pi\u00e8ces sauront captiver et satisfaire votre client\u00e8le exigeante. Parfait pour celles qui recherchent un m\u00e9lange d&#039;\u00e9l\u00e9gance et de sophistication dans leurs choix de lingerie. Commandez d\u00e8s maintenant et apportez une touche de beaut\u00e9 raffin\u00e9e \u00e0 votre collection !<\/p>\n\n\n\n<figure class=\"wp-block-table\"><table><tbody><tr><td class=\"has-text-align-center\" data-align=\"center\" colspan=\"6\"><strong>Tableau des tailles (CM)<\/strong><\/td><\/tr><tr><td class=\"has-text-align-center\" data-align=\"center\"><strong>Taille<\/strong><\/td><td class=\"has-text-align-center\" data-align=\"center\"><strong>Longueur (cm)<\/strong><\/td><td class=\"has-text-align-center\" data-align=\"center\"><strong>Sous poitrine (cm)<\/strong><\/td><td class=\"has-text-align-center\" data-align=\"center\"><strong>Taille (cm)<\/strong><\/td><td class=\"has-text-align-center\" data-align=\"center\"><strong>Taille (cm)<\/strong><\/td><td class=\"has-text-align-center\" data-align=\"center\"><strong>Longueur (cm)<\/strong><\/td><\/tr><tr><td class=\"has-text-align-center\" data-align=\"center\">S<\/td><td class=\"has-text-align-center\" data-align=\"center\">14<\/td><td class=\"has-text-align-center\" data-align=\"center\">64-84<\/td><td class=\"has-text-align-center\" data-align=\"center\">68-98<\/td><td class=\"has-text-align-center\" data-align=\"center\">68-88<\/td><td class=\"has-text-align-center\" data-align=\"center\">19<\/td><\/tr><tr><td class=\"has-text-align-center\" data-align=\"center\">M<\/td><td class=\"has-text-align-center\" data-align=\"center\">15<\/td><td class=\"has-text-align-center\" data-align=\"center\">68-88<\/td><td class=\"has-text-align-center\" data-align=\"center\">72-102<\/td><td class=\"has-text-align-center\" data-align=\"center\">72-92<\/td><td class=\"has-text-align-center\" data-align=\"center\">20<\/td><\/tr><tr><td class=\"has-text-align-center\" data-align=\"center\">L<\/td><td class=\"has-text-align-center\" data-align=\"center\">16<\/td><td class=\"has-text-align-center\" data-align=\"center\">72-92<\/td><td class=\"has-text-align-center\" data-align=\"center\">76-106<\/td><td class=\"has-text-align-center\" data-align=\"center\">76-96<\/td><td class=\"has-text-align-center\" data-align=\"center\">21<\/td><\/tr><tr><td class=\"has-text-align-center\" data-align=\"center\" colspan=\"6\"><strong>Tableau des tailles (POUCES)<\/strong><\/td><\/tr><tr><td class=\"has-text-align-center\" data-align=\"center\"><strong>Taille<\/strong><\/td><td class=\"has-text-align-center\" data-align=\"center\"><strong>Longueur (po)<\/strong><\/td><td class=\"has-text-align-center\" data-align=\"center\"><strong>Sous le buste (dedans)<\/strong><\/td><td class=\"has-text-align-center\" data-align=\"center\"><strong>Taille (po)<\/strong><\/td><td class=\"has-text-align-center\" data-align=\"center\"><strong>Taille (po)<\/strong><\/td><td class=\"has-text-align-center\" data-align=\"center\"><strong>Longueur (po)<\/strong><\/td><\/tr><tr><td class=\"has-text-align-center\" data-align=\"center\">S<\/td><td class=\"has-text-align-center\" data-align=\"center\">5.51<\/td><td class=\"has-text-align-center\" data-align=\"center\">25.20-33.07<\/td><td class=\"has-text-align-center\" data-align=\"center\">26.77-38.58<\/td><td class=\"has-text-align-center\" data-align=\"center\">26.77-34.65<\/td><td class=\"has-text-align-center\" data-align=\"center\">7.48<\/td><\/tr><tr><td class=\"has-text-align-center\" data-align=\"center\">M<\/td><td class=\"has-text-align-center\" data-align=\"center\">5.91<\/td><td class=\"has-text-align-center\" data-align=\"center\">26.77-34.65<\/td><td class=\"has-text-align-center\" data-align=\"center\">28.35-40.16<\/td><td class=\"has-text-align-center\" data-align=\"center\">28.35-36.22<\/td><td class=\"has-text-align-center\" data-align=\"center\">7.87<\/td><\/tr><tr><td class=\"has-text-align-center\" data-align=\"center\">L<\/td><td class=\"has-text-align-center\" data-align=\"center\">6.30<\/td><td class=\"has-text-align-center\" data-align=\"center\">28.35-36.22<\/td><td class=\"has-text-align-center\" data-align=\"center\">29.92-41.73<\/td><td class=\"has-text-align-center\" data-align=\"center\">29.92-37.80<\/td><td class=\"has-text-align-center\" data-align=\"center\">8.27<\/td><\/tr><\/tbody><\/table><\/figure>\n\n\n\n<p><\/p>","protected":false},"excerpt":{"rendered":"<p>D\u00e9couvrez l&#039;enchantement de notre <strong>soutien-gorge et culotte blancs<\/strong> ensemble, orn\u00e9 de broderies bleu clair sur maille transparente blanche. Ce <strong>sous-v\u00eatements de soutien-gorge fantaisie<\/strong> l&#039;ensemble est une symphonie d&#039;\u00e9l\u00e9gance et de charme.<\/p>","protected":false},"featured_media":47828,"template":"","meta":[],"product_brand":[],"product_cat":[368,369,367],"product_tag":[505,454,875,518],"class_list":{"0":"post-47837","1":"product","2":"type-product","3":"status-publish","4":"has-post-thumbnail","6":"product_cat-bra-panty-set","7":"product_cat-wholesale-lace-bra-and-panty-sets","8":"product_cat-sexy-lingerie","9":"product_tag-5-piece-lingerie-set","10":"product_tag-wholesale-sexy-embroidered-lingerie","11":"product_tag-lace-sexy-lingerie","12":"product_tag-mesh-lingerie","13":"pa_color-white","14":"pa_size-wholesale-large-size-women-sexy-lingerie","15":"pa_size-wholesale-medium-size-women-sexy-lingerie","16":"pa_size-wholesale-small-size-sexy-lingerie","18":"first","19":"instock","20":"taxable","21":"shipping-taxable","22":"purchasable","23":"product-type-variable"},"tiered_pricing_type":"fixed","tiered_pricing_fixed_rules":[],"tiered_pricing_product_settings":{"layout":"table","base_unit_name":{"singular":null,"plural":null},"default_variation":{}},"tiered_pricing_minimum_quantity":null,"tiered_pricing_roles_data":[],"tiered_pricing_percentage_rules":[],"tiered_pricing_maximum_quantity":null,"tiered_pricing_quantity_step":null,"_links":{"self":[{"href":"https:\/\/gretasexylingerie.com\/fr\/wp-json\/wp\/v2\/product\/47837","targetHints":{"allow":["GET"]}}],"collection":[{"href":"https:\/\/gretasexylingerie.com\/fr\/wp-json\/wp\/v2\/product"}],"about":[{"href":"https:\/\/gretasexylingerie.com\/fr\/wp-json\/wp\/v2\/types\/product"}],"wp:featuredmedia":[{"embeddable":true,"href":"https:\/\/gretasexylingerie.com\/fr\/wp-json\/wp\/v2\/media\/47828"}],"wp:attachment":[{"href":"https:\/\/gretasexylingerie.com\/fr\/wp-json\/wp\/v2\/media?parent=47837"}],"wp:term":[{"taxonomy":"product_brand","embeddable":true,"href":"https:\/\/gretasexylingerie.com\/fr\/wp-json\/wp\/v2\/product_brand?post=47837"},{"taxonomy":"product_cat","embeddable":true,"href":"https:\/\/gretasexylingerie.com\/fr\/wp-json\/wp\/v2\/product_cat?post=47837"},{"taxonomy":"product_tag","embeddable":true,"href":"https:\/\/gretasexylingerie.com\/fr\/wp-json\/wp\/v2\/product_tag?post=47837"}],"curies":[{"name":"wp","href":"https:\/\/api.w.org\/{rel}","templated":true}]}}