{"id":47794,"date":"2024-01-20T22:28:54","date_gmt":"2024-01-20T14:28:54","guid":{"rendered":"https:\/\/gretasexylingerie.com\/?post_type=product&#038;p=47794"},"modified":"2024-02-20T13:08:37","modified_gmt":"2024-02-20T05:08:37","slug":"vente-en-gros-culotte-et-soutien-gorge-pour-femme-en-dentelle-noire-et-blanche","status":"publish","type":"product","link":"https:\/\/gretasexylingerie.com\/fr\/products\/wholesale-ladies-panties-and-bra-set-in-black-and-white-lace\/","title":{"rendered":"Ensemble culotte et soutien-gorge pour femme en gros en dentelle noire et blanche"},"content":{"rendered":"<p><strong>Contraste classique\u00a0: <\/strong>Le contraste noir et blanc dans ce <strong>ensemble culotte et soutien-gorge pour femme<\/strong> offre un attrait intemporel, parfait pour ceux qui appr\u00e9cient \u00e0 la fois l&#039;\u00e9l\u00e9gance classique et le design contemporain.<\/p>\n\n\n\n<p><strong>Volants en dentelle\u00a0:<\/strong> Les volants en dentelle d\u00e9licate ajoutent une touche de sophistication, ce qui en fait <strong>ensembles soutien-gorge et culotte blanc<\/strong> collection un choix exquis pour les v\u00eatements de mari\u00e9e ou les occasions sp\u00e9ciales.<\/p>\n\n\n\n<p><strong>D\u00e9coration du n\u0153ud\u00a0: <\/strong>De charmantes d\u00e9corations en forme de n\u0153ud apportent une touche douce et romantique, rehaussant l&#039;attrait de l&#039;ensemble et en faisant un choix d\u00e9licieux pour votre client\u00e8le.<\/p>\n\n\n\n<p><strong>\u00c9l\u00e9gance polyvalente\u00a0: <\/strong>Cet ensemble est plus qu&#039;un simple accessoire de mari\u00e9e ; sa conception polyvalente le rend adapt\u00e9 \u00e0 diverses occasions, attirant une large client\u00e8le.<\/p>\n\n\n\n<p><strong>Le confort rencontre le style\u00a0: <\/strong>Con\u00e7u pour le confort sans compromettre le style, cet ensemble assure une coupe flatteuse, ce qui en fait un choix pratique mais \u00e9l\u00e9gant pour le luxe au quotidien.<\/p>\n\n\n\n<p>Ajoutez une touche d&#039;\u00e9l\u00e9gance intemporelle \u00e0 votre collection avec notre ensemble de soutien-gorge en dentelle noire et blanche. Parfait pour le luxe nuptial et quotidien, il est con\u00e7u pour ravir et impressionner. Commandez maintenant et offrez \u00e0 vos clients le m\u00e9lange parfait de style et de confort !<\/p>\n\n\n\n<figure class=\"wp-block-table aligncenter\"><table><tbody><tr><td class=\"has-text-align-center\" data-align=\"center\" colspan=\"7\"><strong>Tableau des tailles (CM)<\/strong><\/td><\/tr><tr><td class=\"has-text-align-center\" data-align=\"center\"><strong>Taille<\/strong><\/td><td class=\"has-text-align-center\" data-align=\"center\"><strong>Hauteur de la tasse (cm)<\/strong><\/td><td class=\"has-text-align-center\" data-align=\"center\"><strong>Longueur (cm)<\/strong><\/td><td class=\"has-text-align-center\" data-align=\"center\"><strong>Haut du buste (cm)<\/strong><\/td><td class=\"has-text-align-center\" data-align=\"center\"><strong>Buste inf\u00e9rieur (cm)<\/strong><\/td><td class=\"has-text-align-center\" data-align=\"center\"><strong>Ceinture (cm)<\/strong><\/td><td class=\"has-text-align-center\" data-align=\"center\"><strong>Tour de taille (cm)<\/strong><\/td><\/tr><tr><td class=\"has-text-align-center\" data-align=\"center\">M<\/td><td class=\"has-text-align-center\" data-align=\"center\">13.5<\/td><td class=\"has-text-align-center\" data-align=\"center\">15<\/td><td class=\"has-text-align-center\" data-align=\"center\">64-88<\/td><td class=\"has-text-align-center\" data-align=\"center\">61-88<\/td><td class=\"has-text-align-center\" data-align=\"center\">57-92<\/td><td class=\"has-text-align-center\" data-align=\"center\">61-96<\/td><\/tr><tr><td class=\"has-text-align-center\" data-align=\"center\">M<\/td><td class=\"has-text-align-center\" data-align=\"center\">14.5<\/td><td class=\"has-text-align-center\" data-align=\"center\">16<\/td><td class=\"has-text-align-center\" data-align=\"center\">68-92<\/td><td class=\"has-text-align-center\" data-align=\"center\">65-92<\/td><td class=\"has-text-align-center\" data-align=\"center\">61-96<\/td><td class=\"has-text-align-center\" data-align=\"center\">65-100<\/td><\/tr><tr><td class=\"has-text-align-center\" data-align=\"center\">L<\/td><td class=\"has-text-align-center\" data-align=\"center\">15.5<\/td><td class=\"has-text-align-center\" data-align=\"center\">17<\/td><td class=\"has-text-align-center\" data-align=\"center\">72-96<\/td><td class=\"has-text-align-center\" data-align=\"center\">69-96<\/td><td class=\"has-text-align-center\" data-align=\"center\">65-100<\/td><td class=\"has-text-align-center\" data-align=\"center\">69-104<\/td><\/tr><tr><td class=\"has-text-align-center\" data-align=\"center\" colspan=\"7\"><strong>Tableau des tailles (POUCES)<\/strong><\/td><\/tr><tr><td class=\"has-text-align-center\" data-align=\"center\"><strong>Taille<\/strong><\/td><td class=\"has-text-align-center\" data-align=\"center\"><strong>Hauteur de la tasse (po)<\/strong><\/td><td class=\"has-text-align-center\" data-align=\"center\"><strong>Longueur (po)<\/strong><\/td><td class=\"has-text-align-center\" data-align=\"center\"><strong>Haut du buste (po)<\/strong><\/td><td class=\"has-text-align-center\" data-align=\"center\"><strong>Bas du buste (po)<\/strong><\/td><td class=\"has-text-align-center\" data-align=\"center\"><strong>Ceinture (po)<\/strong><\/td><td class=\"has-text-align-center\" data-align=\"center\"><strong>Tour de taille (po)<\/strong><\/td><\/tr><tr><td class=\"has-text-align-center\" data-align=\"center\">M<\/td><td class=\"has-text-align-center\" data-align=\"center\">5.31<\/td><td class=\"has-text-align-center\" data-align=\"center\">5.91<\/td><td class=\"has-text-align-center\" data-align=\"center\">25.20-34.65<\/td><td class=\"has-text-align-center\" data-align=\"center\">24.02-34.65<\/td><td class=\"has-text-align-center\" data-align=\"center\">22.44-36.22<\/td><td class=\"has-text-align-center\" data-align=\"center\">24.02-37.80<\/td><\/tr><tr><td class=\"has-text-align-center\" data-align=\"center\">M<\/td><td class=\"has-text-align-center\" data-align=\"center\">5.71<\/td><td class=\"has-text-align-center\" data-align=\"center\">6.30<\/td><td class=\"has-text-align-center\" data-align=\"center\">26.77-36.22<\/td><td class=\"has-text-align-center\" data-align=\"center\">25.59-36.22<\/td><td class=\"has-text-align-center\" data-align=\"center\">24.02-37.80<\/td><td class=\"has-text-align-center\" data-align=\"center\">25.59-39.37<\/td><\/tr><tr><td class=\"has-text-align-center\" data-align=\"center\">L<\/td><td class=\"has-text-align-center\" data-align=\"center\">6.10<\/td><td class=\"has-text-align-center\" data-align=\"center\">6.69<\/td><td class=\"has-text-align-center\" data-align=\"center\">28.35-37.80<\/td><td class=\"has-text-align-center\" data-align=\"center\">27.17-37.80<\/td><td class=\"has-text-align-center\" data-align=\"center\">25.59-39.37<\/td><td class=\"has-text-align-center\" data-align=\"center\">27.17-40.94<\/td><\/tr><\/tbody><\/table><\/figure>","protected":false},"excerpt":{"rendered":"<p>Adoptez l&#039;\u00e9l\u00e9gance classique avec notre <strong>ensemble culotte et soutien-gorge pour femme<\/strong>, avec un contraste noir et blanc saisissant et de d\u00e9licats volants en dentelle. Ce <strong>ensemble soutien-gorge et culotte de mari\u00e9e<\/strong> est un m\u00e9lange de tradition et de charme moderne.<\/p>","protected":false},"featured_media":47793,"template":"","meta":[],"product_brand":[],"product_cat":[368,369,367],"product_tag":[868,452,510],"class_list":{"0":"post-47794","1":"product","2":"type-product","3":"status-publish","4":"has-post-thumbnail","6":"product_cat-bra-panty-set","7":"product_cat-wholesale-lace-bra-and-panty-sets","8":"product_cat-sexy-lingerie","9":"product_tag-4-piece-lingerie-set","10":"product_tag-wholesale-boudoir-lingerie","11":"product_tag-ruffles-lingerie","12":"pa_color-black","13":"pa_size-wholesale-large-size-women-sexy-lingerie","14":"pa_size-wholesale-medium-size-women-sexy-lingerie","15":"pa_size-wholesale-small-size-sexy-lingerie","17":"first","18":"instock","19":"taxable","20":"shipping-taxable","21":"purchasable","22":"product-type-variable"},"tiered_pricing_type":"fixed","tiered_pricing_fixed_rules":[],"tiered_pricing_product_settings":{"layout":"table","base_unit_name":{"singular":null,"plural":null},"default_variation":null},"tiered_pricing_minimum_quantity":null,"tiered_pricing_roles_data":[],"tiered_pricing_percentage_rules":[],"tiered_pricing_maximum_quantity":null,"tiered_pricing_quantity_step":null,"_links":{"self":[{"href":"https:\/\/gretasexylingerie.com\/fr\/wp-json\/wp\/v2\/product\/47794","targetHints":{"allow":["GET"]}}],"collection":[{"href":"https:\/\/gretasexylingerie.com\/fr\/wp-json\/wp\/v2\/product"}],"about":[{"href":"https:\/\/gretasexylingerie.com\/fr\/wp-json\/wp\/v2\/types\/product"}],"wp:featuredmedia":[{"embeddable":true,"href":"https:\/\/gretasexylingerie.com\/fr\/wp-json\/wp\/v2\/media\/47793"}],"wp:attachment":[{"href":"https:\/\/gretasexylingerie.com\/fr\/wp-json\/wp\/v2\/media?parent=47794"}],"wp:term":[{"taxonomy":"product_brand","embeddable":true,"href":"https:\/\/gretasexylingerie.com\/fr\/wp-json\/wp\/v2\/product_brand?post=47794"},{"taxonomy":"product_cat","embeddable":true,"href":"https:\/\/gretasexylingerie.com\/fr\/wp-json\/wp\/v2\/product_cat?post=47794"},{"taxonomy":"product_tag","embeddable":true,"href":"https:\/\/gretasexylingerie.com\/fr\/wp-json\/wp\/v2\/product_tag?post=47794"}],"curies":[{"name":"wp","href":"https:\/\/api.w.org\/{rel}","templated":true}]}}