{"id":46735,"date":"2023-11-21T00:14:17","date_gmt":"2023-11-20T16:14:17","guid":{"rendered":"https:\/\/gretasexylingerie.com\/?post_type=product&#038;p=46735"},"modified":"2024-04-04T16:16:01","modified_gmt":"2024-04-04T08:16:01","slug":"body-de-createur-a-bonnets-ouverts-et-detail-coeur-en-diamant","status":"publish","type":"product","link":"https:\/\/gretasexylingerie.com\/fr\/products\/open-cup-designer-bodysuit-with-heart-diamond-detail\/","title":{"rendered":"Body de cr\u00e9ateur \u00e0 coupe ouverte avec d\u00e9tails en forme de c\u0153ur et de diamants"},"content":{"rendered":"<ol class=\"wp-block-list\">\n<li><strong>Body de cr\u00e9ateur noir<\/strong>: Entrez dans un monde de style sophistiqu\u00e9 avec ce body de cr\u00e9ateur noir. Son design unique le distingue et en fait un incontournable pour les personnes avant-gardistes.<\/li>\n\n\n\n<li><strong>Style sexy creux et group\u00e9.<\/strong>: Embrassez votre c\u00f4t\u00e9 audacieux avec le style sexy creux et group\u00e9 du body. Il est con\u00e7u pour flatter votre silhouette tout en ajoutant une touche audacieuse \u00e0 votre look.<\/li>\n\n\n\n<li><strong>Coffre d\u00e9cor\u00e9 de diamants en forme de c\u0153ur<\/strong>: L&#039;embellissement en diamant c\u0153ur sur la poitrine ajoute une touche de luxe et de glamour, parfait pour les occasions sp\u00e9ciales ou lorsque vous voulez vous sentir encore plus fabuleux.<\/li>\n\n\n\n<li><strong>Body coupe ouverte avec larges bretelles<\/strong>: Alliant mode et confort, le design \u00e0 bonnets ouverts et les larges bretelles offrent un soutien tout en mettant en valeur vos courbes naturelles.<\/li>\n\n\n\n<li><strong>Conception r\u00e9v\u00e9latrice des fesses pour plus de style<\/strong>: Faites tourner les t\u00eates avec le design effront\u00e9 du body r\u00e9v\u00e9lant les fesses. Ce <strong>body \u00e0 armatures<\/strong> Il s&#039;agit de c\u00e9l\u00e9brer votre corps et d&#039;ajouter une touche ludique \u00e0 votre tenue.<\/li>\n<\/ol>\n\n\n\n<p>Ne manquez pas l&#039;occasion de poss\u00e9der ce superbe body de cr\u00e9ateur noir. Parfait pour ceux qui aiment allier \u00e9l\u00e9gance avec une touche d&#039;audace, il deviendra \u00e0 coup s\u00fbr une pi\u00e8ce pr\u00e9cieuse de votre collection. Que vous vous habilliez pour une soir\u00e9e ou que vous cherchiez \u00e0 ajouter un peu d&#039;excitation \u00e0 votre garde-robe, ce body est le choix parfait. Commandez maintenant et entrez dans un monde de style et de confiance in\u00e9gal\u00e9s\u00a0!<\/p>\n\n\n\n<figure class=\"wp-block-table\"><table><tbody><tr><td colspan=\"5\"><strong>Tableau des tailles (CM)<\/strong><\/td><\/tr><tr><td><strong>Taille<\/strong><\/td><td><strong>Longueur (cm)<\/strong><\/td><td><strong>Sous poitrine (cm)<\/strong><\/td><td><strong>Taille (cm)<\/strong><\/td><td><strong>Hanche (cm)<\/strong><\/td><\/tr><tr><td>S<\/td><td>72<\/td><td>68-86<\/td><td>66-96<\/td><td>72<\/td><\/tr><tr><td>M<\/td><td>74<\/td><td>72-90<\/td><td>70-100<\/td><td>76<\/td><\/tr><tr><td>L<\/td><td>76<\/td><td>76-94<\/td><td>74-104<\/td><td>80<\/td><\/tr><\/tbody><\/table><\/figure>\n\n\n\n<figure class=\"wp-block-table\"><table><tbody><tr><td colspan=\"5\"><strong>Tableau des tailles (POUCES)<\/strong><\/td><\/tr><tr><td><strong>Taille<\/strong><\/td><td><strong>Longueur (po)<\/strong><\/td><td><strong>Sous le buste (dedans)<\/strong><\/td><td><strong>Taille (po)<\/strong><\/td><td><strong>Hanche (dedans)<\/strong><\/td><\/tr><tr><td>S<\/td><td>28.35<\/td><td>26.77-33.86<\/td><td>25.98-37.80<\/td><td>28.35<\/td><\/tr><tr><td>M<\/td><td>29.13<\/td><td>28.35-35.43<\/td><td>27.56-39.37<\/td><td>29.92<\/td><\/tr><tr><td>L<\/td><td>29.92<\/td><td>29.92-37.01<\/td><td>29.13-40.94<\/td><td>31.50<\/td><\/tr><\/tbody><\/table><\/figure>","protected":false},"excerpt":{"rendered":"<p>Am\u00e9liorez votre style avec notre superbe body noir de cr\u00e9ateur, dot\u00e9 d&#039;une poitrine d\u00e9cor\u00e9e de diamants en forme de c\u0153ur et d&#039;un design audacieux \u00e0 bonnets ouverts. Ce body combine l&#039;allure d&#039;un style sexy creux et group\u00e9 avec le confort de larges bretelles, ce qui en fait un m\u00e9lange parfait d&#039;\u00e9l\u00e9gance et de s\u00e9duction.<\/p>","protected":false},"featured_media":46751,"template":"","meta":[],"product_brand":[],"product_cat":[370,379,367],"product_tag":[452,446],"class_list":{"0":"post-46735","1":"product","2":"type-product","3":"status-publish","4":"has-post-thumbnail","6":"product_cat-bodysuit","7":"product_cat-wholesale-harness-bodysuit","8":"product_cat-sexy-lingerie","9":"product_tag-wholesale-boudoir-lingerie","10":"product_tag-wholesale-sexy-see-through-lingerie","11":"pa_color-black","12":"pa_color-blue-women-sexy-lingerie","13":"pa_color-red-women-sexy-lingerie","14":"pa_size-wholesale-large-size-women-sexy-lingerie","15":"pa_size-wholesale-medium-size-women-sexy-lingerie","16":"pa_size-wholesale-small-size-sexy-lingerie","18":"first","19":"instock","20":"taxable","21":"shipping-taxable","22":"purchasable","23":"product-type-variable"},"tiered_pricing_type":"fixed","tiered_pricing_fixed_rules":[],"tiered_pricing_product_settings":{"layout":"table","base_unit_name":{"singular":null,"plural":null},"default_variation":{}},"tiered_pricing_minimum_quantity":null,"tiered_pricing_roles_data":[],"tiered_pricing_percentage_rules":[],"tiered_pricing_maximum_quantity":null,"tiered_pricing_quantity_step":null,"_links":{"self":[{"href":"https:\/\/gretasexylingerie.com\/fr\/wp-json\/wp\/v2\/product\/46735","targetHints":{"allow":["GET"]}}],"collection":[{"href":"https:\/\/gretasexylingerie.com\/fr\/wp-json\/wp\/v2\/product"}],"about":[{"href":"https:\/\/gretasexylingerie.com\/fr\/wp-json\/wp\/v2\/types\/product"}],"wp:featuredmedia":[{"embeddable":true,"href":"https:\/\/gretasexylingerie.com\/fr\/wp-json\/wp\/v2\/media\/46751"}],"wp:attachment":[{"href":"https:\/\/gretasexylingerie.com\/fr\/wp-json\/wp\/v2\/media?parent=46735"}],"wp:term":[{"taxonomy":"product_brand","embeddable":true,"href":"https:\/\/gretasexylingerie.com\/fr\/wp-json\/wp\/v2\/product_brand?post=46735"},{"taxonomy":"product_cat","embeddable":true,"href":"https:\/\/gretasexylingerie.com\/fr\/wp-json\/wp\/v2\/product_cat?post=46735"},{"taxonomy":"product_tag","embeddable":true,"href":"https:\/\/gretasexylingerie.com\/fr\/wp-json\/wp\/v2\/product_tag?post=46735"}],"curies":[{"name":"wp","href":"https:\/\/api.w.org\/{rel}","templated":true}]}}