{"id":46559,"date":"2023-11-09T00:23:49","date_gmt":"2023-11-08T16:23:49","guid":{"rendered":"https:\/\/gretasexylingerie.com\/?post_type=product&#038;p=46559"},"modified":"2023-11-09T00:25:19","modified_gmt":"2023-11-08T16:25:19","slug":"vente-en-gros-ensemble-de-bodystocking-corset-sans-bretelles","status":"publish","type":"product","link":"https:\/\/gretasexylingerie.com\/fr\/products\/wholesale-strapless-corset-bodystocking-set\/","title":{"rendered":"Vente en gros Ensemble De Body Corset Sans Bretelles"},"content":{"rendered":"<ol class=\"wp-block-list\">\n<li><strong>Corset r\u00e9sille sans bretelles<\/strong>: Le design sans bretelles du body corset accentue les \u00e9paules et le d\u00e9collet\u00e9, tandis que le motif en r\u00e9sille ajoute une couche d&#039;intrigue et de sophistication.<\/li>\n\n\n\n<li><strong>Culotte multi-bandes<\/strong>: Le corset est compl\u00e9t\u00e9 par une culotte multi-bandes qui offre un attrait ludique mais \u00e9l\u00e9gant, garantissant que votre <strong>sous-v\u00eatements<\/strong> est tout sauf ordinaire.<\/li>\n\n\n\n<li><strong>Un savoir-faire exquis<\/strong>: Chaque pi\u00e8ce de cet ensemble est con\u00e7ue avec une attention aux d\u00e9tails, garantissant non seulement une apparence \u00e9poustouflante mais \u00e9galement un ajustement confortable qui bouge avec votre corps.<\/li>\n\n\n\n<li><strong>Style inoubliable<\/strong>: Que ce soit pour une occasion sp\u00e9ciale ou pour ajouter du piquant \u00e0 vos v\u00eatements intimes, cet ensemble bodystocking corset est con\u00e7u pour faire une d\u00e9claration m\u00e9morable.<\/li>\n\n\n\n<li><strong>Polyvalent et flatteur<\/strong>: L&#039;ensemble est suffisamment polyvalent pour \u00eatre port\u00e9 sous les v\u00eatements pour une r\u00e9v\u00e9lation surprise ou comme pi\u00e8ce autonome qui c\u00e9l\u00e8bre votre silhouette dans toute sa splendeur.<\/li>\n<\/ol>\n\n\n\n<p>Lib\u00e9rez la renarde qui sommeille en vous avec notre ensemble bodystocking corset sans bretelles, une combinaison d&#039;allure et de confort qui ne manquera pas d&#039;enflammer la passion. Parfait pour celles qui osent d\u00e9voiler et embrasser leur sensualit\u00e9, cet ensemble est un ajout incontournable \u00e0 votre collection intime. Achetez maintenant et red\u00e9finissez ce que signifie \u00eatre irr\u00e9sistiblement vous-m\u00eame.<\/p>","protected":false},"excerpt":{"rendered":"<p>Plongez dans le monde audacieux de la s\u00e9duction avec notre <strong>ensemble bodystocking<\/strong>, un ensemble provocateur qui comprend un corset sans bretelles en r\u00e9sille et une culotte \u00e0 plusieurs bandes. Cet ensemble est la quintessence de la mode audacieuse pour la chambre \u00e0 coucher, alliant une allure classique \u00e0 une touche moderne.<\/p>","protected":false},"featured_media":46567,"template":"","meta":[],"product_brand":[],"product_cat":[405,924,404],"product_tag":[],"class_list":{"0":"post-46559","1":"product","2":"type-product","3":"status-publish","4":"has-post-thumbnail","6":"product_cat-wholesale-bodystocking","7":"product_cat-wholesale-bodystocking-sets","8":"product_cat-sexy-stocking","9":"pa_color-black","10":"pa_size-free","12":"first","13":"instock","14":"taxable","15":"shipping-taxable","16":"purchasable","17":"product-type-variable"},"tiered_pricing_type":"fixed","tiered_pricing_fixed_rules":[],"tiered_pricing_product_settings":{"layout":"default","base_unit_name":{"singular":null,"plural":null},"default_variation":{}},"tiered_pricing_minimum_quantity":null,"tiered_pricing_roles_data":[],"tiered_pricing_percentage_rules":[],"tiered_pricing_maximum_quantity":null,"tiered_pricing_quantity_step":null,"_links":{"self":[{"href":"https:\/\/gretasexylingerie.com\/fr\/wp-json\/wp\/v2\/product\/46559","targetHints":{"allow":["GET"]}}],"collection":[{"href":"https:\/\/gretasexylingerie.com\/fr\/wp-json\/wp\/v2\/product"}],"about":[{"href":"https:\/\/gretasexylingerie.com\/fr\/wp-json\/wp\/v2\/types\/product"}],"wp:featuredmedia":[{"embeddable":true,"href":"https:\/\/gretasexylingerie.com\/fr\/wp-json\/wp\/v2\/media\/46567"}],"wp:attachment":[{"href":"https:\/\/gretasexylingerie.com\/fr\/wp-json\/wp\/v2\/media?parent=46559"}],"wp:term":[{"taxonomy":"product_brand","embeddable":true,"href":"https:\/\/gretasexylingerie.com\/fr\/wp-json\/wp\/v2\/product_brand?post=46559"},{"taxonomy":"product_cat","embeddable":true,"href":"https:\/\/gretasexylingerie.com\/fr\/wp-json\/wp\/v2\/product_cat?post=46559"},{"taxonomy":"product_tag","embeddable":true,"href":"https:\/\/gretasexylingerie.com\/fr\/wp-json\/wp\/v2\/product_tag?post=46559"}],"curies":[{"name":"wp","href":"https:\/\/api.w.org\/{rel}","templated":true}]}}