{"id":46548,"date":"2023-11-08T21:40:53","date_gmt":"2023-11-08T13:40:53","guid":{"rendered":"https:\/\/gretasexylingerie.com\/?post_type=product&#038;p=46548"},"modified":"2023-11-09T00:19:00","modified_gmt":"2023-11-08T16:19:00","slug":"vente-en-gros-bas-de-body-en-maille-dos-nu","status":"publish","type":"product","link":"https:\/\/gretasexylingerie.com\/fr\/products\/wholesale-backless-mesh-bodysuit-stocking\/","title":{"rendered":"Vente en gros Bas De Body En Maille Dos Nu"},"content":{"rendered":"<ol class=\"wp-block-list\">\n<li><strong>Design dos nu saisissant<\/strong>: Adoptez le charme de l&#039;inattendu avec un body dot\u00e9 d&#039;une coupe dos nu captivante, garantissant que tous les yeux sont riv\u00e9s sur vous.<\/li>\n\n\n\n<li><strong>Contour de modelage du corps<\/strong>: Notre <strong>collants r\u00e9sille gainants<\/strong> sont con\u00e7us pour mettre en valeur vos courbes naturelles, offrant \u00e0 la fois un soutien et une touche de myst\u00e8re avec son allure pure.<\/li>\n\n\n\n<li><strong>\u00c9l\u00e9gance transparente<\/strong>: La structure large et simple est rehauss\u00e9e par sa mati\u00e8re creuse et transparente, permettant un affichage audacieux de la peau sous l&#039;\u00e9l\u00e9gante maille.<\/li>\n\n\n\n<li><strong>Style pr\u00eat pour les rave<\/strong>: Parfait pour une soir\u00e9e ou un festival, ce <strong>tenue rave en maille noire<\/strong> ne manquera pas de faire tourner les t\u00eates et de donner le ton pour une exp\u00e9rience inoubliable.<\/li>\n\n\n\n<li><strong>Confortable et polyvalent<\/strong>: Bien que son design soit audacieux, ce bodystocking ne fait aucun compromis sur le confort, ce qui en fait une pi\u00e8ce polyvalente pour diverses occasions, des r\u00e9unions intimes aux \u00e9v\u00e9nements \u00e0 haute \u00e9nergie.<\/li>\n<\/ol>\n\n\n\n<p>Entrez sous les projecteurs avec notre bodystocking dos nu en maille, une pi\u00e8ce qui promet de fa\u00e7onner, de mettre en valeur et d&#039;\u00e9tourdir. Que ce soit pour une rave ou un rendez-vous romantique, ce bas de body est votre ticket pour un look irr\u00e9sistible. \u00c9levez votre garde-robe avec cet article incontournable et laissez transpara\u00eetre votre confiance.<\/p>","protected":false},"excerpt":{"rendered":"<p>D\u00e9voilez une d\u00e9claration audacieuse avec notre <strong>body sans dos<\/strong>, une fusion de simplicit\u00e9 et de sensualit\u00e9. Ce bas de body est con\u00e7u pour sculpter et c\u00e9l\u00e9brer votre silhouette, avec une structure large, creuse et transparente qui r\u00e9v\u00e8le de mani\u00e8re all\u00e9chante la taille et le dos.<\/p>","protected":false},"featured_media":46558,"template":"","meta":[],"product_brand":[],"product_cat":[405,370,367,373,404,409],"product_tag":[],"class_list":{"0":"post-46548","1":"product","2":"type-product","3":"status-publish","4":"has-post-thumbnail","6":"product_cat-wholesale-bodystocking","7":"product_cat-bodysuit","8":"product_cat-sexy-lingerie","9":"product_cat-wholesale-sexy-mesh-bodysuit","10":"product_cat-sexy-stocking","11":"product_cat-wholesale-stocking-bodysuit","12":"pa_color-black","13":"pa_size-free","15":"first","16":"instock","17":"taxable","18":"shipping-taxable","19":"purchasable","20":"product-type-variable"},"tiered_pricing_type":"fixed","tiered_pricing_fixed_rules":[],"tiered_pricing_product_settings":{"layout":"default","base_unit_name":{"singular":null,"plural":null},"default_variation":{}},"tiered_pricing_minimum_quantity":null,"tiered_pricing_roles_data":[],"tiered_pricing_percentage_rules":[],"tiered_pricing_maximum_quantity":null,"tiered_pricing_quantity_step":null,"_links":{"self":[{"href":"https:\/\/gretasexylingerie.com\/fr\/wp-json\/wp\/v2\/product\/46548","targetHints":{"allow":["GET"]}}],"collection":[{"href":"https:\/\/gretasexylingerie.com\/fr\/wp-json\/wp\/v2\/product"}],"about":[{"href":"https:\/\/gretasexylingerie.com\/fr\/wp-json\/wp\/v2\/types\/product"}],"wp:featuredmedia":[{"embeddable":true,"href":"https:\/\/gretasexylingerie.com\/fr\/wp-json\/wp\/v2\/media\/46558"}],"wp:attachment":[{"href":"https:\/\/gretasexylingerie.com\/fr\/wp-json\/wp\/v2\/media?parent=46548"}],"wp:term":[{"taxonomy":"product_brand","embeddable":true,"href":"https:\/\/gretasexylingerie.com\/fr\/wp-json\/wp\/v2\/product_brand?post=46548"},{"taxonomy":"product_cat","embeddable":true,"href":"https:\/\/gretasexylingerie.com\/fr\/wp-json\/wp\/v2\/product_cat?post=46548"},{"taxonomy":"product_tag","embeddable":true,"href":"https:\/\/gretasexylingerie.com\/fr\/wp-json\/wp\/v2\/product_tag?post=46548"}],"curies":[{"name":"wp","href":"https:\/\/api.w.org\/{rel}","templated":true}]}}