{"id":46526,"date":"2023-11-07T00:36:03","date_gmt":"2023-11-06T16:36:03","guid":{"rendered":"https:\/\/gretasexylingerie.com\/?post_type=product&#038;p=46526"},"modified":"2023-11-07T21:56:24","modified_gmt":"2023-11-07T13:56:24","slug":"vente-en-gros-bodystocking-complet-licou-exquis","status":"publish","type":"product","link":"https:\/\/gretasexylingerie.com\/fr\/products\/wholesale-exquisite-halter-full-bodystocking\/","title":{"rendered":"Vente en gros Bodystocking Complet Halter Exquis"},"content":{"rendered":"<ol class=\"wp-block-list\">\n<li><strong>Col licou \u00e9l\u00e9gant<\/strong>: La conception \u00e0 col licou de ce body offre non seulement un look intemporel, mais assure \u00e9galement un ajustement confortable qui accentue le d\u00e9collet\u00e9 et les \u00e9paules.<\/li>\n\n\n\n<li><strong>D\u00e9tails jacquard exquis<\/strong>: Des motifs jacquard complexes se tissent sur le bodystocking, offrant une texture luxueuse et un int\u00e9r\u00eat visuel qui captive et charme.<\/li>\n\n\n\n<li><strong>Collants r\u00e9sille s\u00e9duisants<\/strong>: L&#039;\u00e9l\u00e9ment classique du collant r\u00e9sille ajoute une dimension audacieuse et sensuelle au bodystocking, ce qui en fait un ajout polyvalent \u00e0 votre collection de lingerie.<\/li>\n\n\n\n<li><strong>Entrejambe ouvert audacieux<\/strong>: Con\u00e7ue pour celles qui embrassent leur sensualit\u00e9, la fonction d&#039;entrejambe ouverte invite un \u00e9l\u00e9ment de surprise et d&#039;excitation dans vos moments intimes.<\/li>\n\n\n\n<li><strong>Couverture compl\u00e8te du corps<\/strong>: Comme un <strong>bas transparent pour tout le corps<\/strong>, il offre un contour ininterrompu qui flatte chaque courbe, offrant un affichage fluide et provocateur du corps.<\/li>\n<\/ol>\n\n\n\n<p>D\u00e9couvrez le charme de notre superbe bodystocking dos nu, o\u00f9 beaut\u00e9 et d\u00e9sir s&#039;entrem\u00ealent. Id\u00e9al pour les soir\u00e9es sp\u00e9ciales ou comme sous-v\u00eatement audacieux, il est temps de captiver et de s\u00e9duire. N&#039;attendez pas pour ajouter cette superbe pi\u00e8ce \u00e0 votre collection : d\u00e9couvrez d\u00e8s aujourd&#039;hui le nec plus ultra en mati\u00e8re de lingerie s\u00e9duisante.<\/p>","protected":false},"excerpt":{"rendered":"<p>Entrez dans un royaume de sophistication avec notre <strong>bas r\u00e9sille complet du corps<\/strong>. Fabriqu\u00e9 avec un col licou s\u00e9duisant et orn\u00e9 de d\u00e9tails jacquard exquis, ce bodystocking une pi\u00e8ce est un chef-d&#039;\u0153uvre de design, m\u00ealant \u00e9l\u00e9gance avec une touche d&#039;audace gr\u00e2ce \u00e0 son entrejambe ouvert.<\/p>","protected":false},"featured_media":46539,"template":"","meta":[],"product_brand":[],"product_cat":[405,407,404],"product_tag":[],"class_list":{"0":"post-46526","1":"product","2":"type-product","3":"status-publish","4":"has-post-thumbnail","6":"product_cat-wholesale-bodystocking","7":"product_cat-wholesale-full-body-stocking","8":"product_cat-sexy-stocking","9":"pa_color-black","10":"pa_size-free","12":"first","13":"instock","14":"taxable","15":"shipping-taxable","16":"purchasable","17":"product-type-variable"},"tiered_pricing_type":"fixed","tiered_pricing_fixed_rules":[],"tiered_pricing_product_settings":{"layout":"default","base_unit_name":{"singular":null,"plural":null},"default_variation":null},"tiered_pricing_minimum_quantity":null,"tiered_pricing_roles_data":[],"tiered_pricing_percentage_rules":[],"tiered_pricing_maximum_quantity":null,"tiered_pricing_quantity_step":null,"_links":{"self":[{"href":"https:\/\/gretasexylingerie.com\/fr\/wp-json\/wp\/v2\/product\/46526","targetHints":{"allow":["GET"]}}],"collection":[{"href":"https:\/\/gretasexylingerie.com\/fr\/wp-json\/wp\/v2\/product"}],"about":[{"href":"https:\/\/gretasexylingerie.com\/fr\/wp-json\/wp\/v2\/types\/product"}],"wp:featuredmedia":[{"embeddable":true,"href":"https:\/\/gretasexylingerie.com\/fr\/wp-json\/wp\/v2\/media\/46539"}],"wp:attachment":[{"href":"https:\/\/gretasexylingerie.com\/fr\/wp-json\/wp\/v2\/media?parent=46526"}],"wp:term":[{"taxonomy":"product_brand","embeddable":true,"href":"https:\/\/gretasexylingerie.com\/fr\/wp-json\/wp\/v2\/product_brand?post=46526"},{"taxonomy":"product_cat","embeddable":true,"href":"https:\/\/gretasexylingerie.com\/fr\/wp-json\/wp\/v2\/product_cat?post=46526"},{"taxonomy":"product_tag","embeddable":true,"href":"https:\/\/gretasexylingerie.com\/fr\/wp-json\/wp\/v2\/product_tag?post=46526"}],"curies":[{"name":"wp","href":"https:\/\/api.w.org\/{rel}","templated":true}]}}