{"id":46425,"date":"2023-11-02T00:13:21","date_gmt":"2023-11-01T16:13:21","guid":{"rendered":"https:\/\/gretasexylingerie.com\/?post_type=product&#038;p=46425"},"modified":"2023-11-02T00:14:21","modified_gmt":"2023-11-01T16:14:21","slug":"vente-en-gros-body-transparent-avec-un-design-a-epaules-denudees","status":"publish","type":"product","link":"https:\/\/gretasexylingerie.com\/fr\/products\/wholesale-sheer-bodystocking-with-off-the-shoulder-design\/","title":{"rendered":"Bodystocking transparent en gros avec un design \u00e0 \u00e9paules d\u00e9nud\u00e9es"},"content":{"rendered":"<ol class=\"wp-block-list\">\n<li><strong>Manches longues<\/strong>: Les manches longues ajoutent une touche d&#039;\u00e9l\u00e9gance, ce qui rend ce body adapt\u00e9 \u00e0 diverses occasions.<\/li>\n\n\n\n<li><strong>Conception \u00e0 \u00e9paules d\u00e9nud\u00e9es<\/strong>: Montrez votre clavicule et vos \u00e9paules avec ce design sensuel, renfor\u00e7ant l&#039;attrait g\u00e9n\u00e9ral du <strong>bodystocking en maille<\/strong>.<\/li>\n\n\n\n<li><strong>Sensualit\u00e9 transparente<\/strong>: La mati\u00e8re transparente promet un aper\u00e7u all\u00e9chant de votre silhouette, vous assurant de vous sentir confiante et s\u00e9duisante.<\/li>\n\n\n\n<li><strong>D\u00e9coupes strat\u00e9giques<\/strong>: Plac\u00e9es pour accentuer vos courbes, les d\u00e9coupes ajoutent un \u00e9l\u00e9ment de surprise \u00e0 ce <strong>costume complet en r\u00e9sille<\/strong>.<\/li>\n\n\n\n<li><strong>Mat\u00e9riau de haute qualit\u00e9<\/strong>: Fabriqu\u00e9 avec soin, notre bodystocking promet \u00e0 la fois confort et durabilit\u00e9, vous assurant de vous sentir aussi bien que vous en avez l&#039;air.<\/li>\n<\/ol>\n\n\n\n<p>Entrez dans un monde d&#039;\u00e9l\u00e9gance et de s\u00e9duction avec notre bodystocking \u00e0 \u00e9paules d\u00e9nud\u00e9es. Son design unique et ses d\u00e9coupes strat\u00e9giques promettent de faire de vous la star de la soir\u00e9e. N&#039;attendez pas \u2013 embrassez la diva qui sommeille en vous d\u00e8s aujourd&#039;hui\u00a0!<\/p>","protected":false},"excerpt":{"rendered":"<p>D\u00e9couvrez l&#039;attrait de notre <strong>body transparent<\/strong>. Con\u00e7u avec des manches longues, un style \u00e9paules d\u00e9nud\u00e9es et des d\u00e9coupes s\u00e9duisantes, ce chef-d&#039;\u0153uvre transparent est l&#039;incarnation de la sensualit\u00e9.<\/p>","protected":false},"featured_media":46431,"template":"","meta":[],"product_brand":[],"product_cat":[405,404,410],"product_tag":[],"class_list":{"0":"post-46425","1":"product","2":"type-product","3":"status-publish","4":"has-post-thumbnail","6":"product_cat-wholesale-bodystocking","7":"product_cat-sexy-stocking","8":"product_cat-wholesale-suspender-bodystocking","9":"pa_color-black","10":"pa_size-free","12":"first","13":"instock","14":"taxable","15":"shipping-taxable","16":"purchasable","17":"product-type-variable"},"tiered_pricing_type":"fixed","tiered_pricing_fixed_rules":[],"tiered_pricing_product_settings":{"layout":"default","base_unit_name":{"singular":null,"plural":null},"default_variation":{}},"tiered_pricing_minimum_quantity":null,"tiered_pricing_roles_data":[],"tiered_pricing_percentage_rules":[],"tiered_pricing_maximum_quantity":null,"tiered_pricing_quantity_step":null,"_links":{"self":[{"href":"https:\/\/gretasexylingerie.com\/fr\/wp-json\/wp\/v2\/product\/46425","targetHints":{"allow":["GET"]}}],"collection":[{"href":"https:\/\/gretasexylingerie.com\/fr\/wp-json\/wp\/v2\/product"}],"about":[{"href":"https:\/\/gretasexylingerie.com\/fr\/wp-json\/wp\/v2\/types\/product"}],"wp:featuredmedia":[{"embeddable":true,"href":"https:\/\/gretasexylingerie.com\/fr\/wp-json\/wp\/v2\/media\/46431"}],"wp:attachment":[{"href":"https:\/\/gretasexylingerie.com\/fr\/wp-json\/wp\/v2\/media?parent=46425"}],"wp:term":[{"taxonomy":"product_brand","embeddable":true,"href":"https:\/\/gretasexylingerie.com\/fr\/wp-json\/wp\/v2\/product_brand?post=46425"},{"taxonomy":"product_cat","embeddable":true,"href":"https:\/\/gretasexylingerie.com\/fr\/wp-json\/wp\/v2\/product_cat?post=46425"},{"taxonomy":"product_tag","embeddable":true,"href":"https:\/\/gretasexylingerie.com\/fr\/wp-json\/wp\/v2\/product_tag?post=46425"}],"curies":[{"name":"wp","href":"https:\/\/api.w.org\/{rel}","templated":true}]}}