{"id":46377,"date":"2023-11-01T22:39:39","date_gmt":"2023-11-01T14:39:39","guid":{"rendered":"https:\/\/gretasexylingerie.com\/?post_type=product&#038;p=46377"},"modified":"2023-11-01T23:02:54","modified_gmt":"2023-11-01T15:02:54","slug":"vente-en-gros-robe-bodystocking-a-epaules-denudees-avec-un-design-creux-sexy","status":"publish","type":"product","link":"https:\/\/gretasexylingerie.com\/fr\/products\/wholesale-off-the-shoulder-bodystocking-dress-with-sexy-hollow-design\/","title":{"rendered":"Robe bodystocking \u00e0 \u00e9paules d\u00e9nud\u00e9es en gros avec un design creux sexy"},"content":{"rendered":"<ol class=\"wp-block-list\">\n<li><strong>Conception \u00e0 \u00e9paules d\u00e9nud\u00e9es<\/strong>: Le design \u00e0 \u00e9paules rondes offre un look classique et intemporel, vous assurant de vous d\u00e9marquer avec gr\u00e2ce et style dans notre <strong>robe de lingerie en filet<\/strong>.<\/li>\n\n\n\n<li><strong>Mod\u00e8les creux sexy<\/strong>: Finement con\u00e7ue avec un motif creux unique, cette robe capture l&#039;essence de la s\u00e9duction et du myst\u00e8re, rappelant un <strong>bas de corps en toile d&#039;araign\u00e9e<\/strong>.<\/li>\n\n\n\n<li><strong>Jupe courte couvrant les hanches<\/strong>: La jupe courte ajout\u00e9e offre une couche suppl\u00e9mentaire d&#039;allure, compl\u00e9tant parfaitement le design g\u00e9n\u00e9ral et mettant en valeur votre silhouette.<\/li>\n\n\n\n<li><strong>Confort et ajustement<\/strong>: Fabriqu\u00e9e avec des mat\u00e9riaux extensibles et respirants, notre robe bodystocking promet un ajustement confortable, vous permettant de bouger avec aisance et confiance.<\/li>\n\n\n\n<li><strong>Usage polyvalent<\/strong>: Que ce soit pour une soir\u00e9e sp\u00e9ciale ou simplement pour ajouter du piquant \u00e0 votre collection de lingerie, cette robe est suffisamment polyvalente pour toutes les occasions.<\/li>\n<\/ol>\n\n\n\n<p>Plongez dans un monde d&#039;\u00e9l\u00e9gance et de sensualit\u00e9 avec notre robe bodystocking \u00e0 \u00e9paules d\u00e9nud\u00e9es. Son design unique et ses d\u00e9tails impeccables promettent de laisser une impression inoubliable. Ne manquez rien\u00a0; \u00e9levez votre jeu de lingerie d\u00e8s aujourd&#039;hui\u00a0!<\/p>","protected":false},"excerpt":{"rendered":"<p>Pr\u00e9sentation de notre captivant <strong>robe r\u00e9sille \u00e0 \u00e9paules d\u00e9nud\u00e9es<\/strong>, con\u00e7u pour faire une d\u00e9claration. Avec son design \u00e0 \u00e9paules rondes, ses motifs creux sensuels et sa jupe courte couvrant les hanches, cette robe bodystocking est le m\u00e9lange parfait d&#039;\u00e9l\u00e9gance et d&#039;allure.<\/p>","protected":false},"featured_media":46386,"template":"","meta":[],"product_brand":[],"product_cat":[405,406,404],"product_tag":[],"class_list":{"0":"post-46377","1":"product","2":"type-product","3":"status-publish","4":"has-post-thumbnail","6":"product_cat-wholesale-bodystocking","7":"product_cat-wholesale-fishnet-dress","8":"product_cat-sexy-stocking","9":"pa_color-black","10":"pa_size-free","12":"first","13":"instock","14":"taxable","15":"shipping-taxable","16":"purchasable","17":"product-type-variable"},"tiered_pricing_type":"fixed","tiered_pricing_fixed_rules":[],"tiered_pricing_product_settings":{"layout":"default","base_unit_name":{"singular":null,"plural":null},"default_variation":{}},"tiered_pricing_minimum_quantity":null,"tiered_pricing_roles_data":[],"tiered_pricing_percentage_rules":[],"tiered_pricing_maximum_quantity":null,"tiered_pricing_quantity_step":null,"_links":{"self":[{"href":"https:\/\/gretasexylingerie.com\/fr\/wp-json\/wp\/v2\/product\/46377","targetHints":{"allow":["GET"]}}],"collection":[{"href":"https:\/\/gretasexylingerie.com\/fr\/wp-json\/wp\/v2\/product"}],"about":[{"href":"https:\/\/gretasexylingerie.com\/fr\/wp-json\/wp\/v2\/types\/product"}],"wp:featuredmedia":[{"embeddable":true,"href":"https:\/\/gretasexylingerie.com\/fr\/wp-json\/wp\/v2\/media\/46386"}],"wp:attachment":[{"href":"https:\/\/gretasexylingerie.com\/fr\/wp-json\/wp\/v2\/media?parent=46377"}],"wp:term":[{"taxonomy":"product_brand","embeddable":true,"href":"https:\/\/gretasexylingerie.com\/fr\/wp-json\/wp\/v2\/product_brand?post=46377"},{"taxonomy":"product_cat","embeddable":true,"href":"https:\/\/gretasexylingerie.com\/fr\/wp-json\/wp\/v2\/product_cat?post=46377"},{"taxonomy":"product_tag","embeddable":true,"href":"https:\/\/gretasexylingerie.com\/fr\/wp-json\/wp\/v2\/product_tag?post=46377"}],"curies":[{"name":"wp","href":"https:\/\/api.w.org\/{rel}","templated":true}]}}