{"id":46367,"date":"2023-11-01T22:09:05","date_gmt":"2023-11-01T14:09:05","guid":{"rendered":"https:\/\/gretasexylingerie.com\/?post_type=product&#038;p=46367"},"modified":"2023-11-01T22:10:21","modified_gmt":"2023-11-01T14:10:21","slug":"vente-en-gros-bodystocking-a-une-epaule-avec-jacquard","status":"publish","type":"product","link":"https:\/\/gretasexylingerie.com\/fr\/products\/wholesale-one-shoulder-suspender-bodystocking-with-jacquard\/","title":{"rendered":"Bodystocking \u00e0 une \u00e9paule en gros avec jacquard"},"content":{"rendered":"<ol class=\"wp-block-list\">\n<li><strong>Conception \u00e0 une \u00e9paule<\/strong>: Notre <strong>bas de corps \u00e0 une \u00e9paule<\/strong> offre un look moderne et chic, vous distinguant des autres. Les manches courtes ajoutent une touche de sophistication au design g\u00e9n\u00e9ral.<\/li>\n\n\n\n<li><strong>Mat\u00e9riau en maille noire<\/strong>: Fabriqu\u00e9 \u00e0 partir de maille noire de qualit\u00e9 sup\u00e9rieure, ce bodystocking offre un aper\u00e7u all\u00e9chant de ce qu&#039;il y a en dessous, vous assurant un look et une sensation irr\u00e9sistible.<\/li>\n\n\n\n<li><strong>D\u00e9tails jacquard creux<\/strong>: Le motif jacquard creux complexe est non seulement visuellement \u00e9poustouflant, mais ajoute \u00e9galement une touche de luxe et d&#039;\u00e9l\u00e9gance au bodystocking.<\/li>\n\n\n\n<li><strong>\u00c9l\u00e9gance dos nu<\/strong>: Le design s\u00e9duisant dos nu de ce <strong>bas de corps \u00e0 bretelles<\/strong> met en valeur votre dos, ce qui en fait un choix parfait pour ces soir\u00e9es sp\u00e9ciales.<\/li>\n\n\n\n<li><strong>Ajustement parfait<\/strong>: Fabriqu\u00e9 avec un mat\u00e9riau extensible, notre bodystocking assure un ajustement parfait et confortable, accentuant vos courbes aux bons endroits.<\/li>\n<\/ol>\n\n\n\n<p>D\u00e9couvrez le m\u00e9lange parfait de style et de sensualit\u00e9 avec notre bodystocking \u00e0 une \u00e9paule. Avec son design exquis et sa qualit\u00e9 sup\u00e9rieure, cette pi\u00e8ce promet d&#039;\u00eatre un incontournable. Commandez le v\u00f4tre aujourd&#039;hui et embrassez votre d\u00e9esse int\u00e9rieure !<\/p>","protected":false},"excerpt":{"rendered":"<p>\u00c9levez votre collection de lingerie avec notre <strong>bas de corps en maille noire<\/strong>. Ce mod\u00e8le unique \u00e0 manches courtes et \u00e0 une \u00e9paule, combin\u00e9 \u00e0 un jacquard creux complexe et \u00e0 un dos nu sensuel, est l&#039;incarnation de l&#039;\u00e9l\u00e9gance et de la sensualit\u00e9.<\/p>","protected":false},"featured_media":46375,"template":"","meta":[],"product_brand":[],"product_cat":[405,404,410],"product_tag":[],"class_list":{"0":"post-46367","1":"product","2":"type-product","3":"status-publish","4":"has-post-thumbnail","6":"product_cat-wholesale-bodystocking","7":"product_cat-sexy-stocking","8":"product_cat-wholesale-suspender-bodystocking","9":"pa_color-black","10":"pa_size-free","12":"first","13":"instock","14":"taxable","15":"shipping-taxable","16":"purchasable","17":"product-type-variable"},"tiered_pricing_type":"fixed","tiered_pricing_fixed_rules":[],"tiered_pricing_product_settings":{"layout":"default","base_unit_name":{"singular":null,"plural":null},"default_variation":{}},"tiered_pricing_minimum_quantity":null,"tiered_pricing_roles_data":[],"tiered_pricing_percentage_rules":[],"tiered_pricing_maximum_quantity":null,"tiered_pricing_quantity_step":null,"_links":{"self":[{"href":"https:\/\/gretasexylingerie.com\/fr\/wp-json\/wp\/v2\/product\/46367","targetHints":{"allow":["GET"]}}],"collection":[{"href":"https:\/\/gretasexylingerie.com\/fr\/wp-json\/wp\/v2\/product"}],"about":[{"href":"https:\/\/gretasexylingerie.com\/fr\/wp-json\/wp\/v2\/types\/product"}],"wp:featuredmedia":[{"embeddable":true,"href":"https:\/\/gretasexylingerie.com\/fr\/wp-json\/wp\/v2\/media\/46375"}],"wp:attachment":[{"href":"https:\/\/gretasexylingerie.com\/fr\/wp-json\/wp\/v2\/media?parent=46367"}],"wp:term":[{"taxonomy":"product_brand","embeddable":true,"href":"https:\/\/gretasexylingerie.com\/fr\/wp-json\/wp\/v2\/product_brand?post=46367"},{"taxonomy":"product_cat","embeddable":true,"href":"https:\/\/gretasexylingerie.com\/fr\/wp-json\/wp\/v2\/product_cat?post=46367"},{"taxonomy":"product_tag","embeddable":true,"href":"https:\/\/gretasexylingerie.com\/fr\/wp-json\/wp\/v2\/product_tag?post=46367"}],"curies":[{"name":"wp","href":"https:\/\/api.w.org\/{rel}","templated":true}]}}