{"id":46348,"date":"2023-11-01T21:26:01","date_gmt":"2023-11-01T13:26:01","guid":{"rendered":"https:\/\/gretasexylingerie.com\/?post_type=product&#038;p=46348"},"modified":"2023-11-01T21:29:41","modified_gmt":"2023-11-01T13:29:41","slug":"body-a-bretelles-en-gros-avec-un-design-jacquard-exquis","status":"publish","type":"product","link":"https:\/\/gretasexylingerie.com\/fr\/products\/wholesale-suspender-bodystocking-with-exquisite-jacquard-design\/","title":{"rendered":"Body \u00e0 bretelles en gros avec un design jacquard exquis"},"content":{"rendered":"<ol class=\"wp-block-list\">\n<li><strong>Design \u00e9l\u00e9gant \u00e0 col rond.<\/strong>: Le <strong>body \u00e0 bretelles<\/strong> arbore un design gracieux \u00e0 col rond, offrant un ajustement confortable tout en mettant en valeur vos courbes naturelles. Ce design offre non seulement un soutien mais ajoute \u00e9galement une touche d&#039;\u00e9l\u00e9gance \u00e0 votre look g\u00e9n\u00e9ral.<\/li>\n\n\n\n<li><strong>Des rayures sexy pour plus d&#039;allure<\/strong>: Orn\u00e9 de rayures sexy, ce bodystocking fera tourner les t\u00eates et laissera une impression durable. Les rayures ajoutent un \u00e9l\u00e9ment ludique mais s\u00e9duisant au design, vous assurant de vous sentir confiant et irr\u00e9sistible.<\/li>\n\n\n\n<li><strong>D\u00e9tails jacquard exquis<\/strong>: Les d\u00e9tails jacquard complexes ajoutent une couche de sophistication et de luxe au bodystocking, ce qui en fait un choix parfait pour les occasions sp\u00e9ciales. Les d\u00e9tails sont m\u00e9ticuleusement r\u00e9alis\u00e9s, garantissant que chaque centim\u00e8tre du tissu est une \u0153uvre d&#039;art.<\/li>\n\n\n\n<li><strong>Confort et style combin\u00e9s<\/strong>: Avec son m\u00e9lange de confort et de style, ce <strong>bodystocking complet<\/strong> est con\u00e7u pour que vous vous sentiez aussi bien que vous en avez l&#039;air. Le tissu doux et extensible assure un ajustement parfait, tandis que le design \u00e9l\u00e9gant vous permet de faire une d\u00e9claration.<\/li>\n\n\n\n<li><strong>Polyvalent et intemporel<\/strong>: Cette pi\u00e8ce est suffisamment polyvalente pour \u00eatre port\u00e9e seule ou associ\u00e9e \u00e0 d&#039;autres articles de lingerie, ce qui en fait un ajout intemporel \u00e0 votre garde-robe. Le design classique garantit qu&#039;il ne se d\u00e9modera jamais, tandis que les d\u00e9tails sexy le maintiennent moderne et tendance.<\/li>\n<\/ol>\n\n\n\n<p>Offrez-vous le m\u00e9lange ultime d&#039;\u00e9l\u00e9gance et de s\u00e9duction avec notre superbe body \u00e0 bretelles. Parfaite pour celles qui appr\u00e9cient les belles choses de la vie, cette pi\u00e8ce promet de rehausser votre collection de lingerie et de vous laisser un sentiment d&#039;autonomie et d&#039;irr\u00e9sistible. Ne manquez pas l&#039;occasion de poss\u00e9der cette pi\u00e8ce de luxe intemporelle. Commandez maintenant et que la transformation commence\u00a0!<\/p>","protected":false},"excerpt":{"rendered":"<p>Plongez dans le monde de l&#039;\u00e9l\u00e9gance et de la s\u00e9duction avec notre <strong>body \u00e0 bretelles<\/strong>, avec un design \u00e0 col rond et orn\u00e9 de rayures sexy et d&#039;un jacquard exquis. Cette pi\u00e8ce est un incontournable pour celles qui cherchent \u00e0 ajouter une touche de sophistication \u00e0 leur collection de v\u00eatements intimes.<\/p>","protected":false},"featured_media":46356,"template":"","meta":[],"product_brand":[],"product_cat":[405,404,410],"product_tag":[],"class_list":{"0":"post-46348","1":"product","2":"type-product","3":"status-publish","4":"has-post-thumbnail","6":"product_cat-wholesale-bodystocking","7":"product_cat-sexy-stocking","8":"product_cat-wholesale-suspender-bodystocking","9":"pa_color-black","10":"pa_size-free","12":"first","13":"instock","14":"taxable","15":"shipping-taxable","16":"purchasable","17":"product-type-variable"},"tiered_pricing_type":"fixed","tiered_pricing_fixed_rules":[],"tiered_pricing_product_settings":{"layout":"default","base_unit_name":{"singular":null,"plural":null},"default_variation":{}},"tiered_pricing_minimum_quantity":null,"tiered_pricing_roles_data":[],"tiered_pricing_percentage_rules":[],"tiered_pricing_maximum_quantity":null,"tiered_pricing_quantity_step":null,"_links":{"self":[{"href":"https:\/\/gretasexylingerie.com\/fr\/wp-json\/wp\/v2\/product\/46348","targetHints":{"allow":["GET"]}}],"collection":[{"href":"https:\/\/gretasexylingerie.com\/fr\/wp-json\/wp\/v2\/product"}],"about":[{"href":"https:\/\/gretasexylingerie.com\/fr\/wp-json\/wp\/v2\/types\/product"}],"wp:featuredmedia":[{"embeddable":true,"href":"https:\/\/gretasexylingerie.com\/fr\/wp-json\/wp\/v2\/media\/46356"}],"wp:attachment":[{"href":"https:\/\/gretasexylingerie.com\/fr\/wp-json\/wp\/v2\/media?parent=46348"}],"wp:term":[{"taxonomy":"product_brand","embeddable":true,"href":"https:\/\/gretasexylingerie.com\/fr\/wp-json\/wp\/v2\/product_brand?post=46348"},{"taxonomy":"product_cat","embeddable":true,"href":"https:\/\/gretasexylingerie.com\/fr\/wp-json\/wp\/v2\/product_cat?post=46348"},{"taxonomy":"product_tag","embeddable":true,"href":"https:\/\/gretasexylingerie.com\/fr\/wp-json\/wp\/v2\/product_tag?post=46348"}],"curies":[{"name":"wp","href":"https:\/\/api.w.org\/{rel}","templated":true}]}}