{"id":46328,"date":"2023-10-31T23:04:16","date_gmt":"2023-10-31T15:04:16","guid":{"rendered":"https:\/\/gretasexylingerie.com\/?post_type=product&#038;p=46328"},"modified":"2023-10-31T23:05:27","modified_gmt":"2023-10-31T15:05:27","slug":"vente-en-gros-bas-blanc-transparent-avec-un-design-dos-nu-en-v-profond","status":"publish","type":"product","link":"https:\/\/gretasexylingerie.com\/fr\/products\/wholesale-sheer-white-stocking-with-deep-v-backless-design\/","title":{"rendered":"Bas blancs transparents en gros avec un design dos nu en V profond"},"content":{"rendered":"<ol class=\"wp-block-list\">\n<li><strong>\u00c9l\u00e9gance blanche pure<\/strong>: La teinte blanche immacul\u00e9e d\u00e9gage un charme pur et \u00e9th\u00e9r\u00e9, ce qui en fait une pi\u00e8ce polyvalente pour diverses occasions. Sa nature pure ajoute une touche de myst\u00e8re et d&#039;attrait, permettant \u00e0 celui qui le porte de se d\u00e9marquer.<\/li>\n\n\n\n<li><strong>S\u00e9duction transparente<\/strong>: Con\u00e7u pour taquiner et s\u00e9duire, le tissu transparent garantit \u00e0 celui qui le porte une sensation s\u00e9duisante et irr\u00e9sistible. C&#039;est le choix id\u00e9al pour ceux qui cherchent \u00e0 faire une d\u00e9claration audacieuse.<\/li>\n\n\n\n<li><strong>Conception dos nu en V profond<\/strong>: Cette caract\u00e9ristique sensuelle accentue le dos, offrant un regard all\u00e9chant. C&#039;est le m\u00e9lange parfait d&#039;\u00e9l\u00e9gance et de s\u00e9duction, ce qui en fait un incontournable de toute collection.<\/li>\n\n\n\n<li><strong>Conception du bracelet<\/strong>: La conception complexe des bretelles offre non seulement un soutien, mais ajoute \u00e9galement une touche de sophistication au bodystocking. C&#039;est un moyen subtil mais efficace d&#039;am\u00e9liorer la conception globale.<\/li>\n\n\n\n<li><strong>Nylon de haute qualit\u00e9<\/strong>: Fabriqu\u00e9 en nylon de qualit\u00e9 sup\u00e9rieure, ce bas de body est doux au toucher et confortable \u00e0 porter. Il est durable et con\u00e7u pour durer, garantissant aux clients un bon rapport qualit\u00e9-prix.<\/li>\n<\/ol>\n\n\n\n<p>Entrez dans un royaume d&#039;\u00e9l\u00e9gance et de sensualit\u00e9. Notre bas de body n&#039;est pas seulement un v\u00eatement ; c&#039;est une d\u00e9claration. Avec son allure pure et son design dos nu en V profond, laissez votre client\u00e8le embrasser la diva qui sommeille en elle. \u00c9levez votre collection et commandez maintenant !<\/p>","protected":false},"excerpt":{"rendered":"<p>Pr\u00e9sentation de notre <strong>bodystocking en nylon transparent<\/strong> en blanc immacul\u00e9. Un m\u00e9lange captivant d&#039;\u00e9l\u00e9gance et d&#039;allure, ce <strong>body sexy en nylon<\/strong> est con\u00e7u pour faire une d\u00e9claration.<\/p>","protected":false},"featured_media":46337,"template":"","meta":[],"product_brand":[],"product_cat":[405,370,404,409],"product_tag":[],"class_list":{"0":"post-46328","1":"product","2":"type-product","3":"status-publish","4":"has-post-thumbnail","6":"product_cat-wholesale-bodystocking","7":"product_cat-bodysuit","8":"product_cat-sexy-stocking","9":"product_cat-wholesale-stocking-bodysuit","10":"pa_color-white","11":"pa_size-free","13":"first","14":"instock","15":"taxable","16":"shipping-taxable","17":"purchasable","18":"product-type-variable"},"tiered_pricing_type":"fixed","tiered_pricing_fixed_rules":[],"tiered_pricing_product_settings":{"layout":"default","base_unit_name":{"singular":null,"plural":null},"default_variation":{}},"tiered_pricing_minimum_quantity":null,"tiered_pricing_roles_data":[],"tiered_pricing_percentage_rules":[],"tiered_pricing_maximum_quantity":null,"tiered_pricing_quantity_step":null,"_links":{"self":[{"href":"https:\/\/gretasexylingerie.com\/fr\/wp-json\/wp\/v2\/product\/46328","targetHints":{"allow":["GET"]}}],"collection":[{"href":"https:\/\/gretasexylingerie.com\/fr\/wp-json\/wp\/v2\/product"}],"about":[{"href":"https:\/\/gretasexylingerie.com\/fr\/wp-json\/wp\/v2\/types\/product"}],"wp:featuredmedia":[{"embeddable":true,"href":"https:\/\/gretasexylingerie.com\/fr\/wp-json\/wp\/v2\/media\/46337"}],"wp:attachment":[{"href":"https:\/\/gretasexylingerie.com\/fr\/wp-json\/wp\/v2\/media?parent=46328"}],"wp:term":[{"taxonomy":"product_brand","embeddable":true,"href":"https:\/\/gretasexylingerie.com\/fr\/wp-json\/wp\/v2\/product_brand?post=46328"},{"taxonomy":"product_cat","embeddable":true,"href":"https:\/\/gretasexylingerie.com\/fr\/wp-json\/wp\/v2\/product_cat?post=46328"},{"taxonomy":"product_tag","embeddable":true,"href":"https:\/\/gretasexylingerie.com\/fr\/wp-json\/wp\/v2\/product_tag?post=46328"}],"curies":[{"name":"wp","href":"https:\/\/api.w.org\/{rel}","templated":true}]}}