{"id":46318,"date":"2023-10-31T22:38:22","date_gmt":"2023-10-31T14:38:22","guid":{"rendered":"https:\/\/gretasexylingerie.com\/?post_type=product&#038;p=46318"},"modified":"2023-10-31T22:50:42","modified_gmt":"2023-10-31T14:50:42","slug":"vente-en-gros-robe-bodystocking-en-strass-rouge-a-une-epaule","status":"publish","type":"product","link":"https:\/\/gretasexylingerie.com\/fr\/products\/wholesale-one-shoulder-red-rhinestone-bodystocking-dress\/","title":{"rendered":"Vente en gros Robe Bodystocking Strass Rouge \u00e0 Une \u00c9paule"},"content":{"rendered":"<ol class=\"wp-block-list\">\n<li><strong>Conception sans entrejambe<\/strong>: Un long m\u00e9trage audacieux et provocateur qui ajoute un \u00e9l\u00e9ment de surprise. Il garantit que celui qui le porte se sent confiant et autonome, ce qui en fait un choix id\u00e9al pour ces moments sp\u00e9ciaux.<\/li>\n\n\n\n<li><strong>Col licou et dos nu<\/strong>: Ce mod\u00e8le accentue les \u00e9paules et le dos, offrant une silhouette sensuelle. C&#039;est le m\u00e9lange parfait d&#039;\u00e9l\u00e9gance et de s\u00e9duction, ce qui en fait un incontournable de toute collection.<\/li>\n\n\n\n<li><strong>Motif jacquard<\/strong>: Complexe et d\u00e9taill\u00e9, ce motif ajoute une touche de sophistication au bodystocking. C&#039;est un moyen subtil mais efficace d&#039;am\u00e9liorer la conception globale.<\/li>\n\n\n\n<li><strong>Mati\u00e8re transparente sexy<\/strong>: Con\u00e7u pour taquiner et s\u00e9duire, le tissu transparent garantit \u00e0 celui qui le porte une sensation s\u00e9duisante et irr\u00e9sistible. C&#039;est le choix id\u00e9al pour ceux qui cherchent \u00e0 faire une d\u00e9claration audacieuse.<\/li>\n\n\n\n<li><strong>Attrait polyvalent<\/strong>: Que ce soit pour une occasion sp\u00e9ciale ou juste une soir\u00e9e, ce bodystocking est suffisamment polyvalent pour s&#039;adapter \u00e0 toutes les humeurs. Laissez vos clients embrasser leur s\u00e9ductrice int\u00e9rieure avec cette pi\u00e8ce captivante.<\/li>\n<\/ol>\n\n\n\n<p>D\u00e9voilez un monde de s\u00e9duction et d&#039;\u00e9l\u00e9gance. Ce bodystocking est plus qu&#039;un simple v\u00eatement ; c&#039;est une exp\u00e9rience. Avec son design audacieux sans entrejambe et son motif jacquard complexe, laissez votre client\u00e8le incarner le charme. Plongez dans le monde de la tentation et faites le plein d\u00e8s maintenant\u00a0!<\/p>","protected":false},"excerpt":{"rendered":"<p>Illuminez votre collection avec notre asym\u00e9trique <strong>robe r\u00e9sille rouge<\/strong>. Orn\u00e9e de strass brillants, cette robe est l&#039;incarnation d&#039;un <strong>tenue de festival en r\u00e9sille<\/strong> avec une touche d&#039;\u00e9l\u00e9gance.<\/p>","protected":false},"featured_media":46327,"template":"","meta":[],"product_brand":[],"product_cat":[405,406,408,404],"product_tag":[],"class_list":{"0":"post-46318","1":"product","2":"type-product","3":"status-publish","4":"has-post-thumbnail","6":"product_cat-wholesale-bodystocking","7":"product_cat-wholesale-fishnet-dress","8":"product_cat-wholesale-rhinestone-bodystocking","9":"product_cat-sexy-stocking","10":"pa_color-black","11":"pa_size-free","13":"first","14":"instock","15":"taxable","16":"shipping-taxable","17":"purchasable","18":"product-type-variable"},"tiered_pricing_type":"fixed","tiered_pricing_fixed_rules":[],"tiered_pricing_product_settings":{"layout":"default","base_unit_name":{"singular":null,"plural":null},"default_variation":{}},"tiered_pricing_minimum_quantity":null,"tiered_pricing_roles_data":[],"tiered_pricing_percentage_rules":[],"tiered_pricing_maximum_quantity":null,"tiered_pricing_quantity_step":null,"_links":{"self":[{"href":"https:\/\/gretasexylingerie.com\/fr\/wp-json\/wp\/v2\/product\/46318","targetHints":{"allow":["GET"]}}],"collection":[{"href":"https:\/\/gretasexylingerie.com\/fr\/wp-json\/wp\/v2\/product"}],"about":[{"href":"https:\/\/gretasexylingerie.com\/fr\/wp-json\/wp\/v2\/types\/product"}],"wp:featuredmedia":[{"embeddable":true,"href":"https:\/\/gretasexylingerie.com\/fr\/wp-json\/wp\/v2\/media\/46327"}],"wp:attachment":[{"href":"https:\/\/gretasexylingerie.com\/fr\/wp-json\/wp\/v2\/media?parent=46318"}],"wp:term":[{"taxonomy":"product_brand","embeddable":true,"href":"https:\/\/gretasexylingerie.com\/fr\/wp-json\/wp\/v2\/product_brand?post=46318"},{"taxonomy":"product_cat","embeddable":true,"href":"https:\/\/gretasexylingerie.com\/fr\/wp-json\/wp\/v2\/product_cat?post=46318"},{"taxonomy":"product_tag","embeddable":true,"href":"https:\/\/gretasexylingerie.com\/fr\/wp-json\/wp\/v2\/product_tag?post=46318"}],"curies":[{"name":"wp","href":"https:\/\/api.w.org\/{rel}","templated":true}]}}