{"id":46210,"date":"2023-10-26T23:09:40","date_gmt":"2023-10-26T15:09:40","guid":{"rendered":"https:\/\/gretasexylingerie.com\/?post_type=product&#038;p=46210"},"modified":"2023-10-26T23:17:02","modified_gmt":"2023-10-26T15:17:02","slug":"vente-en-gros-body-transparent-noir-avec-licou-jacquard-logo-infirmiere","status":"publish","type":"product","link":"https:\/\/gretasexylingerie.com\/fr\/products\/wholesale-black-sheer-bodystocking-with-nurse-logo-jacquard-halter\/","title":{"rendered":"Body transparent noir en gros avec logo d&#039;infirmi\u00e8re et licou jacquard"},"content":{"rendered":"<ol class=\"wp-block-list\">\n<li><strong>\u00c9l\u00e9gance en maille transparente.<\/strong>: Fabriqu\u00e9 en maille transparente, ce <strong>bas de corps transparent noir<\/strong> offre un aper\u00e7u all\u00e9chant de la peau en dessous, assurant un attrait sensuel.<\/li>\n\n\n\n<li><strong>Conception de poitrine d\u00e9coup\u00e9e<\/strong>: La d\u00e9coupe strat\u00e9giquement plac\u00e9e sur la poitrine amplifie l&#039;allure, ce qui en fait une pi\u00e8ce ma\u00eetresse de toute collection de lingerie.<\/li>\n\n\n\n<li><strong>Col licou en jacquard<\/strong>: Le design complexe du col licou en jacquard offre non seulement un soutien, mais ajoute \u00e9galement une touche de sophistication au look g\u00e9n\u00e9ral.<\/li>\n\n\n\n<li><strong>Embellissement du logo de l&#039;infirmi\u00e8re<\/strong>: L&#039;embellissement unique du logo de l&#039;infirmi\u00e8re lui donne une touche ludique, parfaite pour les soir\u00e9es \u00e0 th\u00e8me ou les occasions sp\u00e9ciales.<\/li>\n\n\n\n<li><strong>Fonctionnalit\u00e9 audacieuse sans entrejambe<\/strong>: La conception sans entrejambe garantit cela <strong>bas de corps \u00e0 buste ouvert<\/strong> est \u00e0 la fois sensuel et fonctionnel, r\u00e9pondant \u00e0 ces moments audacieux.<\/li>\n<\/ol>\n\n\n\n<p>Am\u00e9liorez votre jeu de lingerie avec notre captivant body transparent noir. Con\u00e7ue pour la femme audacieuse qui aime allier espi\u00e8glerie et \u00e9l\u00e9gance, cette pi\u00e8ce plaira \u00e0 tous. Plongez dans un royaume de sophistication et d&#039;intrigue. Contactez-nous pour des opportunit\u00e9s de vente en gros exclusives et laissez vos clients se livrer au meilleur savoir-faire de la lingerie.<\/p>","protected":false},"excerpt":{"rendered":"<p>D\u00e9couvrez notre vente en gros <strong>body transparent noir<\/strong>, un m\u00e9lange de s\u00e9duction et de style. Dot\u00e9 d&#039;une d\u00e9coupe sur la poitrine et d&#039;un col dos nu en jacquard, il est accentu\u00e9 par un logo d&#039;infirmi\u00e8re distinctif. La fonction sans entrejambe ajoute une touche audacieuse \u00e0 cette pi\u00e8ce exquise.<\/p>","protected":false},"featured_media":46219,"template":"","meta":[],"product_brand":[],"product_cat":[405,407,404],"product_tag":[],"class_list":{"0":"post-46210","1":"product","2":"type-product","3":"status-publish","4":"has-post-thumbnail","6":"product_cat-wholesale-bodystocking","7":"product_cat-wholesale-full-body-stocking","8":"product_cat-sexy-stocking","9":"pa_color-black","10":"pa_size-free","12":"first","13":"instock","14":"taxable","15":"shipping-taxable","16":"purchasable","17":"product-type-variable"},"tiered_pricing_type":"fixed","tiered_pricing_fixed_rules":[],"tiered_pricing_product_settings":{"layout":"default","base_unit_name":{"singular":null,"plural":null},"default_variation":{}},"tiered_pricing_minimum_quantity":null,"tiered_pricing_roles_data":[],"tiered_pricing_percentage_rules":[],"tiered_pricing_maximum_quantity":null,"tiered_pricing_quantity_step":null,"_links":{"self":[{"href":"https:\/\/gretasexylingerie.com\/fr\/wp-json\/wp\/v2\/product\/46210","targetHints":{"allow":["GET"]}}],"collection":[{"href":"https:\/\/gretasexylingerie.com\/fr\/wp-json\/wp\/v2\/product"}],"about":[{"href":"https:\/\/gretasexylingerie.com\/fr\/wp-json\/wp\/v2\/types\/product"}],"wp:featuredmedia":[{"embeddable":true,"href":"https:\/\/gretasexylingerie.com\/fr\/wp-json\/wp\/v2\/media\/46219"}],"wp:attachment":[{"href":"https:\/\/gretasexylingerie.com\/fr\/wp-json\/wp\/v2\/media?parent=46210"}],"wp:term":[{"taxonomy":"product_brand","embeddable":true,"href":"https:\/\/gretasexylingerie.com\/fr\/wp-json\/wp\/v2\/product_brand?post=46210"},{"taxonomy":"product_cat","embeddable":true,"href":"https:\/\/gretasexylingerie.com\/fr\/wp-json\/wp\/v2\/product_cat?post=46210"},{"taxonomy":"product_tag","embeddable":true,"href":"https:\/\/gretasexylingerie.com\/fr\/wp-json\/wp\/v2\/product_tag?post=46210"}],"curies":[{"name":"wp","href":"https:\/\/api.w.org\/{rel}","templated":true}]}}