{"id":46105,"date":"2023-10-23T00:51:13","date_gmt":"2023-10-22T16:51:13","guid":{"rendered":"https:\/\/gretasexylingerie.com\/?post_type=product&#038;p=46105"},"modified":"2023-10-23T00:52:29","modified_gmt":"2023-10-22T16:52:29","slug":"vente-en-gros-costume-de-femme-de-chambre-sexy-avec-soutien-gorge-decore-dun-noeud","status":"publish","type":"product","link":"https:\/\/gretasexylingerie.com\/fr\/products\/wholesale-sexy-maid-costume-with-bow-decorated-bra\/","title":{"rendered":"Costume de femme de chambre sexy en gros avec soutien-gorge d\u00e9cor\u00e9 d&#039;un n\u0153ud"},"content":{"rendered":"<ol class=\"wp-block-list\">\n<li>Pr\u00eat pour le cosplay au bar\u00a0: notre costume d&#039;Halloween de femme de chambre sexy est con\u00e7u pour la femme moderne qui cherche \u00e0 faire une d\u00e9claration lors des \u00e9v\u00e9nements de cosplay au bar. Le design du costume de femme de chambre coquine combine des \u00e9l\u00e9ments de service classiques avec une touche d&#039;allure contemporaine, ce qui en fait un choix id\u00e9al pour ceux qui recherchent un m\u00e9lange de service et de s\u00e9duction.<\/li>\n\n\n\n<li>Soutien-gorge bandeau d\u00e9cor\u00e9 de n\u0153uds\u00a0: Le soutien-gorge de style bandeau orn\u00e9 de n\u0153uds offre un charme ludique, le distinguant des tenues de femme de chambre traditionnelles. Son design complexe assure un attrait exceptionnel pour ces moments sp\u00e9ciaux.<\/li>\n\n\n\n<li>Jupe en maille transparente noire : La jupe en maille transparente noire ajoute une touche de sophistication sensuelle, capturant l&#039;essence du look de femme de chambre classique tout en ajoutant une touche moderne.<\/li>\n\n\n\n<li>Design Cosplay French Maid : le design, compl\u00e9t\u00e9 par les accessoires inclus, offre confort et style, garantissant que les porteurs se sentent confiants et s\u00e9duisants.<\/li>\n\n\n\n<li>Ensemble complet : du bandeau et du col au soutien-gorge, jupe, culotte et b\u00e2ton de plumes compl\u00e9mentaires, chaque pi\u00e8ce de cet ensemble compl\u00e8te le look g\u00e9n\u00e9ral, offrant aux clients une exp\u00e9rience de jeu de r\u00f4le compl\u00e8te.<\/li>\n<\/ol>\n\n\n\n<p>D\u00e9veloppez votre collection de vente au d\u00e9tail avec notre costume de femme de chambre sexy, alliant \u00e9l\u00e9gance classique et mat\u00e9riaux modernes. Plongez dans le monde des tenues de cosplay de servante fran\u00e7aise avec cet ensemble. Contactez-nous pour des demandes de renseignements en gros et am\u00e9liorez votre assortiment.<\/p>","protected":false},"excerpt":{"rendered":"<p>Lib\u00e9rez la tentatrice qui sommeille en vous avec notre costume de femme de chambre sexy pour les spectacles de cosplay au bar. Cet ensemble est la quintessence de l&#039;allure ludique, avec un soutien-gorge bandeau orn\u00e9 d&#039;un n\u0153ud et une jupe en maille transparente noire. Plongez dans un r\u00e9cit de service, d&#039;\u00e9l\u00e9gance et de charme s\u00e9duisant.<\/p>","protected":false},"featured_media":46113,"template":"","meta":[],"product_brand":[],"product_cat":[974],"product_tag":[984,980],"class_list":{"0":"post-46105","1":"product","2":"type-product","3":"status-publish","4":"has-post-thumbnail","6":"product_cat-wholesale-sexy-costumes","7":"product_tag-halloween-costumes","8":"product_tag-maid-costumes","9":"pa_color-black","10":"pa_size-free","12":"first","13":"instock","14":"taxable","15":"shipping-taxable","16":"purchasable","17":"product-type-variable"},"tiered_pricing_type":"fixed","tiered_pricing_fixed_rules":[],"tiered_pricing_product_settings":{"layout":"default","base_unit_name":{"singular":null,"plural":null},"default_variation":{}},"tiered_pricing_minimum_quantity":null,"tiered_pricing_roles_data":[],"tiered_pricing_percentage_rules":[],"tiered_pricing_maximum_quantity":null,"tiered_pricing_quantity_step":null,"_links":{"self":[{"href":"https:\/\/gretasexylingerie.com\/fr\/wp-json\/wp\/v2\/product\/46105","targetHints":{"allow":["GET"]}}],"collection":[{"href":"https:\/\/gretasexylingerie.com\/fr\/wp-json\/wp\/v2\/product"}],"about":[{"href":"https:\/\/gretasexylingerie.com\/fr\/wp-json\/wp\/v2\/types\/product"}],"wp:featuredmedia":[{"embeddable":true,"href":"https:\/\/gretasexylingerie.com\/fr\/wp-json\/wp\/v2\/media\/46113"}],"wp:attachment":[{"href":"https:\/\/gretasexylingerie.com\/fr\/wp-json\/wp\/v2\/media?parent=46105"}],"wp:term":[{"taxonomy":"product_brand","embeddable":true,"href":"https:\/\/gretasexylingerie.com\/fr\/wp-json\/wp\/v2\/product_brand?post=46105"},{"taxonomy":"product_cat","embeddable":true,"href":"https:\/\/gretasexylingerie.com\/fr\/wp-json\/wp\/v2\/product_cat?post=46105"},{"taxonomy":"product_tag","embeddable":true,"href":"https:\/\/gretasexylingerie.com\/fr\/wp-json\/wp\/v2\/product_tag?post=46105"}],"curies":[{"name":"wp","href":"https:\/\/api.w.org\/{rel}","templated":true}]}}