{"id":46096,"date":"2023-10-23T00:31:26","date_gmt":"2023-10-22T16:31:26","guid":{"rendered":"https:\/\/gretasexylingerie.com\/?post_type=product&#038;p=46096"},"modified":"2023-10-23T00:33:03","modified_gmt":"2023-10-22T16:33:03","slug":"vente-en-gros-uniforme-de-femme-de-chambre-noire-sexy-avec-volants-blancs","status":"publish","type":"product","link":"https:\/\/gretasexylingerie.com\/fr\/products\/wholesale-sexy-black-maid-uniform-with-white-ruffles\/","title":{"rendered":"Uniforme de femme de chambre noire sexy en gros avec volants blancs"},"content":{"rendered":"<ol class=\"wp-block-list\">\n<li>Pr\u00eat pour les bo\u00eetes de nuit : notre uniforme de femme de chambre noir est con\u00e7u pour la femme moderne qui cherche \u00e0 faire une d\u00e9claration. Le design sexy de la servante fran\u00e7aise combine des \u00e9l\u00e9ments de service classiques avec une touche d&#039;allure de discoth\u00e8que contemporaine, ce qui en fait un choix id\u00e9al pour ceux qui recherchent un m\u00e9lange de service et de s\u00e9duction.<\/li>\n\n\n\n<li>Volants blancs de c\u00e9l\u00e9brit\u00e9s sur Internet : Les volants blancs, inspir\u00e9s des tendances des c\u00e9l\u00e9brit\u00e9s sur Internet, offrent une touche de charme ludique, le distinguant des tenues de servantes traditionnelles. Son design complexe assure un attrait exceptionnel pour ces moments sp\u00e9ciaux.<\/li>\n\n\n\n<li>Design transparent en V profond : le design en V profond ajoute une touche de sophistication sensuelle, capturant l&#039;essence du look de femme de chambre classique tout en ajoutant une touche moderne.<\/li>\n\n\n\n<li>Jupe courte exposant les fesses : la conception de la jupe courte, compl\u00e9t\u00e9e par la fonction exposant les fesses, offre confort et style, garantissant que les porteurs se sentent confiants et s\u00e9duisants.<\/li>\n\n\n\n<li>Ensemble complet\u00a0: de la jupe et de la culotte au tablier, bandeau, col, gants et b\u00e2ton de plumes compl\u00e9mentaires, chaque pi\u00e8ce de cet ensemble compl\u00e8te le look g\u00e9n\u00e9ral, offrant aux clients une exp\u00e9rience de jeu de r\u00f4le compl\u00e8te.<\/li>\n<\/ol>\n\n\n\n<p>D\u00e9veloppez votre collection de vente au d\u00e9tail avec notre costume de femme de m\u00e9nage sexy, alliant \u00e9l\u00e9gance classique et mat\u00e9riaux modernes. Plongez dans le monde des tenues de nettoyage sexy avec cet ensemble. Contactez-nous pour des demandes de renseignements en gros et am\u00e9liorez votre assortiment.<\/p>","protected":false},"excerpt":{"rendered":"<p>Entrez sous les projecteurs avec notre uniforme de femme de chambre noir, parfait pour les \u00e9v\u00e9nements en bo\u00eete de nuit et les soir\u00e9es \u00e0 th\u00e8me. Orn\u00e9e de volants blancs de c\u00e9l\u00e9brit\u00e9s d&#039;Internet et d&#039;un design en V profond transparent, cette tenue est la quintessence de l&#039;\u00e9l\u00e9gance sensuelle. Plongez dans un r\u00e9cit de service, d&#039;allure et de charme ludique.<\/p>","protected":false},"featured_media":46104,"template":"","meta":[],"product_brand":[],"product_cat":[974],"product_tag":[989],"class_list":{"0":"post-46096","1":"product","2":"type-product","3":"status-publish","4":"has-post-thumbnail","6":"product_cat-wholesale-sexy-costumes","7":"product_tag-nurse-costume","8":"pa_color-black","9":"pa_size-free","11":"first","12":"instock","13":"taxable","14":"shipping-taxable","15":"purchasable","16":"product-type-variable"},"tiered_pricing_type":"fixed","tiered_pricing_fixed_rules":[],"tiered_pricing_product_settings":{"layout":"default","base_unit_name":{"singular":null,"plural":null},"default_variation":{}},"tiered_pricing_minimum_quantity":null,"tiered_pricing_roles_data":[],"tiered_pricing_percentage_rules":[],"tiered_pricing_maximum_quantity":null,"tiered_pricing_quantity_step":null,"_links":{"self":[{"href":"https:\/\/gretasexylingerie.com\/fr\/wp-json\/wp\/v2\/product\/46096","targetHints":{"allow":["GET"]}}],"collection":[{"href":"https:\/\/gretasexylingerie.com\/fr\/wp-json\/wp\/v2\/product"}],"about":[{"href":"https:\/\/gretasexylingerie.com\/fr\/wp-json\/wp\/v2\/types\/product"}],"wp:featuredmedia":[{"embeddable":true,"href":"https:\/\/gretasexylingerie.com\/fr\/wp-json\/wp\/v2\/media\/46104"}],"wp:attachment":[{"href":"https:\/\/gretasexylingerie.com\/fr\/wp-json\/wp\/v2\/media?parent=46096"}],"wp:term":[{"taxonomy":"product_brand","embeddable":true,"href":"https:\/\/gretasexylingerie.com\/fr\/wp-json\/wp\/v2\/product_brand?post=46096"},{"taxonomy":"product_cat","embeddable":true,"href":"https:\/\/gretasexylingerie.com\/fr\/wp-json\/wp\/v2\/product_cat?post=46096"},{"taxonomy":"product_tag","embeddable":true,"href":"https:\/\/gretasexylingerie.com\/fr\/wp-json\/wp\/v2\/product_tag?post=46096"}],"curies":[{"name":"wp","href":"https:\/\/api.w.org\/{rel}","templated":true}]}}