{"id":46087,"date":"2023-10-23T00:15:39","date_gmt":"2023-10-22T16:15:39","guid":{"rendered":"https:\/\/gretasexylingerie.com\/?post_type=product&#038;p=46087"},"modified":"2023-10-23T00:17:37","modified_gmt":"2023-10-22T16:17:37","slug":"vente-en-gros-ensemble-de-soutien-gorge-sexy-en-cuir-sauvage-et-chaine-en-metal","status":"publish","type":"product","link":"https:\/\/gretasexylingerie.com\/fr\/products\/wholesale-wild-leather-metal-chain-sexy-pu-bra-set\/","title":{"rendered":"Ensemble de soutien-gorge sexy en cuir PU avec cha\u00eene en m\u00e9tal et cuir sauvage, vente en gros"},"content":{"rendered":"<ol class=\"wp-block-list\">\n<li>Flair europ\u00e9en et am\u00e9ricain : notre lingerie sexy en cuir sauvage capture l&#039;essence de la sensualit\u00e9 europ\u00e9enne et am\u00e9ricaine. Le design combine une allure classique avec une touche de nervosit\u00e9 moderne, ce qui en fait un choix id\u00e9al pour ceux qui recherchent un m\u00e9lange d&#039;audace et d&#039;\u00e9l\u00e9gance.<\/li>\n\n\n\n<li>Style de harnais audacieux : le design de style harnais offre un charme audacieux, le distinguant de la lingerie traditionnelle. Son design complexe assure un attrait exceptionnel pour ces soir\u00e9es sp\u00e9ciales.<\/li>\n\n\n\n<li>Accents de cha\u00eene en m\u00e9tal audacieux\u00a0: Les accents de cha\u00eene en m\u00e9tal ajoutent une touche de sophistication robuste, capturant la double nature de la tentatrice ludique et s\u00e9duisante.<\/li>\n\n\n\n<li>Sans bonnet et super sexy : la fonction sans bonnet, compl\u00e9t\u00e9e par un design super sexy, offre confort et style, garantissant que les porteurs se sentent confiants et s\u00e9duisants.<\/li>\n\n\n\n<li>Ensemble complet : du soutien-gorge et du porte-jarretelles aux culottes et patchs compl\u00e9mentaires pour t\u00e9tons, chaque pi\u00e8ce de cet ensemble compl\u00e8te le look g\u00e9n\u00e9ral, offrant aux clients une exp\u00e9rience de jeu de r\u00f4le compl\u00e8te.<\/li>\n<\/ol>\n\n\n\n<p>D\u00e9veloppez votre collection de vente au d\u00e9tail avec notre lingerie sexy en cuir sauvage, m\u00ealant l&#039;\u00e9l\u00e9gance europ\u00e9enne et am\u00e9ricaine \u00e0 des mat\u00e9riaux modernes. Plongez dans le monde des tenues uniformes en PU avec cet ensemble. Contactez-nous pour des demandes de renseignements en gros et am\u00e9liorez votre assortiment.<\/p>","protected":false},"excerpt":{"rendered":"<p>Adoptez l&#039;audace avec notre ensemble de soutien-gorge en PU inspir\u00e9 et sexy. Cet ensemble est la quintessence de l&#039;allure sauvage, con\u00e7u dans un style harnais avec des cha\u00eenes en m\u00e9tal et une fonction sans bonnet. Plongez dans un r\u00e9cit d\u2019une \u00e9l\u00e9gance audacieuse et d\u2019une s\u00e9duction in\u00e9gal\u00e9e.<\/p>","protected":false},"featured_media":46095,"template":"","meta":[],"product_brand":[],"product_cat":[368,380,367,376],"product_tag":[],"class_list":{"0":"post-46087","1":"product","2":"type-product","3":"status-publish","4":"has-post-thumbnail","6":"product_cat-bra-panty-set","7":"product_cat-wholesale-harness-bra-and-panty-set","8":"product_cat-sexy-lingerie","9":"product_cat-wholesale-ultra-sexy-bra-panty-set","10":"pa_color-black","11":"pa_size-free","13":"first","14":"instock","15":"taxable","16":"shipping-taxable","17":"purchasable","18":"product-type-variable"},"tiered_pricing_type":"fixed","tiered_pricing_fixed_rules":[],"tiered_pricing_product_settings":{"layout":"default","base_unit_name":{"singular":null,"plural":null},"default_variation":{}},"tiered_pricing_minimum_quantity":null,"tiered_pricing_roles_data":[],"tiered_pricing_percentage_rules":[],"tiered_pricing_maximum_quantity":null,"tiered_pricing_quantity_step":null,"_links":{"self":[{"href":"https:\/\/gretasexylingerie.com\/fr\/wp-json\/wp\/v2\/product\/46087","targetHints":{"allow":["GET"]}}],"collection":[{"href":"https:\/\/gretasexylingerie.com\/fr\/wp-json\/wp\/v2\/product"}],"about":[{"href":"https:\/\/gretasexylingerie.com\/fr\/wp-json\/wp\/v2\/types\/product"}],"wp:featuredmedia":[{"embeddable":true,"href":"https:\/\/gretasexylingerie.com\/fr\/wp-json\/wp\/v2\/media\/46095"}],"wp:attachment":[{"href":"https:\/\/gretasexylingerie.com\/fr\/wp-json\/wp\/v2\/media?parent=46087"}],"wp:term":[{"taxonomy":"product_brand","embeddable":true,"href":"https:\/\/gretasexylingerie.com\/fr\/wp-json\/wp\/v2\/product_brand?post=46087"},{"taxonomy":"product_cat","embeddable":true,"href":"https:\/\/gretasexylingerie.com\/fr\/wp-json\/wp\/v2\/product_cat?post=46087"},{"taxonomy":"product_tag","embeddable":true,"href":"https:\/\/gretasexylingerie.com\/fr\/wp-json\/wp\/v2\/product_tag?post=46087"}],"curies":[{"name":"wp","href":"https:\/\/api.w.org\/{rel}","templated":true}]}}