{"id":45998,"date":"2023-10-21T00:04:45","date_gmt":"2023-10-20T16:04:45","guid":{"rendered":"https:\/\/gretasexylingerie.com\/?post_type=product&#038;p=45998"},"modified":"2023-10-21T00:05:46","modified_gmt":"2023-10-20T16:05:46","slug":"vente-en-gros-uniforme-de-femme-de-chambre-crepue-en-dentelle-blanche-avec-ensemble-de-gaze-transparente","status":"publish","type":"product","link":"https:\/\/gretasexylingerie.com\/fr\/products\/wholesale-white-lace-kinky-maid-uniform-with-transparent-gauze-set\/","title":{"rendered":"Uniforme de femme de chambre en dentelle blanche, vente en gros, avec ensemble de gaze transparente"},"content":{"rendered":"<ol class=\"wp-block-list\">\n<li>Pr\u00eat pour le jeu de r\u00f4le : notre tenue Cosmaid incarne l&#039;\u00e9l\u00e9gance et le charme. Le design de la servante fran\u00e7aise sans entrejambe allie tradition avec une touche de sensualit\u00e9 moderne, ce qui en fait un choix de premier ordre pour ceux qui recherchent un m\u00e9lange de service et de s\u00e9duction.<\/li>\n\n\n\n<li>\u00c9l\u00e9gante dentelle florale blanche : la dentelle florale blanche offre une touche d&#039;innocence, la distinguant des tenues de femme de chambre traditionnelles. Son design complexe assure un attrait exceptionnel pour ces soir\u00e9es sp\u00e9ciales.<\/li>\n\n\n\n<li>Design de culotte ouverte provocateur : le design de la culotte ouverte capture le c\u00f4t\u00e9 s\u00e9duisant du look de femme de chambre classique, offrant un m\u00e9lange d&#039;\u00e9l\u00e9gance et d&#039;allure qui ne manquera pas de faire tourner les t\u00eates.<\/li>\n\n\n\n<li>Ensemble complet d&#039;accessoires\u00a0: du bandeau et de l&#039;anneau de cou \u00e0 la culotte ouverte unique, chaque accessoire de cet ensemble compl\u00e8te le look g\u00e9n\u00e9ral, offrant aux clients une exp\u00e9rience de jeu de r\u00f4le compl\u00e8te.<\/li>\n\n\n\n<li>Pr\u00eat pour la vente en gros* Con\u00e7u pour la vente en gros, cet uniforme Kinky Maid est sur le point de devenir un article le plus vendu. C&#039;est plus qu&#039;un simple costume ; il incarne la fantaisie et l&#039;exploration ludique.<\/li>\n<\/ol>\n\n\n\n<p>D\u00e9veloppez votre collection de vente au d\u00e9tail avec nos tenues de servante fran\u00e7aise sans entrejambe, alliant \u00e9l\u00e9gance classique et allure moderne. Plongez dans le monde des tenues de jeu de r\u00f4le de bonne avec cet ensemble. Contactez-nous pour des demandes de renseignements en gros et am\u00e9liorez votre assortiment.<\/p>","protected":false},"excerpt":{"rendered":"<p>Adoptez l&#039;attrait du service avec notre robe de femme de chambre \u00e0 froufrous, parfaite pour les occasions sp\u00e9ciales et les \u00e9v\u00e9nements de jeu de r\u00f4le. Cette tenue en dentelle florale blanche avec gaze noire transparente et culotte ouverte capture l&#039;essence de la femme de chambre provocante. Plongez dans un r\u00e9cit d\u2019\u00e9l\u00e9gance et de tentation.<\/p>","protected":false},"featured_media":46007,"template":"","meta":[],"product_brand":[],"product_cat":[974],"product_tag":[984,980],"class_list":{"0":"post-45998","1":"product","2":"type-product","3":"status-publish","4":"has-post-thumbnail","6":"product_cat-wholesale-sexy-costumes","7":"product_tag-halloween-costumes","8":"product_tag-maid-costumes","9":"pa_color-white","10":"pa_size-free","12":"first","13":"instock","14":"taxable","15":"shipping-taxable","16":"purchasable","17":"product-type-variable"},"tiered_pricing_type":"fixed","tiered_pricing_fixed_rules":[],"tiered_pricing_product_settings":{"layout":"default","base_unit_name":{"singular":null,"plural":null},"default_variation":{}},"tiered_pricing_minimum_quantity":null,"tiered_pricing_roles_data":[],"tiered_pricing_percentage_rules":[],"tiered_pricing_maximum_quantity":null,"tiered_pricing_quantity_step":null,"_links":{"self":[{"href":"https:\/\/gretasexylingerie.com\/fr\/wp-json\/wp\/v2\/product\/45998","targetHints":{"allow":["GET"]}}],"collection":[{"href":"https:\/\/gretasexylingerie.com\/fr\/wp-json\/wp\/v2\/product"}],"about":[{"href":"https:\/\/gretasexylingerie.com\/fr\/wp-json\/wp\/v2\/types\/product"}],"wp:featuredmedia":[{"embeddable":true,"href":"https:\/\/gretasexylingerie.com\/fr\/wp-json\/wp\/v2\/media\/46007"}],"wp:attachment":[{"href":"https:\/\/gretasexylingerie.com\/fr\/wp-json\/wp\/v2\/media?parent=45998"}],"wp:term":[{"taxonomy":"product_brand","embeddable":true,"href":"https:\/\/gretasexylingerie.com\/fr\/wp-json\/wp\/v2\/product_brand?post=45998"},{"taxonomy":"product_cat","embeddable":true,"href":"https:\/\/gretasexylingerie.com\/fr\/wp-json\/wp\/v2\/product_cat?post=45998"},{"taxonomy":"product_tag","embeddable":true,"href":"https:\/\/gretasexylingerie.com\/fr\/wp-json\/wp\/v2\/product_tag?post=45998"}],"curies":[{"name":"wp","href":"https:\/\/api.w.org\/{rel}","templated":true}]}}