{"id":45988,"date":"2023-10-20T23:47:38","date_gmt":"2023-10-20T15:47:38","guid":{"rendered":"https:\/\/gretasexylingerie.com\/?post_type=product&#038;p=45988"},"modified":"2023-10-20T23:49:01","modified_gmt":"2023-10-20T15:49:01","slug":"costume-dhalloween-dinfirmiere-noire-sexy-en-gros-avec-ensemble-de-jupe-couvrant-les-hanches","status":"publish","type":"product","link":"https:\/\/gretasexylingerie.com\/fr\/products\/wholesale-sexy-black-nurse-halloween-costume-with-hip-covering-skirt-set\/","title":{"rendered":"Costume d&#039;Halloween d&#039;infirmi\u00e8re noire sexy en gros avec ensemble de jupe couvrant les hanches"},"content":{"rendered":"<ol class=\"wp-block-list\">\n<li>Pr\u00eat pour Halloween et le cosplay : notre uniforme d&#039;infirmi\u00e8re noir incarne l&#039;allure sombre. Le design de la robe sexy d&#039;infirmi\u00e8re combine le look d&#039;infirmi\u00e8re traditionnel avec une touche de sensualit\u00e9 moderne, ce qui en fait un choix id\u00e9al pour celles qui recherchent un m\u00e9lange de soin et de myst\u00e8re.<\/li>\n\n\n\n<li>Jupe \u00e9l\u00e9gante couvrant les hanches : la jupe couvrant les hanches offre un m\u00e9lange de modestie et de charme, la distinguant des tenues traditionnelles d&#039;infirmi\u00e8re. Son design unique assure un attrait exceptionnel pour les nuits audacieuses.<\/li>\n\n\n\n<li>Conception de costume \u00e0 manches courtes : le haut \u00e0 manches courtes capture l&#039;essence du look classique d&#039;infirmi\u00e8re tout en offrant une touche moderne. Ce m\u00e9lange de tradition et d&#039;attrait offre aux d\u00e9taillants un produit unique qui se d\u00e9marque sur le march\u00e9.<\/li>\n\n\n\n<li>Ensemble complet d&#039;accessoires\u00a0: du bandeau et de la ceinture d&#039;infirmi\u00e8re aux bas et gants r\u00e9sille \u00e9l\u00e9gants, chaque accessoire de cet ensemble compl\u00e8te le look g\u00e9n\u00e9ral, offrant aux clients une exp\u00e9rience de jeu de r\u00f4le compl\u00e8te.<\/li>\n\n\n\n<li>Pr\u00eat pour la vente en gros\u00a0: Con\u00e7u pour la vente en gros, cet uniforme d&#039;infirmi\u00e8re noir sexy est sur le point de devenir un article le plus vendu. C&#039;est plus qu&#039;un simple costume ; il incarne la fantaisie et l&#039;exploration ludique.<\/li>\n<\/ol>\n\n\n\n<p>D\u00e9veloppez votre collection de vente au d\u00e9tail avec nos costumes d&#039;Halloween d&#039;infirmi\u00e8re sexy, m\u00ealant soins classiques et allure sombre. Plongez dans le monde des tenues de cosplay d&#039;infirmi\u00e8re avec cet ensemble. Contactez-nous pour toute demande de vente en gros et am\u00e9liorez votre assortiment.<\/p>","protected":false},"excerpt":{"rendered":"<p>Entrez dans la nuit avec notre costume d&#039;infirmi\u00e8re noir sexy con\u00e7u pour les \u00e9v\u00e9nements d&#039;Halloween et de cosplay. Ce costume \u00e0 manches courtes et jupe couvrant les hanches incarne le charme de la myst\u00e9rieuse infirmi\u00e8re. Plongez dans un r\u00e9cit de soins et de charme sombre.<\/p>","protected":false},"featured_media":45994,"template":"","meta":[],"product_brand":[],"product_cat":[974],"product_tag":[989],"class_list":{"0":"post-45988","1":"product","2":"type-product","3":"status-publish","4":"has-post-thumbnail","6":"product_cat-wholesale-sexy-costumes","7":"product_tag-nurse-costume","8":"pa_color-black","9":"pa_size-free","11":"first","12":"instock","13":"taxable","14":"shipping-taxable","15":"purchasable","16":"product-type-variable"},"tiered_pricing_type":"fixed","tiered_pricing_fixed_rules":[],"tiered_pricing_product_settings":{"layout":"default","base_unit_name":{"singular":null,"plural":null},"default_variation":{}},"tiered_pricing_minimum_quantity":null,"tiered_pricing_roles_data":[],"tiered_pricing_percentage_rules":[],"tiered_pricing_maximum_quantity":null,"tiered_pricing_quantity_step":null,"_links":{"self":[{"href":"https:\/\/gretasexylingerie.com\/fr\/wp-json\/wp\/v2\/product\/45988","targetHints":{"allow":["GET"]}}],"collection":[{"href":"https:\/\/gretasexylingerie.com\/fr\/wp-json\/wp\/v2\/product"}],"about":[{"href":"https:\/\/gretasexylingerie.com\/fr\/wp-json\/wp\/v2\/types\/product"}],"wp:featuredmedia":[{"embeddable":true,"href":"https:\/\/gretasexylingerie.com\/fr\/wp-json\/wp\/v2\/media\/45994"}],"wp:attachment":[{"href":"https:\/\/gretasexylingerie.com\/fr\/wp-json\/wp\/v2\/media?parent=45988"}],"wp:term":[{"taxonomy":"product_brand","embeddable":true,"href":"https:\/\/gretasexylingerie.com\/fr\/wp-json\/wp\/v2\/product_brand?post=45988"},{"taxonomy":"product_cat","embeddable":true,"href":"https:\/\/gretasexylingerie.com\/fr\/wp-json\/wp\/v2\/product_cat?post=45988"},{"taxonomy":"product_tag","embeddable":true,"href":"https:\/\/gretasexylingerie.com\/fr\/wp-json\/wp\/v2\/product_tag?post=45988"}],"curies":[{"name":"wp","href":"https:\/\/api.w.org\/{rel}","templated":true}]}}