{"id":45976,"date":"2023-10-20T23:30:04","date_gmt":"2023-10-20T15:30:04","guid":{"rendered":"https:\/\/gretasexylingerie.com\/?post_type=product&#038;p=45976"},"modified":"2023-10-20T23:32:46","modified_gmt":"2023-10-20T15:32:46","slug":"vente-en-gros-costume-dhalloween-leopard-sexy-avec-dentelle-transparente","status":"publish","type":"product","link":"https:\/\/gretasexylingerie.com\/fr\/products\/wholesale-sexy-leopard-halloween-costume-with-transparent-lace\/","title":{"rendered":"Costume d&#039;Halloween l\u00e9opard sexy en gros avec dentelle transparente"},"content":{"rendered":"<ol class=\"wp-block-list\">\n<li>Pr\u00eat pour Halloween et le cosplay : notre costume de l\u00e9opard fille incarne l&#039;allure sauvage. Le design sexy du catsuit l\u00e9opard combine la f\u00e9rocit\u00e9 du l\u00e9opard avec une touche de sensualit\u00e9 moderne, ce qui en fait un premier choix pour ceux qui recherchent un m\u00e9lange de sauvagerie et de s\u00e9duction.<\/li>\n\n\n\n<li>C\u00f4t\u00e9s sensuels en dentelle transparente : les c\u00f4t\u00e9s en dentelle transparente du body offrent un aper\u00e7u du charme moderne, le distinguant des tenues l\u00e9opard traditionnelles. Son design unique assure un attrait exceptionnel pour les nuits audacieuses.<\/li>\n\n\n\n<li>Conception distinctive de la poitrine creuse : la conception de la poitrine creuse du body capture le c\u00f4t\u00e9 s\u00e9duisant du look l\u00e9opard classique, offrant un m\u00e9lange de sauvagerie et d&#039;allure qui ne manquera pas de faire tourner les t\u00eates.<\/li>\n\n\n\n<li>Ensemble complet d&#039;accessoires\u00a0: du bandeau l\u00e9opard d\u00e9finissant \u00e0 la queue ludique, chaque accessoire de cet ensemble compl\u00e8te le look g\u00e9n\u00e9ral, offrant aux clients une exp\u00e9rience de jeu de r\u00f4le compl\u00e8te.<\/li>\n\n\n\n<li>Pr\u00eat pour la vente en gros\u00a0: Con\u00e7u pour la vente en gros, ce costume de cosplay de fille l\u00e9opard est sur le point de devenir un article le plus vendu. C&#039;est plus qu&#039;un simple costume ; il incarne la fantaisie et l&#039;exploration ludique.<\/li>\n<\/ol>\n\n\n\n<p>D\u00e9veloppez votre collection de vente au d\u00e9tail avec nos costumes d&#039;Halloween sexy en forme de l\u00e9opard, m\u00ealant f\u00e9rocit\u00e9 sauvage et allure moderne. Plongez dans le monde des tenues de cosplay l\u00e9opard avec cet ensemble. Contactez-nous pour des demandes de renseignements en gros et am\u00e9liorez votre assortiment.<\/p>\n\n\n\n<figure class=\"wp-block-embed is-type-video is-provider-youtube wp-block-embed-youtube wp-embed-aspect-4-3 wp-has-aspect-ratio\"><div class=\"wp-block-embed__wrapper\">\n<div class=\"video-container\"><iframe title=\"Costume d&#039;Halloween l\u00e9opard sexy en gros avec dentelle transparente\" width=\"1170\" height=\"878\" src=\"https:\/\/www.youtube.com\/embed\/tZg8AcH2EW0?feature=oembed\" frameborder=\"0\" allow=\"accelerometer; autoplay; clipboard-write; encrypted-media; gyroscope; picture-in-picture; web-share\" allowfullscreen><\/iframe><\/div>\n<\/div><\/figure>","protected":false},"excerpt":{"rendered":"<p>Lib\u00e9rez votre c\u00f4t\u00e9 sauvage avec notre tenue l\u00e9opard sexy, parfaite pour les \u00e9v\u00e9nements d&#039;Halloween et de cosplay. Ce body \u00e0 manches longues, orn\u00e9 de c\u00f4t\u00e9s en dentelle transparente et d&#039;une poitrine creuse, capture l&#039;essence du f\u00e9roce l\u00e9opard. Plongez dans un r\u00e9cit au charme sauvage.<\/p>","protected":false},"featured_media":45985,"template":"","meta":[],"product_brand":[],"product_cat":[974],"product_tag":[1006,1005],"class_list":{"0":"post-45976","1":"product","2":"type-product","3":"status-publish","4":"has-post-thumbnail","6":"product_cat-wholesale-sexy-costumes","7":"product_tag-animal-costumes","8":"product_tag-sexy-cat-costumes","9":"pa_color-leopard","10":"pa_size-free","12":"first","13":"instock","14":"taxable","15":"shipping-taxable","16":"purchasable","17":"product-type-variable"},"tiered_pricing_type":"fixed","tiered_pricing_fixed_rules":[],"tiered_pricing_product_settings":{"layout":"default","base_unit_name":{"singular":null,"plural":null},"default_variation":{}},"tiered_pricing_minimum_quantity":null,"tiered_pricing_roles_data":[],"tiered_pricing_percentage_rules":[],"tiered_pricing_maximum_quantity":null,"tiered_pricing_quantity_step":null,"_links":{"self":[{"href":"https:\/\/gretasexylingerie.com\/fr\/wp-json\/wp\/v2\/product\/45976","targetHints":{"allow":["GET"]}}],"collection":[{"href":"https:\/\/gretasexylingerie.com\/fr\/wp-json\/wp\/v2\/product"}],"about":[{"href":"https:\/\/gretasexylingerie.com\/fr\/wp-json\/wp\/v2\/types\/product"}],"wp:featuredmedia":[{"embeddable":true,"href":"https:\/\/gretasexylingerie.com\/fr\/wp-json\/wp\/v2\/media\/45985"}],"wp:attachment":[{"href":"https:\/\/gretasexylingerie.com\/fr\/wp-json\/wp\/v2\/media?parent=45976"}],"wp:term":[{"taxonomy":"product_brand","embeddable":true,"href":"https:\/\/gretasexylingerie.com\/fr\/wp-json\/wp\/v2\/product_brand?post=45976"},{"taxonomy":"product_cat","embeddable":true,"href":"https:\/\/gretasexylingerie.com\/fr\/wp-json\/wp\/v2\/product_cat?post=45976"},{"taxonomy":"product_tag","embeddable":true,"href":"https:\/\/gretasexylingerie.com\/fr\/wp-json\/wp\/v2\/product_tag?post=45976"}],"curies":[{"name":"wp","href":"https:\/\/api.w.org\/{rel}","templated":true}]}}