{"id":45967,"date":"2023-10-20T22:59:42","date_gmt":"2023-10-20T14:59:42","guid":{"rendered":"https:\/\/gretasexylingerie.com\/?post_type=product&#038;p=45967"},"modified":"2023-10-20T23:00:56","modified_gmt":"2023-10-20T15:00:56","slug":"vente-en-gros-tenue-dhalloween-de-policiere-avec-ensemble-jupe-en-dentelle","status":"publish","type":"product","link":"https:\/\/gretasexylingerie.com\/fr\/products\/wholesale-policewoman-halloween-outfit-with-lace-skirt-set\/","title":{"rendered":"Tenue d&#039;Halloween de polici\u00e8re en gros avec ensemble jupe en dentelle"},"content":{"rendered":"<ol class=\"wp-block-list\">\n<li>Pr\u00eat pour Halloween : notre uniforme de polici\u00e8re incarne l&#039;allure d&#039;Halloween. Le design sexy de l&#039;officier Halloween allie tradition et sensualit\u00e9 moderne, ce qui en fait un choix id\u00e9al pour ceux qui recherchent un m\u00e9lange d&#039;autorit\u00e9 et de s\u00e9duction.<\/li>\n\n\n\n<li>C\u00f4t\u00e9s sensuels en dentelle transparente : les c\u00f4t\u00e9s en dentelle transparente de la jupe couvrant les hanches offrent un aper\u00e7u du charme moderne, la distinguant des tenues de police traditionnelles. Son design unique assure un attrait exceptionnel pour les nuits audacieuses.<\/li>\n\n\n\n<li>Ensemble complet d&#039;accessoires\u00a0: du chapeau et de la matraque de police aux bas r\u00e9sille et gants \u00e9l\u00e9gants, chaque accessoire de cet ensemble compl\u00e8te le look g\u00e9n\u00e9ral, offrant aux clients une exp\u00e9rience de jeu de r\u00f4le compl\u00e8te.<\/li>\n\n\n\n<li>R\u00e9cit d&#039;officier sexy\u00a0: Cette tenue capture le c\u00f4t\u00e9 autoritaire et s\u00e9duisant du look policier classique. Les d\u00e9taillants peuvent proposer un produit unique qui se d\u00e9marque sur le march\u00e9, notamment \u00e0 l\u2019Halloween.<\/li>\n\n\n\n<li>Pr\u00eat pour la vente en gros\u00a0: Con\u00e7u pour la vente en gros, ce costume de tentation uniforme de polici\u00e8re est sur le point de devenir un article le plus vendu. C&#039;est plus qu&#039;un simple costume ; il incarne la fantaisie et l&#039;exploration ludique.<\/li>\n<\/ol>\n\n\n\n<p>D\u00e9veloppez votre collection de vente au d\u00e9tail avec nos costumes d&#039;Halloween d&#039;officier sexy, alliant autorit\u00e9 classique et allure moderne. Plongez dans le monde des tenues d&#039;Halloween de polici\u00e8re avec cet ensemble. Contactez-nous pour des demandes de renseignements en gros et am\u00e9liorez votre assortiment.<\/p>","protected":false},"excerpt":{"rendered":"<p>Adoptez l&#039;attrait de l&#039;autorit\u00e9 avec notre costume de flic tutu sexy, id\u00e9al pour les festivit\u00e9s d&#039;Halloween. Cette jupe noire couvrant les hanches avec des c\u00f4t\u00e9s en dentelle transparente et une ouverture zipp\u00e9e capture l&#039;essence de l&#039;officier sexy. Plongez dans un r\u00e9cit de droit et d&#039;attrait.<\/p>","protected":false},"featured_media":45975,"template":"","meta":[],"product_brand":[],"product_cat":[974],"product_tag":[978],"class_list":{"0":"post-45967","1":"product","2":"type-product","3":"status-publish","4":"has-post-thumbnail","6":"product_cat-wholesale-sexy-costumes","7":"product_tag-policewoman-costume","8":"pa_color-black","9":"pa_size-free","11":"first","12":"instock","13":"taxable","14":"shipping-taxable","15":"purchasable","16":"product-type-variable"},"tiered_pricing_type":"fixed","tiered_pricing_fixed_rules":[],"tiered_pricing_product_settings":{"layout":"default","base_unit_name":{"singular":null,"plural":null},"default_variation":{}},"tiered_pricing_minimum_quantity":null,"tiered_pricing_roles_data":[],"tiered_pricing_percentage_rules":[],"tiered_pricing_maximum_quantity":null,"tiered_pricing_quantity_step":null,"_links":{"self":[{"href":"https:\/\/gretasexylingerie.com\/fr\/wp-json\/wp\/v2\/product\/45967","targetHints":{"allow":["GET"]}}],"collection":[{"href":"https:\/\/gretasexylingerie.com\/fr\/wp-json\/wp\/v2\/product"}],"about":[{"href":"https:\/\/gretasexylingerie.com\/fr\/wp-json\/wp\/v2\/types\/product"}],"wp:featuredmedia":[{"embeddable":true,"href":"https:\/\/gretasexylingerie.com\/fr\/wp-json\/wp\/v2\/media\/45975"}],"wp:attachment":[{"href":"https:\/\/gretasexylingerie.com\/fr\/wp-json\/wp\/v2\/media?parent=45967"}],"wp:term":[{"taxonomy":"product_brand","embeddable":true,"href":"https:\/\/gretasexylingerie.com\/fr\/wp-json\/wp\/v2\/product_brand?post=45967"},{"taxonomy":"product_cat","embeddable":true,"href":"https:\/\/gretasexylingerie.com\/fr\/wp-json\/wp\/v2\/product_cat?post=45967"},{"taxonomy":"product_tag","embeddable":true,"href":"https:\/\/gretasexylingerie.com\/fr\/wp-json\/wp\/v2\/product_tag?post=45967"}],"curies":[{"name":"wp","href":"https:\/\/api.w.org\/{rel}","templated":true}]}}