{"id":45958,"date":"2023-10-20T22:38:32","date_gmt":"2023-10-20T14:38:32","guid":{"rendered":"https:\/\/gretasexylingerie.com\/?post_type=product&#038;p=45958"},"modified":"2023-10-20T22:39:42","modified_gmt":"2023-10-20T14:39:42","slug":"vente-en-gros-tenue-dhalloween-dinfirmiere-sexy-avec-ensemble-haut-en-maille","status":"publish","type":"product","link":"https:\/\/gretasexylingerie.com\/fr\/products\/wholesale-sexy-nurse-halloween-outfit-with-mesh-top-set\/","title":{"rendered":"Tenue d&#039;Halloween d&#039;infirmi\u00e8re sexy en gros avec ensemble haut en maille"},"content":{"rendered":"<ol class=\"wp-block-list\">\n<li>Pr\u00eat pour Halloween : notre tenue d&#039;infirmi\u00e8re sexy incarne le charme d&#039;Halloween. Le costume d&#039;infirmi\u00e8re adulte allie tradition et sensualit\u00e9 moderne, ce qui en fait un choix de choix pour celles qui recherchent un m\u00e9lange de soin et de s\u00e9duction.<\/li>\n\n\n\n<li>Haut transparent en maille sensuelle : le haut transparent \u00e0 manches longues offre un aper\u00e7u du charme moderne, le distinguant des tenues d&#039;infirmi\u00e8re traditionnelles. Son design transparent assure un attrait exceptionnel pour les nuits audacieuses.<\/li>\n\n\n\n<li>Ensemble complet d&#039;accessoires\u00a0: du bandeau et du st\u00e9thoscope aux bas r\u00e9sille et tongs \u00e9l\u00e9gants, chaque accessoire de cet ensemble compl\u00e8te le look g\u00e9n\u00e9ral, offrant aux clients une exp\u00e9rience de jeu de r\u00f4le compl\u00e8te.<\/li>\n\n\n\n<li>Naughty Nurse Narrative\u00a0: Cette tenue capture le c\u00f4t\u00e9 ludique et coquin du look d&#039;infirmi\u00e8re classique. Les d\u00e9taillants peuvent proposer un produit unique qui se d\u00e9marque sur le march\u00e9, notamment \u00e0 l\u2019Halloween.<\/li>\n\n\n\n<li>Pr\u00eat pour la vente en gros\u00a0: con\u00e7ue pour la vente en gros, cette tenue d&#039;infirmi\u00e8re sexy en maille transparente est sur le point de devenir un article le plus vendu. C&#039;est plus qu&#039;un simple costume ; il incarne la fantaisie et l&#039;exploration ludique.<\/li>\n<\/ol>\n\n\n\n<p>D\u00e9veloppez votre collection de vente au d\u00e9tail avec nos costumes d&#039;infirmi\u00e8re coquines, alliant soins classiques et allure moderne. Plongez dans le monde des tenues sexy d&#039;infirmi\u00e8re d&#039;Halloween avec cet ensemble. Contactez-nous pour des demandes de renseignements en gros et am\u00e9liorez votre assortiment.<\/p>","protected":false},"excerpt":{"rendered":"<p>Entrez dans un monde fantastique avec notre costume d&#039;infirmi\u00e8re adulte, parfait pour les c\u00e9l\u00e9brations d&#039;Halloween. Ce haut transparent \u00e0 manches longues, associ\u00e9 \u00e0 des accessoires essentiels, capture l&#039;essence de l&#039;infirmi\u00e8re coquine. Plongez dans un r\u00e9cit de soin et d\u2019attrait.<\/p>","protected":false},"featured_media":45966,"template":"","meta":[],"product_brand":[],"product_cat":[974],"product_tag":[989],"class_list":{"0":"post-45958","1":"product","2":"type-product","3":"status-publish","4":"has-post-thumbnail","6":"product_cat-wholesale-sexy-costumes","7":"product_tag-nurse-costume","8":"pa_color-white","9":"pa_size-free","11":"first","12":"instock","13":"taxable","14":"shipping-taxable","15":"purchasable","16":"product-type-variable"},"tiered_pricing_type":"fixed","tiered_pricing_fixed_rules":[],"tiered_pricing_product_settings":{"layout":"default","base_unit_name":{"singular":null,"plural":null},"default_variation":{}},"tiered_pricing_minimum_quantity":null,"tiered_pricing_roles_data":[],"tiered_pricing_percentage_rules":[],"tiered_pricing_maximum_quantity":null,"tiered_pricing_quantity_step":null,"_links":{"self":[{"href":"https:\/\/gretasexylingerie.com\/fr\/wp-json\/wp\/v2\/product\/45958","targetHints":{"allow":["GET"]}}],"collection":[{"href":"https:\/\/gretasexylingerie.com\/fr\/wp-json\/wp\/v2\/product"}],"about":[{"href":"https:\/\/gretasexylingerie.com\/fr\/wp-json\/wp\/v2\/types\/product"}],"wp:featuredmedia":[{"embeddable":true,"href":"https:\/\/gretasexylingerie.com\/fr\/wp-json\/wp\/v2\/media\/45966"}],"wp:attachment":[{"href":"https:\/\/gretasexylingerie.com\/fr\/wp-json\/wp\/v2\/media?parent=45958"}],"wp:term":[{"taxonomy":"product_brand","embeddable":true,"href":"https:\/\/gretasexylingerie.com\/fr\/wp-json\/wp\/v2\/product_brand?post=45958"},{"taxonomy":"product_cat","embeddable":true,"href":"https:\/\/gretasexylingerie.com\/fr\/wp-json\/wp\/v2\/product_cat?post=45958"},{"taxonomy":"product_tag","embeddable":true,"href":"https:\/\/gretasexylingerie.com\/fr\/wp-json\/wp\/v2\/product_tag?post=45958"}],"curies":[{"name":"wp","href":"https:\/\/api.w.org\/{rel}","templated":true}]}}