{"id":45949,"date":"2023-10-20T22:21:22","date_gmt":"2023-10-20T14:21:22","guid":{"rendered":"https:\/\/gretasexylingerie.com\/?post_type=product&#038;p=45949"},"modified":"2023-10-20T22:22:36","modified_gmt":"2023-10-20T14:22:36","slug":"vente-en-gros-costume-de-femme-de-chambre-francaise-en-dentelle-avec-ensemble-superieur-transparent","status":"publish","type":"product","link":"https:\/\/gretasexylingerie.com\/fr\/products\/wholesale-lace-french-maid-costume-with-transparent-top-set\/","title":{"rendered":"Costume de femme de chambre fran\u00e7aise en dentelle en gros avec ensemble haut transparent"},"content":{"rendered":"<ol class=\"wp-block-list\">\n<li>Appel classique de la servante fran\u00e7aise : notre tenue incarne l&#039;allure intemporelle de la servante fran\u00e7aise. La robe de chambre noire allie tradition et sensualit\u00e9 moderne, ce qui en fait un choix id\u00e9al pour celles qui recherchent un m\u00e9lange de service et d&#039;allure.<\/li>\n\n\n\n<li>Haut sensuel en dentelle transparente : le haut en dentelle transparente offre un aper\u00e7u du charme moderne, le distinguant des tenues de femme de chambre traditionnelles. Associ\u00e9 \u00e0 la jupe blanche orn\u00e9e de dentelle, il assure un attrait remarquable.<\/li>\n\n\n\n<li>D\u00e9corations d\u00e9taill\u00e9es en dentelle blanche : les d\u00e9tails en dentelle blanche sur la jupe capturent l&#039;essence du look de femme de chambre classique. Ce m\u00e9lange d&#039;innocence et d&#039;allure offre aux d\u00e9taillants un produit unique qui se d\u00e9marque.<\/li>\n\n\n\n<li>Ensemble complet d&#039;accessoires\u00a0: du bandeau et de l&#039;anneau de cou au tablier \u00e9l\u00e9gant et aux bas r\u00e9sille, chaque accessoire de cet ensemble compl\u00e8te le look g\u00e9n\u00e9ral, offrant aux clients une exp\u00e9rience de jeu de r\u00f4le compl\u00e8te.<\/li>\n\n\n\n<li>Pr\u00eat pour la vente en gros\u00a0: Con\u00e7u pour la vente en gros, ce costume de femme de chambre fran\u00e7aise en dentelle est sur le point de devenir un article le plus vendu. C&#039;est plus qu&#039;un simple costume ; il incarne la fantaisie et l&#039;exploration ludique.<\/li>\n<\/ol>\n\n\n\n<p>D\u00e9veloppez votre collection de vente au d\u00e9tail avec notre tenue de femme de chambre impertinente, alliant charme classique et allure moderne. Plongez dans le monde des costumes de servantes fran\u00e7aises en dentelle avec cet ensemble. Contactez-nous pour des demandes de renseignements en gros et am\u00e9liorez votre assortiment.<\/p>","protected":false},"excerpt":{"rendered":"<p>D\u00e9voilez l&#039;\u00e9l\u00e9gance avec notre tenue de femme de chambre impertinente, parfaite pour un jeu de r\u00f4le immersif. Cette robe de femme de chambre noire, orn\u00e9e d&#039;un haut en dentelle transparente et d&#039;une jupe blanche, capture une allure classique. Plongez dans un r\u00e9cit de service et de s\u00e9duction.<\/p>","protected":false},"featured_media":45957,"template":"","meta":[],"product_brand":[],"product_cat":[974],"product_tag":[980],"class_list":{"0":"post-45949","1":"product","2":"type-product","3":"status-publish","4":"has-post-thumbnail","6":"product_cat-wholesale-sexy-costumes","7":"product_tag-maid-costumes","8":"pa_color-black","9":"pa_size-free","11":"first","12":"instock","13":"taxable","14":"shipping-taxable","15":"purchasable","16":"product-type-variable"},"tiered_pricing_type":"fixed","tiered_pricing_fixed_rules":[],"tiered_pricing_product_settings":{"layout":"default","base_unit_name":{"singular":null,"plural":null},"default_variation":{}},"tiered_pricing_minimum_quantity":null,"tiered_pricing_roles_data":[],"tiered_pricing_percentage_rules":[],"tiered_pricing_maximum_quantity":null,"tiered_pricing_quantity_step":null,"_links":{"self":[{"href":"https:\/\/gretasexylingerie.com\/fr\/wp-json\/wp\/v2\/product\/45949","targetHints":{"allow":["GET"]}}],"collection":[{"href":"https:\/\/gretasexylingerie.com\/fr\/wp-json\/wp\/v2\/product"}],"about":[{"href":"https:\/\/gretasexylingerie.com\/fr\/wp-json\/wp\/v2\/types\/product"}],"wp:featuredmedia":[{"embeddable":true,"href":"https:\/\/gretasexylingerie.com\/fr\/wp-json\/wp\/v2\/media\/45957"}],"wp:attachment":[{"href":"https:\/\/gretasexylingerie.com\/fr\/wp-json\/wp\/v2\/media?parent=45949"}],"wp:term":[{"taxonomy":"product_brand","embeddable":true,"href":"https:\/\/gretasexylingerie.com\/fr\/wp-json\/wp\/v2\/product_brand?post=45949"},{"taxonomy":"product_cat","embeddable":true,"href":"https:\/\/gretasexylingerie.com\/fr\/wp-json\/wp\/v2\/product_cat?post=45949"},{"taxonomy":"product_tag","embeddable":true,"href":"https:\/\/gretasexylingerie.com\/fr\/wp-json\/wp\/v2\/product_tag?post=45949"}],"curies":[{"name":"wp","href":"https:\/\/api.w.org\/{rel}","templated":true}]}}