{"id":45940,"date":"2023-10-20T22:01:16","date_gmt":"2023-10-20T14:01:16","guid":{"rendered":"https:\/\/gretasexylingerie.com\/?post_type=product&#038;p=45940"},"modified":"2023-10-20T22:01:28","modified_gmt":"2023-10-20T14:01:28","slug":"vente-en-gros-tenue-decoliere-a-carreaux-body-en-dentelle-dos-nu","status":"publish","type":"product","link":"https:\/\/gretasexylingerie.com\/fr\/products\/wholesale-plaid-schoolgirl-outfit-halterneck-lace-bodysuit\/","title":{"rendered":"Vente en gros tenue d&#039;\u00e9coli\u00e8re \u00e0 carreaux body en dentelle dos nu"},"content":{"rendered":"<ol class=\"wp-block-list\">\n<li>Cosplay d&#039;\u00e9coli\u00e8re tendance : adoptez l&#039;essence de l&#039;allure jeune avec notre ensemble d&#039;uniforme d&#039;\u00e9tudiant \u00e0 carreaux. Le design capture le charme ludique des th\u00e8mes des \u00e9coli\u00e8res, ce qui en fait un choix id\u00e9al pour ceux qui explorent un r\u00e9cit d&#039;innocence et de s\u00e9duction.<\/li>\n\n\n\n<li>Body sensuel en dentelle dos nu : le body dos nu en dentelle offre un look unique et captivant, ajoutant une touche de sensualit\u00e9 moderne au th\u00e8me classique de l&#039;\u00e9coli\u00e8re. La perspective en V profond assure un attrait remarquable, parfait pour les repr\u00e9sentations nocturnes.<\/li>\n\n\n\n<li>Jupe \u00e0 carreaux classique : la jupe \u00e0 carreaux est une pi\u00e8ce intemporelle, capturant l&#039;essence du look \u00e9coli\u00e8re classique. Associ\u00e9 au body en dentelle, il allie tradition et style contemporain.<\/li>\n\n\n\n<li>Ensemble complet d&#039;accessoires : de la cravate et des lunettes aux bas r\u00e9sille et jarreti\u00e8res \u00e9l\u00e9gants, chaque accessoire de cet ensemble a \u00e9t\u00e9 m\u00e9ticuleusement choisi pour rehausser l&#039;apparence g\u00e9n\u00e9rale, offrant aux clients une exp\u00e9rience de costume compl\u00e8te.<\/li>\n\n\n\n<li>Pr\u00eat pour la vente en gros\u00a0: Con\u00e7u pour la vente en gros, cet ensemble d&#039;uniformes d&#039;\u00e9tudiants \u00e0 carreaux est pr\u00eat \u00e0 devenir l&#039;article le plus vendu de votre collection de vente au d\u00e9tail. C&#039;est plus qu&#039;un simple costume ; il incarne la fantaisie et l&#039;exploration ludique.<\/li>\n<\/ol>\n\n\n\n<p>D\u00e9veloppez votre collection de vente au d\u00e9tail avec notre tenue d&#039;\u00e9coli\u00e8re \u00e0 carreaux en gros, un m\u00e9lange parfait de charme juv\u00e9nile et d&#039;allure de performance nocturne. Plongez dans le monde des tenues d&#039;\u00e9coli\u00e8re \u00e9troites avec cet ensemble imaginatif. Contactez-nous pour toute demande de renseignements sur les grossistes et insufflez une touche de charme et de charisme d&#039;\u00e9coli\u00e8re \u00e0 votre assortiment.<\/p>","protected":false},"excerpt":{"rendered":"<p>D\u00e9voilez un m\u00e9lange d&#039;innocence et d&#039;allure avec notre ensemble d&#039;uniforme \u00e9tudiant \u00e0 carreaux en gros, parfait pour les spectacles nocturnes. Ce body dos nu en dentelle avec une perspective en V profond est associ\u00e9 \u00e0 une jupe \u00e0 carreaux classique. Plongez dans le r\u00e9cit du cosplay d&#039;une \u00e9coli\u00e8re torride avec cet ensemble complet.<\/p>","protected":false},"featured_media":45948,"template":"","meta":[],"product_brand":[],"product_cat":[974],"product_tag":[976],"class_list":{"0":"post-45940","1":"product","2":"type-product","3":"status-publish","4":"has-post-thumbnail","6":"product_cat-wholesale-sexy-costumes","7":"product_tag-schoolgirl-costumes","8":"pa_color-black","9":"pa_size-free","11":"first","12":"instock","13":"taxable","14":"shipping-taxable","15":"purchasable","16":"product-type-variable"},"tiered_pricing_type":"fixed","tiered_pricing_fixed_rules":[],"tiered_pricing_product_settings":{"layout":"default","base_unit_name":{"singular":null,"plural":null},"default_variation":null},"tiered_pricing_minimum_quantity":null,"tiered_pricing_roles_data":[],"tiered_pricing_percentage_rules":[],"tiered_pricing_maximum_quantity":null,"tiered_pricing_quantity_step":null,"_links":{"self":[{"href":"https:\/\/gretasexylingerie.com\/fr\/wp-json\/wp\/v2\/product\/45940","targetHints":{"allow":["GET"]}}],"collection":[{"href":"https:\/\/gretasexylingerie.com\/fr\/wp-json\/wp\/v2\/product"}],"about":[{"href":"https:\/\/gretasexylingerie.com\/fr\/wp-json\/wp\/v2\/types\/product"}],"wp:featuredmedia":[{"embeddable":true,"href":"https:\/\/gretasexylingerie.com\/fr\/wp-json\/wp\/v2\/media\/45948"}],"wp:attachment":[{"href":"https:\/\/gretasexylingerie.com\/fr\/wp-json\/wp\/v2\/media?parent=45940"}],"wp:term":[{"taxonomy":"product_brand","embeddable":true,"href":"https:\/\/gretasexylingerie.com\/fr\/wp-json\/wp\/v2\/product_brand?post=45940"},{"taxonomy":"product_cat","embeddable":true,"href":"https:\/\/gretasexylingerie.com\/fr\/wp-json\/wp\/v2\/product_cat?post=45940"},{"taxonomy":"product_tag","embeddable":true,"href":"https:\/\/gretasexylingerie.com\/fr\/wp-json\/wp\/v2\/product_tag?post=45940"}],"curies":[{"name":"wp","href":"https:\/\/api.w.org\/{rel}","templated":true}]}}