{"id":45931,"date":"2023-10-19T00:08:57","date_gmt":"2023-10-18T16:08:57","guid":{"rendered":"https:\/\/gretasexylingerie.com\/?post_type=product&#038;p=45931"},"modified":"2023-10-19T00:10:23","modified_gmt":"2023-10-18T16:10:23","slug":"vente-en-gros-costume-de-camouflage-de-larmee-dhalloween","status":"publish","type":"product","link":"https:\/\/gretasexylingerie.com\/fr\/products\/wholesale-halloween-army-camouflage-costume\/","title":{"rendered":"Costume de camouflage de l&#039;arm\u00e9e d&#039;Halloween en gros avec maille transparente"},"content":{"rendered":"<ol class=\"wp-block-list\">\n<li>Allure militaire avec une touche sensuelle : le th\u00e8me Army Camouflage capture l&#039;essence de l&#039;allure militaire avec une touche sensuelle, ce qui en fait un choix remarquable pour les amateurs d&#039;Halloween. Le design camouflage assure un attrait durable dans votre collection de vente au d\u00e9tail, invitant \u00e0 un r\u00e9cit de force et de s\u00e9duction.<\/li>\n\n\n\n<li>Design sensuel en maille transparente : la maille transparente offre un look unique et captivant, ajoutant une touche de sensualit\u00e9 moderne au th\u00e8me militaire classique. C&#039;est un excellent choix pour les d\u00e9taillants qui cherchent \u00e0 proposer une gamme vari\u00e9e de v\u00eatements imaginatifs.<\/li>\n\n\n\n<li>Masque pour les yeux brod\u00e9 unique : le masque pour les yeux en su\u00e7on brod\u00e9 de camouflage distingue ce costume, offrant une touche distinctive et rehaussant l&#039;apparence g\u00e9n\u00e9rale.<\/li>\n\n\n\n<li>Ensemble complet d&#039;accessoires : du chapeau et des bas \u00e0 la jupe et culotte \u00e9l\u00e9gantes, chaque accessoire de cet ensemble a \u00e9t\u00e9 m\u00e9ticuleusement choisi pour compl\u00e9ter le look g\u00e9n\u00e9ral, offrant aux clients une exp\u00e9rience de costume compl\u00e8te.<\/li>\n\n\n\n<li>Pr\u00eat pour la vente en gros\u00a0: Con\u00e7u pour la vente en gros, ce costume de camouflage de l&#039;arm\u00e9e est pr\u00eat \u00e0 devenir l&#039;article le plus vendu de votre collection de vente au d\u00e9tail. C&#039;est plus qu&#039;un simple costume ; il incarne la fantaisie et l\u2019exploration faisant autorit\u00e9.<\/li>\n<\/ol>\n\n\n\n<p>D\u00e9veloppez votre collection de vente au d\u00e9tail avec notre costume de camouflage de l&#039;arm\u00e9e en gros, un m\u00e9lange parfait de charme militaire et de festivit\u00e9s d&#039;Halloween. C&#039;est un choix id\u00e9al pour les d\u00e9taillants proposant une gamme de v\u00eatements diversifi\u00e9e et imaginative. Contactez-nous pour toute demande de renseignements en gros et apportez une touche de force et d&#039;allure \u00e0 votre assortiment en cette p\u00e9riode des f\u00eates.<\/p>","protected":false},"excerpt":{"rendered":"<p>Plongez dans l&#039;esprit festif avec notre costume de camouflage militaire en gros pour Halloween. Confectionn\u00e9 en maille transparente et compl\u00e9t\u00e9 par un masque pour les yeux en su\u00e7on brod\u00e9 de camouflage, cet ensemble est un choix de choix pour les d\u00e9taillants souhaitant offrir un m\u00e9lange d&#039;allure militaire et de sensualit\u00e9 contemporaine.<\/p>","protected":false},"featured_media":45936,"template":"","meta":[],"product_brand":[],"product_cat":[974],"product_tag":[978],"class_list":{"0":"post-45931","1":"product","2":"type-product","3":"status-publish","4":"has-post-thumbnail","6":"product_cat-wholesale-sexy-costumes","7":"product_tag-policewoman-costume","8":"pa_color-camouflage","9":"pa_size-free","11":"first","12":"instock","13":"taxable","14":"shipping-taxable","15":"purchasable","16":"product-type-variable"},"tiered_pricing_type":"fixed","tiered_pricing_fixed_rules":[],"tiered_pricing_product_settings":{"layout":"default","base_unit_name":{"singular":null,"plural":null},"default_variation":{}},"tiered_pricing_minimum_quantity":null,"tiered_pricing_roles_data":[],"tiered_pricing_percentage_rules":[],"tiered_pricing_maximum_quantity":null,"tiered_pricing_quantity_step":null,"_links":{"self":[{"href":"https:\/\/gretasexylingerie.com\/fr\/wp-json\/wp\/v2\/product\/45931","targetHints":{"allow":["GET"]}}],"collection":[{"href":"https:\/\/gretasexylingerie.com\/fr\/wp-json\/wp\/v2\/product"}],"about":[{"href":"https:\/\/gretasexylingerie.com\/fr\/wp-json\/wp\/v2\/types\/product"}],"wp:featuredmedia":[{"embeddable":true,"href":"https:\/\/gretasexylingerie.com\/fr\/wp-json\/wp\/v2\/media\/45936"}],"wp:attachment":[{"href":"https:\/\/gretasexylingerie.com\/fr\/wp-json\/wp\/v2\/media?parent=45931"}],"wp:term":[{"taxonomy":"product_brand","embeddable":true,"href":"https:\/\/gretasexylingerie.com\/fr\/wp-json\/wp\/v2\/product_brand?post=45931"},{"taxonomy":"product_cat","embeddable":true,"href":"https:\/\/gretasexylingerie.com\/fr\/wp-json\/wp\/v2\/product_cat?post=45931"},{"taxonomy":"product_tag","embeddable":true,"href":"https:\/\/gretasexylingerie.com\/fr\/wp-json\/wp\/v2\/product_tag?post=45931"}],"curies":[{"name":"wp","href":"https:\/\/api.w.org\/{rel}","templated":true}]}}