{"id":45921,"date":"2023-10-18T23:33:33","date_gmt":"2023-10-18T15:33:33","guid":{"rendered":"https:\/\/gretasexylingerie.com\/?post_type=product&#038;p=45921"},"modified":"2023-10-18T23:34:36","modified_gmt":"2023-10-18T15:34:36","slug":"vente-en-gros-joli-costume-dinfirmiere-rouge-sexy","status":"publish","type":"product","link":"https:\/\/gretasexylingerie.com\/fr\/products\/wholesale-cute-sexy-red-nurse-costume\/","title":{"rendered":"Costume d&#039;infirmi\u00e8re rouge sexy et mignon, vente en gros, pour Halloween Cosplay"},"content":{"rendered":"<ol class=\"wp-block-list\">\n<li>Charme m\u00e9dical festif\u00a0: Le th\u00e8me Sexy Red Nurse capture l&#039;essence de l&#039;attrait m\u00e9dical avec une touche festive, ce qui en fait un choix captivant pour les amateurs d&#039;Halloween. Le design rouge vif assure un attrait durable dans votre collection de vente au d\u00e9tail, invitant \u00e0 un r\u00e9cit de soin et de flirt.<\/li>\n\n\n\n<li>D\u00e9tails \u00e9l\u00e9gants en dentelle blanche : la dentelle transparente blanche des deux c\u00f4t\u00e9s de la jupe couvrant les hanches ajoute une touche d&#039;\u00e9l\u00e9gance et de f\u00e9minit\u00e9 au costume. C&#039;est un excellent choix pour les d\u00e9taillants qui cherchent \u00e0 proposer une gamme vari\u00e9e de v\u00eatements imaginatifs.<\/li>\n\n\n\n<li>Ensemble complet d&#039;accessoires : du bandeau et de l&#039;\u00e9couteur aux gants et tabliers \u00e9l\u00e9gants, chaque accessoire de cet ensemble a \u00e9t\u00e9 m\u00e9ticuleusement choisi pour rehausser l&#039;apparence g\u00e9n\u00e9rale, offrant aux clients une exp\u00e9rience de costume compl\u00e8te.<\/li>\n\n\n\n<li>Artisanat de haute qualit\u00e9 : l&#039;attention port\u00e9e aux d\u00e9tails est \u00e9vidente dans tous les aspects de ce costume, de l&#039;utilisation de mat\u00e9riaux de haute qualit\u00e9 aux bas r\u00e9sille et aux bretelles, garantissant un ajustement confortable et une finition polie.<\/li>\n\n\n\n<li>Pr\u00eat pour la vente en gros\u00a0: Con\u00e7u pour la vente en gros, ce costume d&#039;infirmi\u00e8re rouge sexy est pr\u00eat \u00e0 devenir l&#039;article le plus vendu de votre collection de vente au d\u00e9tail. C&#039;est plus qu&#039;un simple costume ; il incarne la fantaisie et l&#039;exploration ludique.<\/li>\n<\/ol>\n\n\n\n<p>D\u00e9veloppez votre collection de vente au d\u00e9tail avec notre costume d&#039;infirmi\u00e8re rouge sexy en gros, un m\u00e9lange parfait de charme m\u00e9dical et de f\u00eate d&#039;Halloween. C&#039;est un choix id\u00e9al pour les d\u00e9taillants proposant une gamme de v\u00eatements diversifi\u00e9e et imaginative. Contactez-nous pour toute demande de renseignements sur les grossistes et insufflez une dose de soin et d&#039;allure \u00e0 votre assortiment en cette p\u00e9riode des f\u00eates.<\/p>","protected":false},"excerpt":{"rendered":"<p>Adoptez l&#039;allure festive avec notre costume d&#039;infirmi\u00e8re rouge sexy en gros pour Halloween. Dot\u00e9 d&#039;une jupe couvrant les hanches orn\u00e9e de dentelle transparente blanche, cet ensemble est compl\u00e9t\u00e9 par une gamme d&#039;accessoires assortis. Un choix privil\u00e9gi\u00e9 pour les d\u00e9taillants souhaitant offrir un m\u00e9lange de charme m\u00e9dical et de sensualit\u00e9 ludique.<\/p>","protected":false},"featured_media":45929,"template":"","meta":[],"product_brand":[],"product_cat":[974],"product_tag":[984,989],"class_list":{"0":"post-45921","1":"product","2":"type-product","3":"status-publish","4":"has-post-thumbnail","6":"product_cat-wholesale-sexy-costumes","7":"product_tag-halloween-costumes","8":"product_tag-nurse-costume","9":"pa_color-red-women-sexy-lingerie","10":"pa_size-free","12":"first","13":"instock","14":"taxable","15":"shipping-taxable","16":"purchasable","17":"product-type-variable"},"tiered_pricing_type":"fixed","tiered_pricing_fixed_rules":[],"tiered_pricing_product_settings":{"layout":"default","base_unit_name":{"singular":null,"plural":null},"default_variation":{}},"tiered_pricing_minimum_quantity":null,"tiered_pricing_roles_data":[],"tiered_pricing_percentage_rules":[],"tiered_pricing_maximum_quantity":null,"tiered_pricing_quantity_step":null,"_links":{"self":[{"href":"https:\/\/gretasexylingerie.com\/fr\/wp-json\/wp\/v2\/product\/45921","targetHints":{"allow":["GET"]}}],"collection":[{"href":"https:\/\/gretasexylingerie.com\/fr\/wp-json\/wp\/v2\/product"}],"about":[{"href":"https:\/\/gretasexylingerie.com\/fr\/wp-json\/wp\/v2\/types\/product"}],"wp:featuredmedia":[{"embeddable":true,"href":"https:\/\/gretasexylingerie.com\/fr\/wp-json\/wp\/v2\/media\/45929"}],"wp:attachment":[{"href":"https:\/\/gretasexylingerie.com\/fr\/wp-json\/wp\/v2\/media?parent=45921"}],"wp:term":[{"taxonomy":"product_brand","embeddable":true,"href":"https:\/\/gretasexylingerie.com\/fr\/wp-json\/wp\/v2\/product_brand?post=45921"},{"taxonomy":"product_cat","embeddable":true,"href":"https:\/\/gretasexylingerie.com\/fr\/wp-json\/wp\/v2\/product_cat?post=45921"},{"taxonomy":"product_tag","embeddable":true,"href":"https:\/\/gretasexylingerie.com\/fr\/wp-json\/wp\/v2\/product_tag?post=45921"}],"curies":[{"name":"wp","href":"https:\/\/api.w.org\/{rel}","templated":true}]}}